{"id":9508,"date":"2020-05-07T08:09:38","date_gmt":"2020-05-07T08:09:38","guid":{"rendered":"https:\/\/octobris.es\/familia-muntanya\/"},"modified":"2020-09-01T13:57:39","modified_gmt":"2020-09-01T11:57:39","slug":"familia-muntanya","status":"publish","type":"page","link":"https:\/\/octobris.es\/de\/familia-muntanya\/","title":{"rendered":"Familia Muntanya"},"content":{"rendered":"<div class=\"wpb-content-wrapper\"><p>[vc_row full_width=&#8221;stretch_row&#8221; css=&#8221;.vc_custom_1590659080615{background-image: url(https:\/\/octobris.es\/wp-content\/uploads\/2020\/05\/octobris-cabecera-familia-01-1.jpg?id=8602) !important;background-position: center !important;background-repeat: no-repeat !important;background-size: cover !important;}&#8221;][vc_column css=&#8221;.vc_custom_1588667624523{padding-top: 50px !important;padding-bottom: 50px !important;}&#8221;][vc_column_text]<\/p>\n<h1 style=\"color: #ffffff; text-align: center;\">Familia Muntanya<\/h1>\n<p>[\/vc_column_text][\/vc_column][\/vc_row][vc_section el_id=&#8221;post-home&#8221; css=&#8221;.vc_custom_1590398043593{margin-top: 0px !important;margin-bottom: 0px !important;}&#8221;][vc_row el_class=&#8221;post-right&#8221; css=&#8221;.vc_custom_1589440697093{margin-bottom: 0px !important;}&#8221;][vc_column width=&#8221;1\/2&#8243; el_class=&#8221;post-home-content&#8221;][vc_column_text]<\/p>\n<div class=\"text-div-h5\">\n<h3 class=\"text_description_title\"><span class=\"bg-heading\">La Canyada<\/span><\/h3>\n<p><strong>Alicante<\/strong> ist weltweit bekannt f\u00fcr seine Str\u00e4nde an der Costa Blanca im S\u00fcden Spaniens. Aber nur wenige wissen, dass <strong>La Canyada<\/strong> im Hinterland, gesch\u00fctzt von seinen riesigen Bergen, versteckt ist, eine kleine Stadt mit einem der besten Gebiete und Bedingungen f\u00fcr den Anbau von Olivenb\u00e4umen, unter der unendlichen Sonne des Mittelmeers, dem kalten Winter und dem trockenen Sommer<\/p>\n<\/div>\n<p>[\/vc_column_text][\/vc_column][vc_column width=&#8221;1\/2&#8243;]\t\t<div class=\"ftc-smooth-image smooth-image ftc-smooth\">\r\n\t\t\t\t\t\t\t\t<img decoding=\"async\" width=\"470\" height=\"470\" src=\"https:\/\/octobris.es\/wp-content\/uploads\/2020\/05\/octobris-mapa-2.png\" class=\"img\" alt=\"\" srcset=\"https:\/\/octobris.es\/wp-content\/uploads\/2020\/05\/octobris-mapa-2.png 470w, https:\/\/octobris.es\/wp-content\/uploads\/2020\/05\/octobris-mapa-2-300x300.png 300w, https:\/\/octobris.es\/wp-content\/uploads\/2020\/05\/octobris-mapa-2-150x150.png 150w, https:\/\/octobris.es\/wp-content\/uploads\/2020\/05\/octobris-mapa-2-100x100.png 100w\" sizes=\"(max-width: 470px) 100vw, 470px\" \/>\t\t\t\t\t\t\t<\/div>\r\n\t\t\t[\/vc_column][\/vc_row][vc_row full_width=&#8221;stretch_row&#8221; css=&#8221;.vc_custom_1589440746517{background: #f2f4f3 url(http:\/\/octobris.es\/wp-content\/uploads\/2020\/05\/back-2.jpg?id=7136) !important;background-position: 0 0 !important;background-repeat: no-repeat !important;}&#8221;][vc_column][vc_empty_space height=&#8221;80&#8243;][vc_column_text]<div class=\"carousel-slider-outer carousel-slider-outer-image-carousel carousel-slider-outer-8196\" style=\"--carousel-slider-nav-color:#b7bf10;--carousel-slider-active-nav-color:#cccccc;--carousel-slider-arrow-size:48px;--carousel-slider-bullet-size:10px\">\n<div id=\"&#039;id-8196\" class=\"carousel-slider carousel-slider-8196 arrows-visibility-never dots-visibility-never arrows-outside dots-center dots-square owl-carousel\" data-slide-type=\"image-carousel\" data-owl-settings='{\"nav\":false,\"dots\":false,\"slideBy\":1,\"stagePadding\":0,\"margin\":20,\"loop\":true,\"lazyLoad\":true,\"autoplay\":true,\"autoplayTimeout\":3000,\"autoplaySpeed\":500,\"autoplayHoverPause\":true,\"autoWidth\":false,\"responsive\":{\"300\":{\"items\":1},\"576\":{\"items\":2},\"768\":{\"items\":2},\"1024\":{\"items\":3},\"1280\":{\"items\":4},\"1536\":{\"items\":5}}}'>\n<div class=\"carousel-slider__item\">\n\t<a class=\"magnific-popup\" href=\"https:\/\/octobris.es\/wp-content\/uploads\/2020\/05\/pueblo-57.jpg\" data-width=\"800\" data-height=\"600\"><img class=\"owl-lazy\" data-src=\"https:\/\/octobris.es\/wp-content\/uploads\/2020\/05\/pueblo-57-300x225.jpg\" alt=\"fotos tradici\u00f3n octobris\"><div class=\"carousel-slider__caption\"><p class=\"caption\"><\/p><\/div><\/a><\/div>\n\n<div class=\"carousel-slider__item\">\n\t<a class=\"magnific-popup\" href=\"https:\/\/octobris.es\/wp-content\/uploads\/2020\/05\/pueblo-4.jpg\" data-width=\"800\" data-height=\"600\"><img class=\"owl-lazy\" data-src=\"https:\/\/octobris.es\/wp-content\/uploads\/2020\/05\/pueblo-4-300x225.jpg\" alt=\"fotos pueblo octobris\"><div class=\"carousel-slider__caption\"><p class=\"caption\"><\/p><\/div><\/a><\/div>\n\n<div class=\"carousel-slider__item\">\n\t<a class=\"magnific-popup\" href=\"https:\/\/octobris.es\/wp-content\/uploads\/2020\/05\/pueblo-2.jpg\" data-width=\"800\" data-height=\"600\"><img class=\"owl-lazy\" data-src=\"https:\/\/octobris.es\/wp-content\/uploads\/2020\/05\/pueblo-2-300x225.jpg\" alt=\"fotos pueblo octobris\"><div class=\"carousel-slider__caption\"><p class=\"caption\"><\/p><\/div><\/a><\/div>\n\n<div class=\"carousel-slider__item\">\n\t<a class=\"magnific-popup\" href=\"https:\/\/octobris.es\/wp-content\/uploads\/2020\/05\/pueblo-5.jpg\" data-width=\"800\" data-height=\"600\"><img class=\"owl-lazy\" data-src=\"https:\/\/octobris.es\/wp-content\/uploads\/2020\/05\/pueblo-5-300x225.jpg\" alt=\"campo de olivos pueblo\"><div class=\"carousel-slider__caption\"><p class=\"caption\"><\/p><\/div><\/a><\/div>\n\n<div class=\"carousel-slider__item\">\n\t<a class=\"magnific-popup\" href=\"https:\/\/octobris.es\/wp-content\/uploads\/2020\/05\/pueblo-7.jpg\" data-width=\"800\" data-height=\"600\"><img class=\"owl-lazy\" data-src=\"https:\/\/octobris.es\/wp-content\/uploads\/2020\/05\/pueblo-7-300x225.jpg\" alt=\"campo de olivos pueblo\"><div class=\"carousel-slider__caption\"><p class=\"caption\"><\/p><\/div><\/a><\/div>\n\n<div class=\"carousel-slider__item\">\n\t<a class=\"magnific-popup\" href=\"https:\/\/octobris.es\/wp-content\/uploads\/2020\/05\/pueblo-8.jpg\" data-width=\"800\" data-height=\"600\"><img class=\"owl-lazy\" data-src=\"https:\/\/octobris.es\/wp-content\/uploads\/2020\/05\/pueblo-8-300x225.jpg\" alt=\"campo flores pueblo\"><div class=\"carousel-slider__caption\"><p class=\"caption\"><\/p><\/div><\/a><\/div>\n\n<div class=\"carousel-slider__item\">\n\t<a class=\"magnific-popup\" href=\"https:\/\/octobris.es\/wp-content\/uploads\/2020\/05\/pueblo-6.jpg\" data-width=\"800\" data-height=\"600\"><img class=\"owl-lazy\" data-src=\"https:\/\/octobris.es\/wp-content\/uploads\/2020\/05\/pueblo-6-300x225.jpg\" alt=\"campo de olivos pueblo\"><div class=\"carousel-slider__caption\"><p class=\"caption\"><\/p><\/div><\/a><\/div>\n\n<\/div><!-- .carousel-slider-8196 -->\n<\/div><!-- .carousel-slider-outer-8196 -->\n[\/vc_column_text][vc_empty_space height=&#8221;60px&#8221;][\/vc_column][\/vc_row][vc_row el_class=&#8221;post-left&#8221;][vc_column width=&#8221;1\/2&#8243;][vc_single_image image=&#8221;8280&#8243; img_size=&#8221;full&#8221; alignment=&#8221;center&#8221;][vc_single_image image=&#8221;8207&#8243; img_size=&#8221;full&#8221; alignment=&#8221;center&#8221;][\/vc_column][vc_column width=&#8221;1\/2&#8243; el_class=&#8221;post-home-content&#8221; css=&#8221;.vc_custom_1588086547877{padding-top: 60px !important;}&#8221;][vc_column_text]<\/p>\n<div class=\"text-div-h5\">\n<h3 class=\"text_description_title\"><span class=\"bg-heading\">Die Muntanya-Familie<\/span><\/h3>\n<p>In diesem Ort, La Canyada, im Hinterland von Alicante lebt eine Familie, &#8220;<strong>los Muntanya<\/strong>\u201c (&#8220;los Monta\u00f1a\u201c), die seit mehr als f\u00fcnf Generationen eines der besten Oliven\u00f6le der Welt produziert.<\/p>\n<p>Die Familie Muntanya beginnt mit Miguel Mart\u00ednez Molina, der im Dorf den Spitznamen Cabeso erhielt. Die Liebe zu den Olivenhainen kam von seinem Gro\u00dfvater Alonso.<\/p>\n<p>Cabeso bedeutet in valencianischen Dialekt &#8220;hartn\u00e4ckig, stur&#8221; und, weil Gro\u00dfvater Miguel in seinen Entscheidungen, Meinungen und Handlungen hartn\u00e4ckig war, erhielt er diesen Spitznamen. Aber Cabezo bedeutet auf Hochspanisch &#8220;Cerro alto. Gipfel eines Berges. eines kleinen und einsamen&#8221;. Als Miguel seinen Sohn Vicente hatte, leitet sich der Name von dieser zweiten Bedeutung von &#8220;Cerro alto&#8221; ab. Der Sohn des Cabezo, dann &#8220;Muntanya&#8221; (auf Spanisch monta\u00f1a) und seitdem sind wir in der Stadt als La Familia Muntanya bekannt.<\/p>\n<p>Gro\u00dfvater Miguel verlie\u00df uns kurz vor dem 103. Geburtstag, ohne eine einzige Pille einzunehmen. Sein Geheimnis lag darin jeden Tag spazieren zu gehen und mit Freunden zu plaudern, viel Obst, Gem\u00fcse, Brot zu essen und viel natives Bio-Oliven\u00f6l extra zu trinken. sowohl pur als auch in allen Mahlzeiten.<\/p>\n<p>Er hat uns verlassen, doch die Gespr\u00e4che mit ihm sind in unserer Erinnerung geblieben. Es gab so viele Informationen und Botschaften, dass es notwendig war, sie reifen zu lassen, gr\u00fcndlich nachzudenken, viele Dinge zu analysieren, zu lesen und zu reflektieren, dies alles langsam in unseren K\u00f6pfen und Herzen wachsen zu lassen, um schlie\u00dflich das Projekt Familia Muntanya und seine Produktlinie Octobris-\u00d6le entstehen zu lassen.<\/p>\n<p>Das OCTOBRIS-Projekt erinnert an Gro\u00dfvater Miguel, seine Vorfahren und alle Generationen der Bewohner von La Canyada, die uns zu dem gemacht haben, was wir sind, und daran, dass wir die Traditionen, den Charakter und die Pers\u00f6nlichkeit entwickeln konnten, die wir nun haben. Daf\u00fcr steht OCTOBRIS.<\/p>\n<\/div>\n<p>[\/vc_column_text][\/vc_column][\/vc_row][vc_row full_width=&#8221;stretch_row&#8221;][vc_column][vc_column_text]<div class=\"carousel-slider-outer carousel-slider-outer-image-carousel carousel-slider-outer-8212\" style=\"--carousel-slider-nav-color:#b7bf10;--carousel-slider-active-nav-color:#cccccc;--carousel-slider-arrow-size:48px;--carousel-slider-bullet-size:10px\">\n<div id=\"&#039;id-8212\" class=\"carousel-slider carousel-slider-8212 arrows-visibility-never dots-visibility-never arrows-outside dots-center dots-square owl-carousel\" data-slide-type=\"image-carousel\" data-owl-settings='{\"nav\":false,\"dots\":false,\"slideBy\":1,\"stagePadding\":0,\"margin\":20,\"loop\":true,\"lazyLoad\":true,\"autoplay\":true,\"autoplayTimeout\":3000,\"autoplaySpeed\":500,\"autoplayHoverPause\":true,\"autoWidth\":false,\"responsive\":{\"300\":{\"items\":1},\"576\":{\"items\":2},\"768\":{\"items\":2},\"1024\":{\"items\":3},\"1280\":{\"items\":4},\"1536\":{\"items\":5}}}'>\n<div class=\"carousel-slider__item\">\n\t<a class=\"magnific-popup\" href=\"https:\/\/octobris.es\/wp-content\/uploads\/2020\/05\/familia-muntanya-6.jpg\" data-width=\"800\" data-height=\"600\"><img class=\"owl-lazy\" data-src=\"https:\/\/octobris.es\/wp-content\/uploads\/2020\/05\/familia-muntanya-6-300x225.jpg\" alt=\"fotos familia octobris\"><div class=\"carousel-slider__caption\"><p class=\"caption\"><\/p><\/div><\/a><\/div>\n\n<div class=\"carousel-slider__item\">\n\t<a class=\"magnific-popup\" href=\"https:\/\/octobris.es\/wp-content\/uploads\/2020\/05\/familia-muntanya-5.jpg\" data-width=\"800\" data-height=\"600\"><img class=\"owl-lazy\" data-src=\"https:\/\/octobris.es\/wp-content\/uploads\/2020\/05\/familia-muntanya-5-300x225.jpg\" alt=\"fotos familia muntanya\"><div class=\"carousel-slider__caption\"><p class=\"caption\"><\/p><\/div><\/a><\/div>\n\n<div class=\"carousel-slider__item\">\n\t<a class=\"magnific-popup\" href=\"https:\/\/octobris.es\/wp-content\/uploads\/2020\/05\/familia-muntanya-4.jpg\" data-width=\"800\" data-height=\"600\"><img class=\"owl-lazy\" data-src=\"https:\/\/octobris.es\/wp-content\/uploads\/2020\/05\/familia-muntanya-4-300x225.jpg\" alt=\"fotos familia muntanya\"><div class=\"carousel-slider__caption\"><p class=\"caption\"><\/p><\/div><\/a><\/div>\n\n<div class=\"carousel-slider__item\">\n\t<a class=\"magnific-popup\" href=\"https:\/\/octobris.es\/wp-content\/uploads\/2020\/05\/familia-muntanya-7.jpg\" data-width=\"800\" data-height=\"600\"><img class=\"owl-lazy\" data-src=\"https:\/\/octobris.es\/wp-content\/uploads\/2020\/05\/familia-muntanya-7-300x225.jpg\" alt=\"fotos familia muntanya\"><div class=\"carousel-slider__caption\"><p class=\"caption\"><\/p><\/div><\/a><\/div>\n\n<div class=\"carousel-slider__item\">\n\t<a class=\"magnific-popup\" href=\"https:\/\/octobris.es\/wp-content\/uploads\/2020\/05\/familia-muntanya-8.jpg\" data-width=\"800\" data-height=\"600\"><img class=\"owl-lazy\" data-src=\"https:\/\/octobris.es\/wp-content\/uploads\/2020\/05\/familia-muntanya-8-300x225.jpg\" alt=\"fotos familia muntanya\"><div class=\"carousel-slider__caption\"><p class=\"caption\"><\/p><\/div><\/a><\/div>\n\n<div class=\"carousel-slider__item\">\n\t<a class=\"magnific-popup\" href=\"https:\/\/octobris.es\/wp-content\/uploads\/2020\/05\/familia-muntanya-1-1.jpg\" data-width=\"800\" data-height=\"600\"><img class=\"owl-lazy\" data-src=\"https:\/\/octobris.es\/wp-content\/uploads\/2020\/05\/familia-muntanya-1-1-300x225.jpg\" alt=\"fotos familia octobris\"><div class=\"carousel-slider__caption\"><p class=\"caption\"><\/p><\/div><\/a><\/div>\n\n<div class=\"carousel-slider__item\">\n\t<a class=\"magnific-popup\" href=\"https:\/\/octobris.es\/wp-content\/uploads\/2020\/05\/familia-muntanya-2-1.jpg\" data-width=\"800\" data-height=\"600\"><img class=\"owl-lazy\" data-src=\"https:\/\/octobris.es\/wp-content\/uploads\/2020\/05\/familia-muntanya-2-1-300x225.jpg\" alt=\"fotos familia octobris\"><div class=\"carousel-slider__caption\"><p class=\"caption\"><\/p><\/div><\/a><\/div>\n\n<div class=\"carousel-slider__item\">\n\t<a class=\"magnific-popup\" href=\"https:\/\/octobris.es\/wp-content\/uploads\/2020\/05\/tradicion-actual1.jpg\" data-width=\"800\" data-height=\"600\"><img class=\"owl-lazy\" data-src=\"https:\/\/octobris.es\/wp-content\/uploads\/2020\/05\/tradicion-actual1-300x225.jpg\" alt=\"octobris familia muntanya\"><div class=\"carousel-slider__caption\"><p class=\"caption\"><\/p><\/div><\/a><\/div>\n\n<div class=\"carousel-slider__item\">\n\t<a class=\"magnific-popup\" href=\"https:\/\/octobris.es\/wp-content\/uploads\/2020\/05\/tradicion-actual.jpg\" data-width=\"800\" data-height=\"600\"><img class=\"owl-lazy\" data-src=\"https:\/\/octobris.es\/wp-content\/uploads\/2020\/05\/tradicion-actual-300x225.jpg\" alt=\"octobris fotos familia\"><div class=\"carousel-slider__caption\"><p class=\"caption\"><\/p><\/div><\/a><\/div>\n\n<\/div><!-- .carousel-slider-8212 -->\n<\/div><!-- .carousel-slider-outer-8212 -->\n[\/vc_column_text][\/vc_column][\/vc_row][\/vc_section][vc_section el_class=&#8221;post-home post-h7&#8243; el_id=&#8221;post-home&#8221;][vc_row el_class=&#8221;post-left&#8221;][vc_column width=&#8221;1\/2&#8243; el_class=&#8221;post-home-img&#8221;]\t\t<div class=\"ftc-smooth-image smooth-image ftc-smooth\">\r\n\t\t\t\t\t\t\t\t<img decoding=\"async\" width=\"470\" height=\"470\" src=\"https:\/\/octobris.es\/wp-content\/uploads\/2020\/05\/secreto-aceite.jpg\" class=\"img\" alt=\"el secreto aceite\" srcset=\"https:\/\/octobris.es\/wp-content\/uploads\/2020\/05\/secreto-aceite.jpg 470w, https:\/\/octobris.es\/wp-content\/uploads\/2020\/05\/secreto-aceite-300x300.jpg 300w, https:\/\/octobris.es\/wp-content\/uploads\/2020\/05\/secreto-aceite-100x100.jpg 100w, https:\/\/octobris.es\/wp-content\/uploads\/2020\/05\/secreto-aceite-150x150.jpg 150w\" sizes=\"(max-width: 470px) 100vw, 470px\" \/>\t\t\t\t\t\t\t<\/div>\r\n\t\t\t[vc_column_text]<\/p>\n<div class=\"color-home\">table color<\/div>\n<p>[\/vc_column_text][\/vc_column][vc_column width=&#8221;1\/2&#8243; el_class=&#8221;post-home-content&#8221; css=&#8221;.vc_custom_1588086547877{padding-top: 60px !important;}&#8221;][vc_column_text]<\/p>\n<div class=\"text-div-h5\">\n<h3 class=\"text_description_title\"><span class=\"bg-heading\">Das Geheimnis<\/span><\/h3>\n<p>Entdecken Sie das Geheimnis der <strong>Familie Muntanya<\/strong>. der wahre Geschmack des nativen <strong>Bio-Oliven\u00f6ls OCTOBRIS Premium von Alicante<\/strong>, die Eigenschaften, die es von anderen \u00d6len unterscheiden, seine Kombination mit Originalgerichten der Mittelmeerdi\u00e4t &#8230; Helfen Sie uns, sein Erbe zu sch\u00e4tzen; den alten Pflanzungen zu vertrauen, Respekt vor der Natur zu haben und das Vergn\u00fcgen an einfachen, aber gut gemachten Dingen zu teilen..<\/p>\n<\/div>\n<p>[\/vc_column_text][\/vc_column][\/vc_row][\/vc_section]<\/p>\n<\/div>","protected":false},"excerpt":{"rendered":"<p>[vc_row full_width=&#8221;stretch_row&#8221; css=&#8221;.vc_custom_1590659080615{background-image: url(https:\/\/octobris.es\/wp-content\/uploads\/2020\/05\/octobris-cabecera-familia-01-1.jpg?id=8602) !important;background-position: center !important;background-repeat: no-repeat !important;background-size: cover !important;}&#8221;][vc_column css=&#8221;.vc_custom_1588667624523{padding-top: 50px !important;padding-bottom: 50px !important;}&#8221;][vc_column_text] Familia Muntanya [\/vc_column_text][\/vc_column][\/vc_row][vc_section el_id=&#8221;post-home&#8221; css=&#8221;.vc_custom_1590398043593{margin-top: 0px !important;margin-bottom: 0px !important;}&#8221;][vc_row el_class=&#8221;post-right&#8221; css=&#8221;.vc_custom_1589440697093{margin-bottom: 0px !important;}&#8221;][vc_column width=&#8221;1\/2&#8243; el_class=&#8221;post-home-content&#8221;][vc_column_text] La Canyada Alicante ist weltweit bekannt f\u00fcr seine Str\u00e4nde an der Costa Blanca im S\u00fcden Spaniens. Aber nur wenige wissen, dass La Canyada im [&hellip;]<\/p>\n","protected":false},"author":5,"featured_media":0,"parent":0,"menu_order":0,"comment_status":"closed","ping_status":"closed","template":"","meta":{"footnotes":""},"class_list":["post-9508","page","type-page","status-publish","hentry"],"yoast_head":"<!-- This site is optimized with the Yoast SEO plugin v27.3 - https:\/\/yoast.com\/product\/yoast-seo-wordpress\/ -->\n<title>Familia Muntanya productores de AOVE ecol\u00f3gico - OCTOBRIS<\/title>\n<meta name=\"description\" content=\"Familia Muntanya, cinco generaciones de tradici\u00f3n olivar en La Canyada (Alicante). Productores de Aceite de Oliva Virgen Extra Ecol\u00f3gico Premium.\" \/>\n<meta name=\"robots\" content=\"index, follow, max-snippet:-1, max-image-preview:large, max-video-preview:-1\" \/>\n<link rel=\"canonical\" href=\"https:\/\/octobris.es\/de\/familia-muntanya\/\" \/>\n<meta property=\"og:locale\" content=\"de_DE\" \/>\n<meta property=\"og:type\" content=\"article\" \/>\n<meta property=\"og:title\" content=\"Familia Muntanya productores de AOVE ecol\u00f3gico - OCTOBRIS\" \/>\n<meta property=\"og:description\" content=\"Familia Muntanya, cinco generaciones de tradici\u00f3n olivar en La Canyada (Alicante). Productores de Aceite de Oliva Virgen Extra Ecol\u00f3gico Premium.\" \/>\n<meta property=\"og:url\" content=\"https:\/\/octobris.es\/de\/familia-muntanya\/\" \/>\n<meta property=\"og:site_name\" content=\"Octobris\" \/>\n<meta property=\"article:publisher\" content=\"https:\/\/www.facebook.com\/AceiteOctobris\/\" \/>\n<meta property=\"article:modified_time\" content=\"2020-09-01T11:57:39+00:00\" \/>\n<meta name=\"twitter:card\" content=\"summary_large_image\" \/>\n<meta name=\"twitter:label1\" content=\"Gesch\u00e4tzte Lesezeit\" \/>\n\t<meta name=\"twitter:data1\" content=\"4\u00a0Minuten\" \/>\n<script type=\"application\/ld+json\" class=\"yoast-schema-graph\">{\"@context\":\"https:\\\/\\\/schema.org\",\"@graph\":[{\"@type\":\"WebPage\",\"@id\":\"https:\\\/\\\/octobris.es\\\/de\\\/familia-muntanya\\\/\",\"url\":\"https:\\\/\\\/octobris.es\\\/de\\\/familia-muntanya\\\/\",\"name\":\"Familia Muntanya productores de AOVE ecol\u00f3gico - OCTOBRIS\",\"isPartOf\":{\"@id\":\"https:\\\/\\\/octobris.es\\\/#website\"},\"datePublished\":\"2020-05-07T08:09:38+00:00\",\"dateModified\":\"2020-09-01T11:57:39+00:00\",\"description\":\"Familia Muntanya, cinco generaciones de tradici\u00f3n olivar en La Canyada (Alicante). Productores de Aceite de Oliva Virgen Extra Ecol\u00f3gico Premium.\",\"breadcrumb\":{\"@id\":\"https:\\\/\\\/octobris.es\\\/de\\\/familia-muntanya\\\/#breadcrumb\"},\"inLanguage\":\"de\",\"potentialAction\":[{\"@type\":\"ReadAction\",\"target\":[\"https:\\\/\\\/octobris.es\\\/de\\\/familia-muntanya\\\/\"]}]},{\"@type\":\"BreadcrumbList\",\"@id\":\"https:\\\/\\\/octobris.es\\\/de\\\/familia-muntanya\\\/#breadcrumb\",\"itemListElement\":[{\"@type\":\"ListItem\",\"position\":1,\"name\":\"Portada\",\"item\":\"https:\\\/\\\/octobris.es\\\/de\\\/\"},{\"@type\":\"ListItem\",\"position\":2,\"name\":\"Familia Muntanya\"}]},{\"@type\":\"WebSite\",\"@id\":\"https:\\\/\\\/octobris.es\\\/#website\",\"url\":\"https:\\\/\\\/octobris.es\\\/\",\"name\":\"Octobris\",\"description\":\"Aceite de Oliva Virgen Extra Premium\",\"publisher\":{\"@id\":\"https:\\\/\\\/octobris.es\\\/#organization\"},\"potentialAction\":[{\"@type\":\"SearchAction\",\"target\":{\"@type\":\"EntryPoint\",\"urlTemplate\":\"https:\\\/\\\/octobris.es\\\/?s={search_term_string}\"},\"query-input\":{\"@type\":\"PropertyValueSpecification\",\"valueRequired\":true,\"valueName\":\"search_term_string\"}}],\"inLanguage\":\"de\"},{\"@type\":\"Organization\",\"@id\":\"https:\\\/\\\/octobris.es\\\/#organization\",\"name\":\"ACEITES MONTA\u00d1A, S.L.\",\"url\":\"https:\\\/\\\/octobris.es\\\/\",\"logo\":{\"@type\":\"ImageObject\",\"inLanguage\":\"de\",\"@id\":\"https:\\\/\\\/octobris.es\\\/#\\\/schema\\\/logo\\\/image\\\/\",\"url\":\"https:\\\/\\\/octobris.es\\\/wp-content\\\/uploads\\\/2020\\\/04\\\/cropped-logo-octobris-1.png\",\"contentUrl\":\"https:\\\/\\\/octobris.es\\\/wp-content\\\/uploads\\\/2020\\\/04\\\/cropped-logo-octobris-1.png\",\"width\":198,\"height\":250,\"caption\":\"ACEITES MONTA\u00d1A, S.L.\"},\"image\":{\"@id\":\"https:\\\/\\\/octobris.es\\\/#\\\/schema\\\/logo\\\/image\\\/\"},\"sameAs\":[\"https:\\\/\\\/www.facebook.com\\\/AceiteOctobris\\\/\",\"https:\\\/\\\/www.instagram.com\\\/aceiteoctobris\\\/\",\"https:\\\/\\\/www.youtube.com\\\/channel\\\/UCwyOuF_TcMFvtjEAkfdHZRA\",\"https:\\\/\\\/www.linkedin.com\\\/company\\\/aceite-octobris\"]}]}<\/script>\n<!-- \/ Yoast SEO plugin. -->","yoast_head_json":{"title":"Familia Muntanya productores de AOVE ecol\u00f3gico - OCTOBRIS","description":"Familia Muntanya, cinco generaciones de tradici\u00f3n olivar en La Canyada (Alicante). Productores de Aceite de Oliva Virgen Extra Ecol\u00f3gico Premium.","robots":{"index":"index","follow":"follow","max-snippet":"max-snippet:-1","max-image-preview":"max-image-preview:large","max-video-preview":"max-video-preview:-1"},"canonical":"https:\/\/octobris.es\/de\/familia-muntanya\/","og_locale":"de_DE","og_type":"article","og_title":"Familia Muntanya productores de AOVE ecol\u00f3gico - OCTOBRIS","og_description":"Familia Muntanya, cinco generaciones de tradici\u00f3n olivar en La Canyada (Alicante). Productores de Aceite de Oliva Virgen Extra Ecol\u00f3gico Premium.","og_url":"https:\/\/octobris.es\/de\/familia-muntanya\/","og_site_name":"Octobris","article_publisher":"https:\/\/www.facebook.com\/AceiteOctobris\/","article_modified_time":"2020-09-01T11:57:39+00:00","twitter_card":"summary_large_image","twitter_misc":{"Gesch\u00e4tzte Lesezeit":"4\u00a0Minuten"},"schema":{"@context":"https:\/\/schema.org","@graph":[{"@type":"WebPage","@id":"https:\/\/octobris.es\/de\/familia-muntanya\/","url":"https:\/\/octobris.es\/de\/familia-muntanya\/","name":"Familia Muntanya productores de AOVE ecol\u00f3gico - OCTOBRIS","isPartOf":{"@id":"https:\/\/octobris.es\/#website"},"datePublished":"2020-05-07T08:09:38+00:00","dateModified":"2020-09-01T11:57:39+00:00","description":"Familia Muntanya, cinco generaciones de tradici\u00f3n olivar en La Canyada (Alicante). Productores de Aceite de Oliva Virgen Extra Ecol\u00f3gico Premium.","breadcrumb":{"@id":"https:\/\/octobris.es\/de\/familia-muntanya\/#breadcrumb"},"inLanguage":"de","potentialAction":[{"@type":"ReadAction","target":["https:\/\/octobris.es\/de\/familia-muntanya\/"]}]},{"@type":"BreadcrumbList","@id":"https:\/\/octobris.es\/de\/familia-muntanya\/#breadcrumb","itemListElement":[{"@type":"ListItem","position":1,"name":"Portada","item":"https:\/\/octobris.es\/de\/"},{"@type":"ListItem","position":2,"name":"Familia Muntanya"}]},{"@type":"WebSite","@id":"https:\/\/octobris.es\/#website","url":"https:\/\/octobris.es\/","name":"Octobris","description":"Aceite de Oliva Virgen Extra Premium","publisher":{"@id":"https:\/\/octobris.es\/#organization"},"potentialAction":[{"@type":"SearchAction","target":{"@type":"EntryPoint","urlTemplate":"https:\/\/octobris.es\/?s={search_term_string}"},"query-input":{"@type":"PropertyValueSpecification","valueRequired":true,"valueName":"search_term_string"}}],"inLanguage":"de"},{"@type":"Organization","@id":"https:\/\/octobris.es\/#organization","name":"ACEITES MONTA\u00d1A, S.L.","url":"https:\/\/octobris.es\/","logo":{"@type":"ImageObject","inLanguage":"de","@id":"https:\/\/octobris.es\/#\/schema\/logo\/image\/","url":"https:\/\/octobris.es\/wp-content\/uploads\/2020\/04\/cropped-logo-octobris-1.png","contentUrl":"https:\/\/octobris.es\/wp-content\/uploads\/2020\/04\/cropped-logo-octobris-1.png","width":198,"height":250,"caption":"ACEITES MONTA\u00d1A, S.L."},"image":{"@id":"https:\/\/octobris.es\/#\/schema\/logo\/image\/"},"sameAs":["https:\/\/www.facebook.com\/AceiteOctobris\/","https:\/\/www.instagram.com\/aceiteoctobris\/","https:\/\/www.youtube.com\/channel\/UCwyOuF_TcMFvtjEAkfdHZRA","https:\/\/www.linkedin.com\/company\/aceite-octobris"]}]}},"_links":{"self":[{"href":"https:\/\/octobris.es\/de\/wp-json\/wp\/v2\/pages\/9508","targetHints":{"allow":["GET"]}}],"collection":[{"href":"https:\/\/octobris.es\/de\/wp-json\/wp\/v2\/pages"}],"about":[{"href":"https:\/\/octobris.es\/de\/wp-json\/wp\/v2\/types\/page"}],"author":[{"embeddable":true,"href":"https:\/\/octobris.es\/de\/wp-json\/wp\/v2\/users\/5"}],"replies":[{"embeddable":true,"href":"https:\/\/octobris.es\/de\/wp-json\/wp\/v2\/comments?post=9508"}],"version-history":[{"count":2,"href":"https:\/\/octobris.es\/de\/wp-json\/wp\/v2\/pages\/9508\/revisions"}],"predecessor-version":[{"id":9511,"href":"https:\/\/octobris.es\/de\/wp-json\/wp\/v2\/pages\/9508\/revisions\/9511"}],"wp:attachment":[{"href":"https:\/\/octobris.es\/de\/wp-json\/wp\/v2\/media?parent=9508"}],"curies":[{"name":"wp","href":"https:\/\/api.w.org\/{rel}","templated":true}]}}