{"id":9670,"date":"2020-05-20T09:44:29","date_gmt":"2020-05-20T09:44:29","guid":{"rendered":"https:\/\/octobris.es\/envios\/"},"modified":"2024-01-15T13:32:33","modified_gmt":"2024-01-15T12:32:33","slug":"versand","status":"publish","type":"page","link":"https:\/\/octobris.es\/de\/versand\/","title":{"rendered":"Versand"},"content":{"rendered":"<div class=\"wpb-content-wrapper\"><p>[vc_row full_width=&#8221;stretch_row&#8221; css=&#8221;.vc_custom_1590092636698{background-image: url(https:\/\/octobris.es\/wp-content\/uploads\/2020\/05\/octobris-cabecera-politica.jpg?id=8256) !important;}&#8221;][vc_column css=&#8221;.vc_custom_1588667624523{padding-top: 50px !important;padding-bottom: 50px !important;}&#8221;][vc_column_text]<\/p>\n<h1 style=\"color: #ffffff; text-align: center;\">Versand<\/h1>\n<p>[\/vc_column_text][\/vc_column][\/vc_row][vc_row][vc_column][vc_empty_space][\/vc_column][\/vc_row][vc_row][vc_column][vc_column_text]<\/p>\n<h2><strong>Iberische Halbinsel (SPANIEN &#8211; PORTUGAL)<\/strong><\/h2>\n<p>[\/vc_column_text][vc_column_text]Expresszustellung<\/p>\n<ul>\n<li style=\"list-style-type: none;\">\n<ul>\n<li>Lieferzeit: zwischen 1 und2 Werktagen f\u00fcr Bestellungen von Montag bis Freitag vor 12:00 Uhr.<\/li>\n<li>Kosten: \u20ac 6,00 MwSt. in Bestellungen bis 10 kg enthalten<\/li>\n<li>Kosten: 9,00 \u20ac MwSt. in Bestellungen zwischen 10 und 20 kg enthalten<\/li>\n<\/ul>\n<\/li>\n<\/ul>\n<p>[\/vc_column_text][vc_empty_space][vc_separator color=&#8221;custom&#8221; align=&#8221;align_left&#8221; el_width=&#8221;60&#8243; accent_color=&#8221;#b7bf10&#8243;][vc_empty_space][\/vc_column][\/vc_row][vc_row][vc_column][vc_column_text]<\/p>\n<h2><strong>Balearen<\/strong><\/h2>\n<p>[\/vc_column_text][vc_column_text]Standardversand<\/p>\n<ul>\n<li style=\"list-style-type: none;\">\n<ul>\n<li>Lieferzeit: zwischen 3 und 4 Werktagen f\u00fcr Bestellungen von Montag bis Freitag vor 12:00 Uhr.<\/li>\n<li>Kosten: \u20ac 12,00 MwSt. in Bestellungen bis 5 kg enthalten<\/li>\n<li>Kosten: 25,00 \u20ac MwSt. in Bestellungen zwischen 10 und 20 kg enthalten<\/li>\n<\/ul>\n<\/li>\n<\/ul>\n<p>[\/vc_column_text][vc_empty_space][vc_separator color=&#8221;custom&#8221; align=&#8221;align_left&#8221; el_width=&#8221;60&#8243; accent_color=&#8221;#b7bf10&#8243;][vc_empty_space][\/vc_column][\/vc_row][vc_row][vc_column][vc_column_text]<\/p>\n<h2><strong>Kanarische Inseln<\/strong><\/h2>\n<p>[\/vc_column_text][vc_column_text]Bestellungen auf die Kanarischen Inseln werden von der Delegation auf den Kanarischen Inseln verwaltet.<\/p>\n<p>Kontaktieren Sie unseren Partner <strong>Ximo Mart\u00ednez<\/strong> per E-Mail: canarias@octobris.es und \/ oder telefonisch: Vorwahl <strong>633 233 833<\/strong>.[\/vc_column_text][vc_empty_space][vc_separator color=&#8221;custom&#8221; align=&#8221;align_left&#8221; el_width=&#8221;60&#8243; accent_color=&#8221;#b7bf10&#8243;][vc_empty_space][\/vc_column][\/vc_row][vc_row][vc_column][vc_column_text]<\/p>\n<h2><strong>Restliches Europa<\/strong><\/h2>\n<p>[\/vc_column_text][vc_column_text]EuroBusiness Versand<\/p>\n<ul>\n<li style=\"list-style-type: none;\">\n<ul>\n<li>Lieferzeit: zwischen 3 und 5 Werktagen f\u00fcr Bestellungen von Montag bis Freitag vor 12:00 Uhr.<\/li>\n<li>Kosten: \u20ac 12,00 MwSt. in Bestellungen bis 10 kg enthalten<\/li>\n<li>Kosten: 25,00 \u20ac MwSt. in Bestellungen zwischen 10 und 20 kg enthalten<\/li>\n<\/ul>\n<\/li>\n<\/ul>\n<p>[\/vc_column_text][vc_empty_space][vc_separator color=&#8221;custom&#8221; align=&#8221;align_left&#8221; el_width=&#8221;60&#8243; accent_color=&#8221;#b7bf10&#8243;][vc_empty_space][\/vc_column][\/vc_row][vc_row][vc_column][vc_column_text]F\u00fcr Bestellungen an Samstagen, Sonntagen, Feiertagen und von Montag bis Freitag nach 12:00 Uhr. wird am n\u00e4chsten Werktag verwaltet. Es werden keine Sendungen auf die Kanarischen Inseln, nach Ceuta, Melilla und in die Schweiz geliefert. Es werden keine Lieferungen an Postf\u00e4cher oder Milit\u00e4rbasen durchgef\u00fchrt. Die Lieferzeiten k\u00f6nnen in Verkaufs- und Aktionsperioden ge\u00e4ndert werden.[\/vc_column_text][vc_empty_space][\/vc_column][\/vc_row]<\/p>\n<\/div>","protected":false},"excerpt":{"rendered":"<p>[vc_row full_width=&#8221;stretch_row&#8221; css=&#8221;.vc_custom_1590092636698{background-image: url(https:\/\/octobris.es\/wp-content\/uploads\/2020\/05\/octobris-cabecera-politica.jpg?id=8256) !important;}&#8221;][vc_column css=&#8221;.vc_custom_1588667624523{padding-top: 50px !important;padding-bottom: 50px !important;}&#8221;][vc_column_text] Versand [\/vc_column_text][\/vc_column][\/vc_row][vc_row][vc_column][vc_empty_space][\/vc_column][\/vc_row][vc_row][vc_column][vc_column_text] Iberische Halbinsel (SPANIEN &#8211; PORTUGAL) [\/vc_column_text][vc_column_text]Expresszustellung Lieferzeit: zwischen 1 und2 Werktagen f\u00fcr Bestellungen von Montag bis Freitag vor 12:00 Uhr. Kosten: \u20ac 6,00 MwSt. in Bestellungen bis 10 kg enthalten Kosten: 9,00 \u20ac MwSt. in Bestellungen zwischen 10 und 20 kg enthalten [\/vc_column_text][vc_empty_space][vc_separator [&hellip;]<\/p>\n","protected":false},"author":5,"featured_media":0,"parent":0,"menu_order":0,"comment_status":"closed","ping_status":"closed","template":"","meta":{"footnotes":""},"class_list":["post-9670","page","type-page","status-publish","hentry"],"yoast_head":"<!-- This site is optimized with the Yoast SEO plugin v27.3 - https:\/\/yoast.com\/product\/yoast-seo-wordpress\/ -->\n<title>Versand - Octobris<\/title>\n<meta name=\"robots\" content=\"index, follow, max-snippet:-1, max-image-preview:large, max-video-preview:-1\" \/>\n<link rel=\"canonical\" href=\"https:\/\/octobris.es\/de\/versand\/\" \/>\n<meta property=\"og:locale\" content=\"de_DE\" \/>\n<meta property=\"og:type\" content=\"article\" \/>\n<meta property=\"og:title\" content=\"Versand - Octobris\" \/>\n<meta property=\"og:description\" content=\"[vc_row full_width=&#8221;stretch_row&#8221; css=&#8221;.vc_custom_1590092636698{background-image: url(https:\/\/octobris.es\/wp-content\/uploads\/2020\/05\/octobris-cabecera-politica.jpg?id=8256) !important;}&#8221;][vc_column css=&#8221;.vc_custom_1588667624523{padding-top: 50px !important;padding-bottom: 50px !important;}&#8221;][vc_column_text] Versand [\/vc_column_text][\/vc_column][\/vc_row][vc_row][vc_column][vc_empty_space][\/vc_column][\/vc_row][vc_row][vc_column][vc_column_text] Iberische Halbinsel (SPANIEN &#8211; PORTUGAL) [\/vc_column_text][vc_column_text]Expresszustellung Lieferzeit: zwischen 1 und2 Werktagen f\u00fcr Bestellungen von Montag bis Freitag vor 12:00 Uhr. Kosten: \u20ac 6,00 MwSt. in Bestellungen bis 10 kg enthalten Kosten: 9,00 \u20ac MwSt. in Bestellungen zwischen 10 und 20 kg enthalten [\/vc_column_text][vc_empty_space][vc_separator [&hellip;]\" \/>\n<meta property=\"og:url\" content=\"https:\/\/octobris.es\/de\/versand\/\" \/>\n<meta property=\"og:site_name\" content=\"Octobris\" \/>\n<meta property=\"article:publisher\" content=\"https:\/\/www.facebook.com\/AceiteOctobris\/\" \/>\n<meta property=\"article:modified_time\" content=\"2024-01-15T12:32:33+00:00\" \/>\n<meta name=\"twitter:card\" content=\"summary_large_image\" \/>\n<meta name=\"twitter:label1\" content=\"Gesch\u00e4tzte Lesezeit\" \/>\n\t<meta name=\"twitter:data1\" content=\"2\u00a0Minuten\" \/>\n<script type=\"application\/ld+json\" class=\"yoast-schema-graph\">{\"@context\":\"https:\\\/\\\/schema.org\",\"@graph\":[{\"@type\":\"WebPage\",\"@id\":\"https:\\\/\\\/octobris.es\\\/de\\\/versand\\\/\",\"url\":\"https:\\\/\\\/octobris.es\\\/de\\\/versand\\\/\",\"name\":\"Versand - Octobris\",\"isPartOf\":{\"@id\":\"https:\\\/\\\/octobris.es\\\/#website\"},\"datePublished\":\"2020-05-20T09:44:29+00:00\",\"dateModified\":\"2024-01-15T12:32:33+00:00\",\"breadcrumb\":{\"@id\":\"https:\\\/\\\/octobris.es\\\/de\\\/versand\\\/#breadcrumb\"},\"inLanguage\":\"de\",\"potentialAction\":[{\"@type\":\"ReadAction\",\"target\":[\"https:\\\/\\\/octobris.es\\\/de\\\/versand\\\/\"]}]},{\"@type\":\"BreadcrumbList\",\"@id\":\"https:\\\/\\\/octobris.es\\\/de\\\/versand\\\/#breadcrumb\",\"itemListElement\":[{\"@type\":\"ListItem\",\"position\":1,\"name\":\"Portada\",\"item\":\"https:\\\/\\\/octobris.es\\\/de\\\/\"},{\"@type\":\"ListItem\",\"position\":2,\"name\":\"Versand\"}]},{\"@type\":\"WebSite\",\"@id\":\"https:\\\/\\\/octobris.es\\\/#website\",\"url\":\"https:\\\/\\\/octobris.es\\\/\",\"name\":\"Octobris\",\"description\":\"Aceite de Oliva Virgen Extra Premium\",\"publisher\":{\"@id\":\"https:\\\/\\\/octobris.es\\\/#organization\"},\"potentialAction\":[{\"@type\":\"SearchAction\",\"target\":{\"@type\":\"EntryPoint\",\"urlTemplate\":\"https:\\\/\\\/octobris.es\\\/?s={search_term_string}\"},\"query-input\":{\"@type\":\"PropertyValueSpecification\",\"valueRequired\":true,\"valueName\":\"search_term_string\"}}],\"inLanguage\":\"de\"},{\"@type\":\"Organization\",\"@id\":\"https:\\\/\\\/octobris.es\\\/#organization\",\"name\":\"ACEITES MONTA\u00d1A, S.L.\",\"url\":\"https:\\\/\\\/octobris.es\\\/\",\"logo\":{\"@type\":\"ImageObject\",\"inLanguage\":\"de\",\"@id\":\"https:\\\/\\\/octobris.es\\\/#\\\/schema\\\/logo\\\/image\\\/\",\"url\":\"https:\\\/\\\/octobris.es\\\/wp-content\\\/uploads\\\/2020\\\/04\\\/cropped-logo-octobris-1.png\",\"contentUrl\":\"https:\\\/\\\/octobris.es\\\/wp-content\\\/uploads\\\/2020\\\/04\\\/cropped-logo-octobris-1.png\",\"width\":198,\"height\":250,\"caption\":\"ACEITES MONTA\u00d1A, S.L.\"},\"image\":{\"@id\":\"https:\\\/\\\/octobris.es\\\/#\\\/schema\\\/logo\\\/image\\\/\"},\"sameAs\":[\"https:\\\/\\\/www.facebook.com\\\/AceiteOctobris\\\/\",\"https:\\\/\\\/www.instagram.com\\\/aceiteoctobris\\\/\",\"https:\\\/\\\/www.youtube.com\\\/channel\\\/UCwyOuF_TcMFvtjEAkfdHZRA\",\"https:\\\/\\\/www.linkedin.com\\\/company\\\/aceite-octobris\"]}]}<\/script>\n<!-- \/ Yoast SEO plugin. -->","yoast_head_json":{"title":"Versand - Octobris","robots":{"index":"index","follow":"follow","max-snippet":"max-snippet:-1","max-image-preview":"max-image-preview:large","max-video-preview":"max-video-preview:-1"},"canonical":"https:\/\/octobris.es\/de\/versand\/","og_locale":"de_DE","og_type":"article","og_title":"Versand - Octobris","og_description":"[vc_row full_width=&#8221;stretch_row&#8221; css=&#8221;.vc_custom_1590092636698{background-image: url(https:\/\/octobris.es\/wp-content\/uploads\/2020\/05\/octobris-cabecera-politica.jpg?id=8256) !important;}&#8221;][vc_column css=&#8221;.vc_custom_1588667624523{padding-top: 50px !important;padding-bottom: 50px !important;}&#8221;][vc_column_text] Versand [\/vc_column_text][\/vc_column][\/vc_row][vc_row][vc_column][vc_empty_space][\/vc_column][\/vc_row][vc_row][vc_column][vc_column_text] Iberische Halbinsel (SPANIEN &#8211; PORTUGAL) [\/vc_column_text][vc_column_text]Expresszustellung Lieferzeit: zwischen 1 und2 Werktagen f\u00fcr Bestellungen von Montag bis Freitag vor 12:00 Uhr. Kosten: \u20ac 6,00 MwSt. in Bestellungen bis 10 kg enthalten Kosten: 9,00 \u20ac MwSt. in Bestellungen zwischen 10 und 20 kg enthalten [\/vc_column_text][vc_empty_space][vc_separator [&hellip;]","og_url":"https:\/\/octobris.es\/de\/versand\/","og_site_name":"Octobris","article_publisher":"https:\/\/www.facebook.com\/AceiteOctobris\/","article_modified_time":"2024-01-15T12:32:33+00:00","twitter_card":"summary_large_image","twitter_misc":{"Gesch\u00e4tzte Lesezeit":"2\u00a0Minuten"},"schema":{"@context":"https:\/\/schema.org","@graph":[{"@type":"WebPage","@id":"https:\/\/octobris.es\/de\/versand\/","url":"https:\/\/octobris.es\/de\/versand\/","name":"Versand - Octobris","isPartOf":{"@id":"https:\/\/octobris.es\/#website"},"datePublished":"2020-05-20T09:44:29+00:00","dateModified":"2024-01-15T12:32:33+00:00","breadcrumb":{"@id":"https:\/\/octobris.es\/de\/versand\/#breadcrumb"},"inLanguage":"de","potentialAction":[{"@type":"ReadAction","target":["https:\/\/octobris.es\/de\/versand\/"]}]},{"@type":"BreadcrumbList","@id":"https:\/\/octobris.es\/de\/versand\/#breadcrumb","itemListElement":[{"@type":"ListItem","position":1,"name":"Portada","item":"https:\/\/octobris.es\/de\/"},{"@type":"ListItem","position":2,"name":"Versand"}]},{"@type":"WebSite","@id":"https:\/\/octobris.es\/#website","url":"https:\/\/octobris.es\/","name":"Octobris","description":"Aceite de Oliva Virgen Extra Premium","publisher":{"@id":"https:\/\/octobris.es\/#organization"},"potentialAction":[{"@type":"SearchAction","target":{"@type":"EntryPoint","urlTemplate":"https:\/\/octobris.es\/?s={search_term_string}"},"query-input":{"@type":"PropertyValueSpecification","valueRequired":true,"valueName":"search_term_string"}}],"inLanguage":"de"},{"@type":"Organization","@id":"https:\/\/octobris.es\/#organization","name":"ACEITES MONTA\u00d1A, S.L.","url":"https:\/\/octobris.es\/","logo":{"@type":"ImageObject","inLanguage":"de","@id":"https:\/\/octobris.es\/#\/schema\/logo\/image\/","url":"https:\/\/octobris.es\/wp-content\/uploads\/2020\/04\/cropped-logo-octobris-1.png","contentUrl":"https:\/\/octobris.es\/wp-content\/uploads\/2020\/04\/cropped-logo-octobris-1.png","width":198,"height":250,"caption":"ACEITES MONTA\u00d1A, S.L."},"image":{"@id":"https:\/\/octobris.es\/#\/schema\/logo\/image\/"},"sameAs":["https:\/\/www.facebook.com\/AceiteOctobris\/","https:\/\/www.instagram.com\/aceiteoctobris\/","https:\/\/www.youtube.com\/channel\/UCwyOuF_TcMFvtjEAkfdHZRA","https:\/\/www.linkedin.com\/company\/aceite-octobris"]}]}},"_links":{"self":[{"href":"https:\/\/octobris.es\/de\/wp-json\/wp\/v2\/pages\/9670","targetHints":{"allow":["GET"]}}],"collection":[{"href":"https:\/\/octobris.es\/de\/wp-json\/wp\/v2\/pages"}],"about":[{"href":"https:\/\/octobris.es\/de\/wp-json\/wp\/v2\/types\/page"}],"author":[{"embeddable":true,"href":"https:\/\/octobris.es\/de\/wp-json\/wp\/v2\/users\/5"}],"replies":[{"embeddable":true,"href":"https:\/\/octobris.es\/de\/wp-json\/wp\/v2\/comments?post=9670"}],"version-history":[{"count":3,"href":"https:\/\/octobris.es\/de\/wp-json\/wp\/v2\/pages\/9670\/revisions"}],"predecessor-version":[{"id":10748,"href":"https:\/\/octobris.es\/de\/wp-json\/wp\/v2\/pages\/9670\/revisions\/10748"}],"wp:attachment":[{"href":"https:\/\/octobris.es\/de\/wp-json\/wp\/v2\/media?parent=9670"}],"curies":[{"name":"wp","href":"https:\/\/api.w.org\/{rel}","templated":true}]}}