{"id":9674,"date":"2020-05-07T11:16:57","date_gmt":"2020-05-07T11:16:57","guid":{"rendered":"https:\/\/octobris.es\/politica-de-cambios-y-devoluciones\/"},"modified":"2020-09-07T13:38:22","modified_gmt":"2020-09-07T11:38:22","slug":"umtausch-und-rueckgabe","status":"publish","type":"page","link":"https:\/\/octobris.es\/de\/umtausch-und-rueckgabe\/","title":{"rendered":"Umtausch- und R\u00fcckgabe"},"content":{"rendered":"<div class=\"wpb-content-wrapper\"><p>[vc_row full_width=&#8221;stretch_row&#8221; css=&#8221;.vc_custom_1590092692289{background-image: url(https:\/\/octobris.es\/wp-content\/uploads\/2020\/05\/octobris-cabecera-politica.jpg?id=8256) !important;}&#8221;][vc_column css=&#8221;.vc_custom_1588667624523{padding-top: 50px !important;padding-bottom: 50px !important;}&#8221;][vc_column_text]<\/p>\n<h1 style=\"color: #ffffff; text-align: center;\">Umtausch- und R\u00fcckgabe<\/h1>\n<p>[\/vc_column_text][\/vc_column][\/vc_row][vc_row][vc_column][vc_empty_space][\/vc_column][\/vc_row][vc_row][vc_column][vc_column_text]<\/p>\n<h2><strong>R\u00dcCKGABE<\/strong><\/h2>\n<p>[\/vc_column_text][vc_column_text]<span class=\"numero\">1 <\/span><span class=\"bloque\">Der Kunde kann die R\u00fccksendung des Produktes innerhalb von 7 Tagen nach Erhalt verlangen. Sie k\u00f6nnen sich per E-Mail an die Adresse info@octobris.es wenden. Geben Sie die Gr\u00fcnde f\u00fcr die R\u00fccksendung, das Zeitfenster f\u00fcr die Abholung der Waren und die Adresse der Abholung an.<\/span><\/p>\n<p><span class=\"numero\">2 <\/span><span class=\"bloque\">Ein Spediteur wird beauftragt, um die Waren, die der Kunde zur\u00fccksenden m\u00f6chte, ohne zus\u00e4tzliche Kosten abzuholen. Die Ware muss in der Originalverpackung und mit intakten Etiketten sein.<\/span><\/p>\n<p><span class=\"numero\">3 <\/span><span class=\"bloque\">Sobald die Ware in unseren Einrichtungen eingegangen ist, wird der Bestellbetrag (einschlie\u00dflich Versandkosten) durch dieselbe Zahlungsweise zur\u00fcckerstattet, in der die Bestellung aufgegeben wurde. Die R\u00fcckerstattungsfrist betr\u00e4gt maximal 14 Werktage ab Erhalt.<\/span>[\/vc_column_text][vc_empty_space][vc_separator color=&#8221;custom&#8221; align=&#8221;align_left&#8221; el_width=&#8221;60&#8243; accent_color=&#8221;#b7bf10&#8243;][vc_empty_space][\/vc_column][\/vc_row][vc_row][vc_column][vc_column_text]<\/p>\n<h2><strong>UMTAUSCH<\/strong><\/h2>\n<p>[\/vc_column_text][vc_column_text]<\/p>\n<div>Sobald der Umtausch akzeptiert wurde, kommt das Transportunternehmen innerhalb von 1 bis 3 Werktagen zu Ihnen nach Hause, um den zu \u00e4ndernden Artikel abzuholen und gleichzeitig den neuen Artikel zu liefern.<\/div>\n<div>Sie k\u00f6nnen nicht f\u00fcr eine andere Bestellung umtauschen, in diesem Fall m\u00fcssen Sie das Produkt zur\u00fcckgeben\/stornieren, das Sie umtauschen m\u00f6chten, und eine neue Bestellung aufgeben.<\/div>\n<p>[\/vc_column_text][vc_empty_space][vc_separator color=&#8221;custom&#8221; align=&#8221;align_left&#8221; el_width=&#8221;60&#8243; accent_color=&#8221;#b7bf10&#8243;][vc_empty_space][\/vc_column][\/vc_row][vc_row][vc_column][vc_empty_space][\/vc_column][\/vc_row][vc_row][vc_column][vc_column_text]<\/p>\n<p>[\/vc_column_text][\/vc_column][\/vc_row]<\/p>\n<\/div>","protected":false},"excerpt":{"rendered":"<p>[vc_row full_width=&#8221;stretch_row&#8221; css=&#8221;.vc_custom_1590092692289{background-image: url(https:\/\/octobris.es\/wp-content\/uploads\/2020\/05\/octobris-cabecera-politica.jpg?id=8256) !important;}&#8221;][vc_column css=&#8221;.vc_custom_1588667624523{padding-top: 50px !important;padding-bottom: 50px !important;}&#8221;][vc_column_text] Umtausch- und R\u00fcckgabe [\/vc_column_text][\/vc_column][\/vc_row][vc_row][vc_column][vc_empty_space][\/vc_column][\/vc_row][vc_row][vc_column][vc_column_text] R\u00dcCKGABE [\/vc_column_text][vc_column_text]1 Der Kunde kann die R\u00fccksendung des Produktes innerhalb von 7 Tagen nach Erhalt verlangen. Sie k\u00f6nnen sich per E-Mail an die Adresse info@octobris.es wenden. Geben Sie die Gr\u00fcnde f\u00fcr die R\u00fccksendung, das Zeitfenster f\u00fcr die Abholung der Waren und [&hellip;]<\/p>\n","protected":false},"author":5,"featured_media":0,"parent":0,"menu_order":0,"comment_status":"closed","ping_status":"closed","template":"","meta":{"footnotes":""},"class_list":["post-9674","page","type-page","status-publish","hentry"],"yoast_head":"<!-- This site is optimized with the Yoast SEO plugin v27.3 - https:\/\/yoast.com\/product\/yoast-seo-wordpress\/ -->\n<title>Umtausch- und R\u00fcckgabe - Octobris<\/title>\n<meta name=\"robots\" content=\"noindex, nofollow\" \/>\n<meta property=\"og:locale\" content=\"de_DE\" \/>\n<meta property=\"og:type\" content=\"article\" \/>\n<meta property=\"og:title\" content=\"Umtausch- und R\u00fcckgabe - Octobris\" \/>\n<meta property=\"og:description\" content=\"[vc_row full_width=&#8221;stretch_row&#8221; css=&#8221;.vc_custom_1590092692289{background-image: url(https:\/\/octobris.es\/wp-content\/uploads\/2020\/05\/octobris-cabecera-politica.jpg?id=8256) !important;}&#8221;][vc_column css=&#8221;.vc_custom_1588667624523{padding-top: 50px !important;padding-bottom: 50px !important;}&#8221;][vc_column_text] Umtausch- und R\u00fcckgabe [\/vc_column_text][\/vc_column][\/vc_row][vc_row][vc_column][vc_empty_space][\/vc_column][\/vc_row][vc_row][vc_column][vc_column_text] R\u00dcCKGABE [\/vc_column_text][vc_column_text]1 Der Kunde kann die R\u00fccksendung des Produktes innerhalb von 7 Tagen nach Erhalt verlangen. Sie k\u00f6nnen sich per E-Mail an die Adresse info@octobris.es wenden. Geben Sie die Gr\u00fcnde f\u00fcr die R\u00fccksendung, das Zeitfenster f\u00fcr die Abholung der Waren und [&hellip;]\" \/>\n<meta property=\"og:url\" content=\"https:\/\/octobris.es\/de\/umtausch-und-rueckgabe\/\" \/>\n<meta property=\"og:site_name\" content=\"Octobris\" \/>\n<meta property=\"article:publisher\" content=\"https:\/\/www.facebook.com\/AceiteOctobris\/\" \/>\n<meta property=\"article:modified_time\" content=\"2020-09-07T11:38:22+00:00\" \/>\n<meta name=\"twitter:card\" content=\"summary_large_image\" \/>\n<meta name=\"twitter:label1\" content=\"Gesch\u00e4tzte Lesezeit\" \/>\n\t<meta name=\"twitter:data1\" content=\"2\u00a0Minuten\" \/>\n<script type=\"application\/ld+json\" class=\"yoast-schema-graph\">{\"@context\":\"https:\\\/\\\/schema.org\",\"@graph\":[{\"@type\":\"WebPage\",\"@id\":\"https:\\\/\\\/octobris.es\\\/de\\\/umtausch-und-rueckgabe\\\/\",\"url\":\"https:\\\/\\\/octobris.es\\\/de\\\/umtausch-und-rueckgabe\\\/\",\"name\":\"Umtausch- und R\u00fcckgabe - Octobris\",\"isPartOf\":{\"@id\":\"https:\\\/\\\/octobris.es\\\/#website\"},\"datePublished\":\"2020-05-07T11:16:57+00:00\",\"dateModified\":\"2020-09-07T11:38:22+00:00\",\"breadcrumb\":{\"@id\":\"https:\\\/\\\/octobris.es\\\/de\\\/umtausch-und-rueckgabe\\\/#breadcrumb\"},\"inLanguage\":\"de\",\"potentialAction\":[{\"@type\":\"ReadAction\",\"target\":[\"https:\\\/\\\/octobris.es\\\/de\\\/umtausch-und-rueckgabe\\\/\"]}]},{\"@type\":\"BreadcrumbList\",\"@id\":\"https:\\\/\\\/octobris.es\\\/de\\\/umtausch-und-rueckgabe\\\/#breadcrumb\",\"itemListElement\":[{\"@type\":\"ListItem\",\"position\":1,\"name\":\"Portada\",\"item\":\"https:\\\/\\\/octobris.es\\\/de\\\/\"},{\"@type\":\"ListItem\",\"position\":2,\"name\":\"Umtausch- und R\u00fcckgabe\"}]},{\"@type\":\"WebSite\",\"@id\":\"https:\\\/\\\/octobris.es\\\/#website\",\"url\":\"https:\\\/\\\/octobris.es\\\/\",\"name\":\"Octobris\",\"description\":\"Aceite de Oliva Virgen Extra Premium\",\"publisher\":{\"@id\":\"https:\\\/\\\/octobris.es\\\/#organization\"},\"potentialAction\":[{\"@type\":\"SearchAction\",\"target\":{\"@type\":\"EntryPoint\",\"urlTemplate\":\"https:\\\/\\\/octobris.es\\\/?s={search_term_string}\"},\"query-input\":{\"@type\":\"PropertyValueSpecification\",\"valueRequired\":true,\"valueName\":\"search_term_string\"}}],\"inLanguage\":\"de\"},{\"@type\":\"Organization\",\"@id\":\"https:\\\/\\\/octobris.es\\\/#organization\",\"name\":\"ACEITES MONTA\u00d1A, S.L.\",\"url\":\"https:\\\/\\\/octobris.es\\\/\",\"logo\":{\"@type\":\"ImageObject\",\"inLanguage\":\"de\",\"@id\":\"https:\\\/\\\/octobris.es\\\/#\\\/schema\\\/logo\\\/image\\\/\",\"url\":\"https:\\\/\\\/octobris.es\\\/wp-content\\\/uploads\\\/2020\\\/04\\\/cropped-logo-octobris-1.png\",\"contentUrl\":\"https:\\\/\\\/octobris.es\\\/wp-content\\\/uploads\\\/2020\\\/04\\\/cropped-logo-octobris-1.png\",\"width\":198,\"height\":250,\"caption\":\"ACEITES MONTA\u00d1A, S.L.\"},\"image\":{\"@id\":\"https:\\\/\\\/octobris.es\\\/#\\\/schema\\\/logo\\\/image\\\/\"},\"sameAs\":[\"https:\\\/\\\/www.facebook.com\\\/AceiteOctobris\\\/\",\"https:\\\/\\\/www.instagram.com\\\/aceiteoctobris\\\/\",\"https:\\\/\\\/www.youtube.com\\\/channel\\\/UCwyOuF_TcMFvtjEAkfdHZRA\",\"https:\\\/\\\/www.linkedin.com\\\/company\\\/aceite-octobris\"]}]}<\/script>\n<!-- \/ Yoast SEO plugin. -->","yoast_head_json":{"title":"Umtausch- und R\u00fcckgabe - Octobris","robots":{"index":"noindex","follow":"nofollow"},"og_locale":"de_DE","og_type":"article","og_title":"Umtausch- und R\u00fcckgabe - Octobris","og_description":"[vc_row full_width=&#8221;stretch_row&#8221; css=&#8221;.vc_custom_1590092692289{background-image: url(https:\/\/octobris.es\/wp-content\/uploads\/2020\/05\/octobris-cabecera-politica.jpg?id=8256) !important;}&#8221;][vc_column css=&#8221;.vc_custom_1588667624523{padding-top: 50px !important;padding-bottom: 50px !important;}&#8221;][vc_column_text] Umtausch- und R\u00fcckgabe [\/vc_column_text][\/vc_column][\/vc_row][vc_row][vc_column][vc_empty_space][\/vc_column][\/vc_row][vc_row][vc_column][vc_column_text] R\u00dcCKGABE [\/vc_column_text][vc_column_text]1 Der Kunde kann die R\u00fccksendung des Produktes innerhalb von 7 Tagen nach Erhalt verlangen. Sie k\u00f6nnen sich per E-Mail an die Adresse info@octobris.es wenden. Geben Sie die Gr\u00fcnde f\u00fcr die R\u00fccksendung, das Zeitfenster f\u00fcr die Abholung der Waren und [&hellip;]","og_url":"https:\/\/octobris.es\/de\/umtausch-und-rueckgabe\/","og_site_name":"Octobris","article_publisher":"https:\/\/www.facebook.com\/AceiteOctobris\/","article_modified_time":"2020-09-07T11:38:22+00:00","twitter_card":"summary_large_image","twitter_misc":{"Gesch\u00e4tzte Lesezeit":"2\u00a0Minuten"},"schema":{"@context":"https:\/\/schema.org","@graph":[{"@type":"WebPage","@id":"https:\/\/octobris.es\/de\/umtausch-und-rueckgabe\/","url":"https:\/\/octobris.es\/de\/umtausch-und-rueckgabe\/","name":"Umtausch- und R\u00fcckgabe - Octobris","isPartOf":{"@id":"https:\/\/octobris.es\/#website"},"datePublished":"2020-05-07T11:16:57+00:00","dateModified":"2020-09-07T11:38:22+00:00","breadcrumb":{"@id":"https:\/\/octobris.es\/de\/umtausch-und-rueckgabe\/#breadcrumb"},"inLanguage":"de","potentialAction":[{"@type":"ReadAction","target":["https:\/\/octobris.es\/de\/umtausch-und-rueckgabe\/"]}]},{"@type":"BreadcrumbList","@id":"https:\/\/octobris.es\/de\/umtausch-und-rueckgabe\/#breadcrumb","itemListElement":[{"@type":"ListItem","position":1,"name":"Portada","item":"https:\/\/octobris.es\/de\/"},{"@type":"ListItem","position":2,"name":"Umtausch- und R\u00fcckgabe"}]},{"@type":"WebSite","@id":"https:\/\/octobris.es\/#website","url":"https:\/\/octobris.es\/","name":"Octobris","description":"Aceite de Oliva Virgen Extra Premium","publisher":{"@id":"https:\/\/octobris.es\/#organization"},"potentialAction":[{"@type":"SearchAction","target":{"@type":"EntryPoint","urlTemplate":"https:\/\/octobris.es\/?s={search_term_string}"},"query-input":{"@type":"PropertyValueSpecification","valueRequired":true,"valueName":"search_term_string"}}],"inLanguage":"de"},{"@type":"Organization","@id":"https:\/\/octobris.es\/#organization","name":"ACEITES MONTA\u00d1A, S.L.","url":"https:\/\/octobris.es\/","logo":{"@type":"ImageObject","inLanguage":"de","@id":"https:\/\/octobris.es\/#\/schema\/logo\/image\/","url":"https:\/\/octobris.es\/wp-content\/uploads\/2020\/04\/cropped-logo-octobris-1.png","contentUrl":"https:\/\/octobris.es\/wp-content\/uploads\/2020\/04\/cropped-logo-octobris-1.png","width":198,"height":250,"caption":"ACEITES MONTA\u00d1A, S.L."},"image":{"@id":"https:\/\/octobris.es\/#\/schema\/logo\/image\/"},"sameAs":["https:\/\/www.facebook.com\/AceiteOctobris\/","https:\/\/www.instagram.com\/aceiteoctobris\/","https:\/\/www.youtube.com\/channel\/UCwyOuF_TcMFvtjEAkfdHZRA","https:\/\/www.linkedin.com\/company\/aceite-octobris"]}]}},"_links":{"self":[{"href":"https:\/\/octobris.es\/de\/wp-json\/wp\/v2\/pages\/9674","targetHints":{"allow":["GET"]}}],"collection":[{"href":"https:\/\/octobris.es\/de\/wp-json\/wp\/v2\/pages"}],"about":[{"href":"https:\/\/octobris.es\/de\/wp-json\/wp\/v2\/types\/page"}],"author":[{"embeddable":true,"href":"https:\/\/octobris.es\/de\/wp-json\/wp\/v2\/users\/5"}],"replies":[{"embeddable":true,"href":"https:\/\/octobris.es\/de\/wp-json\/wp\/v2\/comments?post=9674"}],"version-history":[{"count":2,"href":"https:\/\/octobris.es\/de\/wp-json\/wp\/v2\/pages\/9674\/revisions"}],"predecessor-version":[{"id":9676,"href":"https:\/\/octobris.es\/de\/wp-json\/wp\/v2\/pages\/9674\/revisions\/9676"}],"wp:attachment":[{"href":"https:\/\/octobris.es\/de\/wp-json\/wp\/v2\/media?parent=9674"}],"curies":[{"name":"wp","href":"https:\/\/api.w.org\/{rel}","templated":true}]}}