{"id":9690,"date":"2019-02-19T02:26:36","date_gmt":"2019-02-19T02:26:36","guid":{"rendered":"https:\/\/octobris.es\/contacto\/"},"modified":"2020-09-10T12:37:12","modified_gmt":"2020-09-10T10:37:12","slug":"kontakt","status":"publish","type":"page","link":"https:\/\/octobris.es\/de\/kontakt\/","title":{"rendered":"Kontakt"},"content":{"rendered":"<div class=\"wpb-content-wrapper\"><p>[vc_row full_width=&#8221;stretch_row&#8221; css=&#8221;.vc_custom_1589354363352{background-image: url(http:\/\/octobris.es\/wp-content\/uploads\/2020\/05\/octobris-cabecera-contacto.jpg?id=7367) !important;background-position: center !important;background-repeat: no-repeat !important;background-size: cover !important;}&#8221;][vc_column css=&#8221;.vc_custom_1588667624523{padding-top: 50px !important;padding-bottom: 50px !important;}&#8221;][vc_column_text]<\/p>\n<h1 style=\"color: #ffffff; text-align: center;\">Kontakt<\/h1>\n<p>[\/vc_column_text][\/vc_column][\/vc_row][vc_row el_class=&#8221;contact-us4&#8243;][vc_column][vc_column_text]<\/p>\n<h2>Kontaktieren Sie uns f\u00fcr weitere Informationen oder f\u00fcr Anregungen, wie wir Ihnen besser helfen k\u00f6nnen.<\/h2>\n<p>Wenn Sie Fragen habenoder Informationen zu einem unserer Produkte ben\u00f6tigen, k\u00f6nnen Sie uns \u00fcber das folgende Formular kontaktieren. Wir werden uns so schnell wie m\u00f6glich bei Ihnen melden.[\/vc_column_text][\/vc_column][\/vc_row][vc_row el_class=&#8221;contact-4_2&#8243;][vc_column width=&#8221;1\/3&#8243;][vc_column_text]<i class=\"fa fa-map-marker\" aria-hidden=\"true\">.<\/i><\/p>\n<div class=\"text-contact4\">\n<h3>Adresse<\/h3>\n<p>C\/ San Crist\u00f3bal, 6 03409 La Canyada (Alicante) SPANIEN<\/p>\n<\/div>\n<p>[\/vc_column_text][\/vc_column][vc_column width=&#8221;1\/3&#8243; el_class=&#8221;contact4_center&#8221;][vc_column_text]<i class=\"fa fa-phone\" aria-hidden=\"true\">.<\/i><\/p>\n<div class=\"text-contact4\">\n<h3>Kontakt<\/h3>\n<p>Tel: (+34) 639 59 34 69<br \/>\nMail: <a class=\"info-com\" href=\"mailto:info@octobris.ess\">info@octobris.es<\/a><\/p>\n<\/div>\n<p>[\/vc_column_text][\/vc_column][vc_column width=&#8221;1\/3&#8243; el_class=&#8221;contact4_right&#8221;][vc_column_text]<i class=\"fa fa-clock-o\" aria-hidden=\"true\">.<\/i><\/p>\n<div class=\"text-contact4\">\n<h3>\u00d6FFNUNGSZEITEN<\/h3>\n<p>Montag bis Freitag:<br \/>\n09:00 \u2013 18:00h<\/p>\n<\/div>\n<p>[\/vc_column_text][\/vc_column][\/vc_row][vc_row][vc_column][vc_column_text]<iframe style=\"border: none;\" src=\"https:\/\/snazzymaps.com\/embed\/240376\" width=\"100%\" height=\"450px\"><\/iframe>[\/vc_column_text][\/vc_column][\/vc_row][vc_row gap=&#8221;30&#8243; full_height=&#8221;yes&#8221; columns_placement=&#8221;top&#8221; equal_height=&#8221;yes&#8221; el_class=&#8221;contact_form4&#8243; css=&#8221;.vc_custom_1589534568862{padding-top: 35px !important;}&#8221; el_id=&#8221;distribuidor&#8221;][vc_column width=&#8221;1\/2&#8243; el_class=&#8221;contact_form&#8221; css=&#8221;.vc_custom_1589534463210{padding-top: 30px !important;padding-right: 30px !important;padding-bottom: 30px !important;padding-left: 30px !important;background-color: #eaeaea !important;}&#8221;][vc_column_text]<\/p>\n<h3 style=\"text-align: center;\">Wie k\u00f6nnen wir Ihnen helfen?<\/h3>\n<p style=\"text-align: center;\">Wenn Sie Fragen haben oder Informationen zu einem unserer Produkte ben\u00f6tigen, f\u00fcllen Sie das folgende Formular aus:<\/p>\n<p>[\/vc_column_text][vc_row_inner css=&#8221;.vc_custom_1589534502997{padding-top: 20px !important;padding-right: 20px !important;padding-bottom: 20px !important;padding-left: 20px !important;background-color: #ffffff !important;}&#8221;][vc_column_inner]\n<div class=\"wpcf7 no-js\" id=\"wpcf7-f9766-o1\" lang=\"es-ES\" dir=\"ltr\" data-wpcf7-id=\"9766\">\n<div class=\"screen-reader-response\"><p role=\"status\" aria-live=\"polite\" aria-atomic=\"true\"><\/p> <ul><\/ul><\/div>\n<form action=\"\/de\/wp-json\/wp\/v2\/pages\/9690#wpcf7-f9766-o1\" method=\"post\" class=\"wpcf7-form init\" aria-label=\"Formulario de contacto\" novalidate=\"novalidate\" data-status=\"init\">\n<fieldset class=\"hidden-fields-container\"><input type=\"hidden\" name=\"_wpcf7\" value=\"9766\" \/><input type=\"hidden\" name=\"_wpcf7_version\" value=\"6.1.5\" \/><input type=\"hidden\" name=\"_wpcf7_locale\" value=\"es_ES\" \/><input type=\"hidden\" name=\"_wpcf7_unit_tag\" value=\"wpcf7-f9766-o1\" \/><input type=\"hidden\" name=\"_wpcf7_container_post\" value=\"0\" \/><input type=\"hidden\" name=\"_wpcf7_posted_data_hash\" value=\"\" \/><input type=\"hidden\" name=\"_wpcf7_recaptcha_response\" value=\"\" \/>\n<\/fieldset>\n<p><label> Name (erforderlich)<br \/>\n<span class=\"wpcf7-form-control-wrap\" data-name=\"your-name\"><input size=\"40\" maxlength=\"400\" class=\"wpcf7-form-control wpcf7-text wpcf7-validates-as-required\" aria-required=\"true\" aria-invalid=\"false\" value=\"\" type=\"text\" name=\"your-name\" \/><\/span> <\/label>\n<\/p>\n<p><label> E-Mail (erforderlich)<br \/>\n<span class=\"wpcf7-form-control-wrap\" data-name=\"your-email\"><input size=\"40\" maxlength=\"400\" class=\"wpcf7-form-control wpcf7-email wpcf7-validates-as-required wpcf7-text wpcf7-validates-as-email\" aria-required=\"true\" aria-invalid=\"false\" value=\"\" type=\"email\" name=\"your-email\" \/><\/span> <\/label>\n<\/p>\n<p><label> Nachricht<br \/>\n<span class=\"wpcf7-form-control-wrap\" data-name=\"your-message\"><textarea cols=\"40\" rows=\"10\" maxlength=\"2000\" class=\"wpcf7-form-control wpcf7-textarea wpcf7-validates-as-required\" aria-required=\"true\" aria-invalid=\"false\" name=\"your-message\"><\/textarea><\/span> <\/label>\n<\/p>\n<p><span class=\"wpcf7-form-control-wrap\" data-name=\"acceptance-800\"><span class=\"wpcf7-form-control wpcf7-acceptance\"><span class=\"wpcf7-list-item\"><input type=\"checkbox\" name=\"acceptance-800\" value=\"1\" aria-invalid=\"false\" \/><\/span><\/span><\/span> Ich akzeptiere die <a href=\"\/de\/rechtliche-warnung\" target=\"_blank\">rechtlichen Bestimmungen<\/a> und die <a href=\"\/de\/datenschutz-bestimmungen\" target=\"_blank\">Datenschutzbestimmungen<\/a>.\n<\/p>\n<p><input class=\"wpcf7-form-control wpcf7-submit has-spinner\" type=\"submit\" value=\"Senden\" \/>\n<\/p><div class=\"wpcf7-response-output\" aria-hidden=\"true\"><\/div>\n<\/form>\n<\/div>\n[\/vc_column_inner][\/vc_row_inner][\/vc_column][vc_column width=&#8221;1\/2&#8243; css=&#8221;.vc_custom_1589449058622{padding-top: 30px !important;padding-right: 30px !important;padding-bottom: 30px !important;padding-left: 30px !important;background-color: #b7bf10 !important;}&#8221;][vc_column_text]<\/p>\n<h3 style=\"text-align: center;\"><span style=\"color: #ffffff;\">SIND SIE EIN VERTRIEBSPARTNER?<\/span><\/h3>\n<p style=\"text-align: center;\"><span style=\"color: #ffffff;\">M\u00f6chten Sie ein Teil der Familie Muntanya sein?<br \/>\nKontaktieren Sie uns f\u00fcr weitere Informationen<\/span><\/p>\n<p>[\/vc_column_text][vc_row_inner css=&#8221;.vc_custom_1589448900733{padding-top: 20px !important;padding-right: 20px !important;padding-bottom: 20px !important;padding-left: 20px !important;background-color: #eaeaea !important;}&#8221;][vc_column_inner]\n<div class=\"wpcf7 no-js\" id=\"wpcf7-f9767-o2\" lang=\"en-US\" dir=\"ltr\" data-wpcf7-id=\"9767\">\n<div class=\"screen-reader-response\"><p role=\"status\" aria-live=\"polite\" aria-atomic=\"true\"><\/p> <ul><\/ul><\/div>\n<form action=\"\/de\/wp-json\/wp\/v2\/pages\/9690#wpcf7-f9767-o2\" method=\"post\" class=\"wpcf7-form init\" aria-label=\"Contact form\" novalidate=\"novalidate\" data-status=\"init\">\n<fieldset class=\"hidden-fields-container\"><input type=\"hidden\" name=\"_wpcf7\" value=\"9767\" \/><input type=\"hidden\" name=\"_wpcf7_version\" value=\"6.1.5\" \/><input type=\"hidden\" name=\"_wpcf7_locale\" value=\"en_US\" \/><input type=\"hidden\" name=\"_wpcf7_unit_tag\" value=\"wpcf7-f9767-o2\" \/><input type=\"hidden\" name=\"_wpcf7_container_post\" value=\"0\" \/><input type=\"hidden\" name=\"_wpcf7_posted_data_hash\" value=\"\" \/><input type=\"hidden\" name=\"_wpcf7_recaptcha_response\" value=\"\" \/>\n<\/fieldset>\n<p><label> Name (erforderlich)<br \/>\n<span class=\"wpcf7-form-control-wrap\" data-name=\"your-name\"><input size=\"40\" maxlength=\"400\" class=\"wpcf7-form-control wpcf7-text wpcf7-validates-as-required\" aria-required=\"true\" aria-invalid=\"false\" value=\"\" type=\"text\" name=\"your-name\" \/><\/span> <\/label>\n<\/p>\n<p><label> Name der Firma<br \/>\n<span class=\"wpcf7-form-control-wrap\" data-name=\"empresa\"><input size=\"40\" maxlength=\"400\" class=\"wpcf7-form-control wpcf7-text wpcf7-validates-as-required\" aria-required=\"true\" aria-invalid=\"false\" value=\"\" type=\"text\" name=\"empresa\" \/><\/span> <\/label>\n<\/p>\n<p><label> E-Mail (erforderlich)<br \/>\n<span class=\"wpcf7-form-control-wrap\" data-name=\"your-email\"><input size=\"40\" maxlength=\"400\" class=\"wpcf7-form-control wpcf7-email wpcf7-validates-as-required wpcf7-text wpcf7-validates-as-email\" aria-required=\"true\" aria-invalid=\"false\" value=\"\" type=\"email\" name=\"your-email\" \/><\/span> <\/label>\n<\/p>\n<p><label> Telefonnummer<br \/>\n<span class=\"wpcf7-form-control-wrap\" data-name=\"telefono\"><input size=\"40\" maxlength=\"400\" class=\"wpcf7-form-control wpcf7-tel wpcf7-validates-as-required wpcf7-text wpcf7-validates-as-tel\" aria-required=\"true\" aria-invalid=\"false\" value=\"\" type=\"tel\" name=\"telefono\" \/><\/span><\/label>\n<\/p>\n<p><span class=\"wpcf7-form-control-wrap\" data-name=\"acceptance-800\"><span class=\"wpcf7-form-control wpcf7-acceptance\"><span class=\"wpcf7-list-item\"><input type=\"checkbox\" name=\"acceptance-800\" value=\"1\" aria-invalid=\"false\" \/><\/span><\/span><\/span> Ich akzeptiere die <a href=\"\/de\/rechtliche-warnung\" target=\"_blank\">rechtlichen Bestimmungen<\/a> und die <a href=\"\/de\/datenschutz-bestimmungen\" target=\"_blank\">Datenschutzbestimmungen<\/a>.\n<\/p>\n<p><input class=\"wpcf7-form-control wpcf7-submit has-spinner\" type=\"submit\" value=\"Senden\" \/>\n<\/p><div class=\"wpcf7-response-output\" aria-hidden=\"true\"><\/div>\n<\/form>\n<\/div>\n[\/vc_column_inner][\/vc_row_inner][\/vc_column][\/vc_row]<\/p>\n<\/div>","protected":false},"excerpt":{"rendered":"<p>[vc_row full_width=&#8221;stretch_row&#8221; css=&#8221;.vc_custom_1589354363352{background-image: url(http:\/\/octobris.es\/wp-content\/uploads\/2020\/05\/octobris-cabecera-contacto.jpg?id=7367) !important;background-position: center !important;background-repeat: no-repeat !important;background-size: cover !important;}&#8221;][vc_column css=&#8221;.vc_custom_1588667624523{padding-top: 50px !important;padding-bottom: 50px !important;}&#8221;][vc_column_text] Kontakt [\/vc_column_text][\/vc_column][\/vc_row][vc_row el_class=&#8221;contact-us4&#8243;][vc_column][vc_column_text] Kontaktieren Sie uns f\u00fcr weitere Informationen oder f\u00fcr Anregungen, wie wir Ihnen besser helfen k\u00f6nnen. Wenn Sie Fragen habenoder Informationen zu einem unserer Produkte ben\u00f6tigen, k\u00f6nnen Sie uns \u00fcber das folgende Formular kontaktieren. Wir werden uns [&hellip;]<\/p>\n","protected":false},"author":5,"featured_media":0,"parent":0,"menu_order":0,"comment_status":"closed","ping_status":"closed","template":"","meta":{"footnotes":""},"class_list":["post-9690","page","type-page","status-publish","hentry"],"yoast_head":"<!-- This site is optimized with the Yoast SEO plugin v27.3 - https:\/\/yoast.com\/product\/yoast-seo-wordpress\/ -->\n<title>Kontakt - Octobris<\/title>\n<meta name=\"robots\" content=\"noindex, follow\" \/>\n<meta property=\"og:locale\" content=\"de_DE\" \/>\n<meta property=\"og:type\" content=\"article\" \/>\n<meta property=\"og:title\" content=\"Kontakt - Octobris\" \/>\n<meta property=\"og:description\" content=\"[vc_row full_width=&#8221;stretch_row&#8221; css=&#8221;.vc_custom_1589354363352{background-image: url(http:\/\/octobris.es\/wp-content\/uploads\/2020\/05\/octobris-cabecera-contacto.jpg?id=7367) !important;background-position: center !important;background-repeat: no-repeat !important;background-size: cover !important;}&#8221;][vc_column css=&#8221;.vc_custom_1588667624523{padding-top: 50px !important;padding-bottom: 50px !important;}&#8221;][vc_column_text] Kontakt [\/vc_column_text][\/vc_column][\/vc_row][vc_row el_class=&#8221;contact-us4&#8243;][vc_column][vc_column_text] Kontaktieren Sie uns f\u00fcr weitere Informationen oder f\u00fcr Anregungen, wie wir Ihnen besser helfen k\u00f6nnen. Wenn Sie Fragen habenoder Informationen zu einem unserer Produkte ben\u00f6tigen, k\u00f6nnen Sie uns \u00fcber das folgende Formular kontaktieren. Wir werden uns [&hellip;]\" \/>\n<meta property=\"og:url\" content=\"https:\/\/octobris.es\/de\/kontakt\/\" \/>\n<meta property=\"og:site_name\" content=\"Octobris\" \/>\n<meta property=\"article:publisher\" content=\"https:\/\/www.facebook.com\/AceiteOctobris\/\" \/>\n<meta property=\"article:modified_time\" content=\"2020-09-10T10:37:12+00:00\" \/>\n<meta name=\"twitter:card\" content=\"summary_large_image\" \/>\n<meta name=\"twitter:label1\" content=\"Gesch\u00e4tzte Lesezeit\" \/>\n\t<meta name=\"twitter:data1\" content=\"2\u00a0Minuten\" \/>\n<script type=\"application\/ld+json\" class=\"yoast-schema-graph\">{\"@context\":\"https:\\\/\\\/schema.org\",\"@graph\":[{\"@type\":\"WebPage\",\"@id\":\"https:\\\/\\\/octobris.es\\\/de\\\/kontakt\\\/\",\"url\":\"https:\\\/\\\/octobris.es\\\/de\\\/kontakt\\\/\",\"name\":\"Kontakt - Octobris\",\"isPartOf\":{\"@id\":\"https:\\\/\\\/octobris.es\\\/#website\"},\"datePublished\":\"2019-02-19T02:26:36+00:00\",\"dateModified\":\"2020-09-10T10:37:12+00:00\",\"breadcrumb\":{\"@id\":\"https:\\\/\\\/octobris.es\\\/de\\\/kontakt\\\/#breadcrumb\"},\"inLanguage\":\"de\",\"potentialAction\":[{\"@type\":\"ReadAction\",\"target\":[\"https:\\\/\\\/octobris.es\\\/de\\\/kontakt\\\/\"]}]},{\"@type\":\"BreadcrumbList\",\"@id\":\"https:\\\/\\\/octobris.es\\\/de\\\/kontakt\\\/#breadcrumb\",\"itemListElement\":[{\"@type\":\"ListItem\",\"position\":1,\"name\":\"Portada\",\"item\":\"https:\\\/\\\/octobris.es\\\/de\\\/\"},{\"@type\":\"ListItem\",\"position\":2,\"name\":\"Kontakt\"}]},{\"@type\":\"WebSite\",\"@id\":\"https:\\\/\\\/octobris.es\\\/#website\",\"url\":\"https:\\\/\\\/octobris.es\\\/\",\"name\":\"Octobris\",\"description\":\"Aceite de Oliva Virgen Extra Premium\",\"publisher\":{\"@id\":\"https:\\\/\\\/octobris.es\\\/#organization\"},\"potentialAction\":[{\"@type\":\"SearchAction\",\"target\":{\"@type\":\"EntryPoint\",\"urlTemplate\":\"https:\\\/\\\/octobris.es\\\/?s={search_term_string}\"},\"query-input\":{\"@type\":\"PropertyValueSpecification\",\"valueRequired\":true,\"valueName\":\"search_term_string\"}}],\"inLanguage\":\"de\"},{\"@type\":\"Organization\",\"@id\":\"https:\\\/\\\/octobris.es\\\/#organization\",\"name\":\"ACEITES MONTA\u00d1A, S.L.\",\"url\":\"https:\\\/\\\/octobris.es\\\/\",\"logo\":{\"@type\":\"ImageObject\",\"inLanguage\":\"de\",\"@id\":\"https:\\\/\\\/octobris.es\\\/#\\\/schema\\\/logo\\\/image\\\/\",\"url\":\"https:\\\/\\\/octobris.es\\\/wp-content\\\/uploads\\\/2020\\\/04\\\/cropped-logo-octobris-1.png\",\"contentUrl\":\"https:\\\/\\\/octobris.es\\\/wp-content\\\/uploads\\\/2020\\\/04\\\/cropped-logo-octobris-1.png\",\"width\":198,\"height\":250,\"caption\":\"ACEITES MONTA\u00d1A, S.L.\"},\"image\":{\"@id\":\"https:\\\/\\\/octobris.es\\\/#\\\/schema\\\/logo\\\/image\\\/\"},\"sameAs\":[\"https:\\\/\\\/www.facebook.com\\\/AceiteOctobris\\\/\",\"https:\\\/\\\/www.instagram.com\\\/aceiteoctobris\\\/\",\"https:\\\/\\\/www.youtube.com\\\/channel\\\/UCwyOuF_TcMFvtjEAkfdHZRA\",\"https:\\\/\\\/www.linkedin.com\\\/company\\\/aceite-octobris\"]}]}<\/script>\n<!-- \/ Yoast SEO plugin. -->","yoast_head_json":{"title":"Kontakt - Octobris","robots":{"index":"noindex","follow":"follow"},"og_locale":"de_DE","og_type":"article","og_title":"Kontakt - Octobris","og_description":"[vc_row full_width=&#8221;stretch_row&#8221; css=&#8221;.vc_custom_1589354363352{background-image: url(http:\/\/octobris.es\/wp-content\/uploads\/2020\/05\/octobris-cabecera-contacto.jpg?id=7367) !important;background-position: center !important;background-repeat: no-repeat !important;background-size: cover !important;}&#8221;][vc_column css=&#8221;.vc_custom_1588667624523{padding-top: 50px !important;padding-bottom: 50px !important;}&#8221;][vc_column_text] Kontakt [\/vc_column_text][\/vc_column][\/vc_row][vc_row el_class=&#8221;contact-us4&#8243;][vc_column][vc_column_text] Kontaktieren Sie uns f\u00fcr weitere Informationen oder f\u00fcr Anregungen, wie wir Ihnen besser helfen k\u00f6nnen. Wenn Sie Fragen habenoder Informationen zu einem unserer Produkte ben\u00f6tigen, k\u00f6nnen Sie uns \u00fcber das folgende Formular kontaktieren. Wir werden uns [&hellip;]","og_url":"https:\/\/octobris.es\/de\/kontakt\/","og_site_name":"Octobris","article_publisher":"https:\/\/www.facebook.com\/AceiteOctobris\/","article_modified_time":"2020-09-10T10:37:12+00:00","twitter_card":"summary_large_image","twitter_misc":{"Gesch\u00e4tzte Lesezeit":"2\u00a0Minuten"},"schema":{"@context":"https:\/\/schema.org","@graph":[{"@type":"WebPage","@id":"https:\/\/octobris.es\/de\/kontakt\/","url":"https:\/\/octobris.es\/de\/kontakt\/","name":"Kontakt - Octobris","isPartOf":{"@id":"https:\/\/octobris.es\/#website"},"datePublished":"2019-02-19T02:26:36+00:00","dateModified":"2020-09-10T10:37:12+00:00","breadcrumb":{"@id":"https:\/\/octobris.es\/de\/kontakt\/#breadcrumb"},"inLanguage":"de","potentialAction":[{"@type":"ReadAction","target":["https:\/\/octobris.es\/de\/kontakt\/"]}]},{"@type":"BreadcrumbList","@id":"https:\/\/octobris.es\/de\/kontakt\/#breadcrumb","itemListElement":[{"@type":"ListItem","position":1,"name":"Portada","item":"https:\/\/octobris.es\/de\/"},{"@type":"ListItem","position":2,"name":"Kontakt"}]},{"@type":"WebSite","@id":"https:\/\/octobris.es\/#website","url":"https:\/\/octobris.es\/","name":"Octobris","description":"Aceite de Oliva Virgen Extra Premium","publisher":{"@id":"https:\/\/octobris.es\/#organization"},"potentialAction":[{"@type":"SearchAction","target":{"@type":"EntryPoint","urlTemplate":"https:\/\/octobris.es\/?s={search_term_string}"},"query-input":{"@type":"PropertyValueSpecification","valueRequired":true,"valueName":"search_term_string"}}],"inLanguage":"de"},{"@type":"Organization","@id":"https:\/\/octobris.es\/#organization","name":"ACEITES MONTA\u00d1A, S.L.","url":"https:\/\/octobris.es\/","logo":{"@type":"ImageObject","inLanguage":"de","@id":"https:\/\/octobris.es\/#\/schema\/logo\/image\/","url":"https:\/\/octobris.es\/wp-content\/uploads\/2020\/04\/cropped-logo-octobris-1.png","contentUrl":"https:\/\/octobris.es\/wp-content\/uploads\/2020\/04\/cropped-logo-octobris-1.png","width":198,"height":250,"caption":"ACEITES MONTA\u00d1A, S.L."},"image":{"@id":"https:\/\/octobris.es\/#\/schema\/logo\/image\/"},"sameAs":["https:\/\/www.facebook.com\/AceiteOctobris\/","https:\/\/www.instagram.com\/aceiteoctobris\/","https:\/\/www.youtube.com\/channel\/UCwyOuF_TcMFvtjEAkfdHZRA","https:\/\/www.linkedin.com\/company\/aceite-octobris"]}]}},"_links":{"self":[{"href":"https:\/\/octobris.es\/de\/wp-json\/wp\/v2\/pages\/9690","targetHints":{"allow":["GET"]}}],"collection":[{"href":"https:\/\/octobris.es\/de\/wp-json\/wp\/v2\/pages"}],"about":[{"href":"https:\/\/octobris.es\/de\/wp-json\/wp\/v2\/types\/page"}],"author":[{"embeddable":true,"href":"https:\/\/octobris.es\/de\/wp-json\/wp\/v2\/users\/5"}],"replies":[{"embeddable":true,"href":"https:\/\/octobris.es\/de\/wp-json\/wp\/v2\/comments?post=9690"}],"version-history":[{"count":4,"href":"https:\/\/octobris.es\/de\/wp-json\/wp\/v2\/pages\/9690\/revisions"}],"predecessor-version":[{"id":9768,"href":"https:\/\/octobris.es\/de\/wp-json\/wp\/v2\/pages\/9690\/revisions\/9768"}],"wp:attachment":[{"href":"https:\/\/octobris.es\/de\/wp-json\/wp\/v2\/media?parent=9690"}],"curies":[{"name":"wp","href":"https:\/\/api.w.org\/{rel}","templated":true}]}}