{"id":9696,"date":"2020-05-22T11:50:44","date_gmt":"2020-05-22T11:50:44","guid":{"rendered":"https:\/\/octobris.es\/methods-of-payment\/"},"modified":"2020-09-09T13:59:54","modified_gmt":"2020-09-09T11:59:54","slug":"zahlungsmethoden","status":"publish","type":"page","link":"https:\/\/octobris.es\/de\/zahlungsmethoden\/","title":{"rendered":"Zahlungsmethoden"},"content":{"rendered":"<div class=\"wpb-content-wrapper\"><p>[vc_row full_width=&#8221;stretch_row&#8221; css=&#8221;.vc_custom_1590092819099{background-image: url(https:\/\/octobris.es\/wp-content\/uploads\/2020\/05\/octobris-cabecera-politica.jpg?id=8256) !important;}&#8221;][vc_column css=&#8221;.vc_custom_1588667624523{padding-top: 50px !important;padding-bottom: 50px !important;}&#8221;][vc_column_text]<\/p>\n<h1 style=\"color: #ffffff; text-align: center;\">Zahlungsmethoden<\/h1>\n<p>[\/vc_column_text][\/vc_column][\/vc_row][vc_row][vc_column][vc_empty_space][vc_column_text]Bei OCTOBRIS haben wir die modernsten Technologien integriert und sind mit den innovativsten und sichersten Zahlungsplattformen der Welt verbunden. Dies erm\u00f6glicht es uns, unseren <strong>Kunden schnelle, einfache und 100% sichere Zahlungen \u00fcber das 3DSecures-System anzubieten<\/strong>.<\/p>\n<p><strong>Wir speichern keine sensiblen Daten unserer Kunden<\/strong> und alle werden extern von unseren Lieferanten gehostet und verarbeitet, die \u00a0mit den <strong>fortschrittlichsten Sicherheitsma\u00dfnahmen arbeiten<\/strong>.<\/p>\n<p>OCTOBRIS bietet\u00a0 <strong>2 Zahlungsm\u00f6glichkeiten f\u00fcr Bestellungen<\/strong> \u00fcber unsere Website. Sie k\u00f6nnen die Zahlungsmethode zum Zeitpunkt der Validierung des Warenkorbs ausw\u00e4hlen.[\/vc_column_text][\/vc_column][\/vc_row][vc_row][vc_column][vc_column_text]<\/p>\n<h2><strong>KREDITKARTEN<\/strong><\/h2>\n<p>[\/vc_column_text][vc_column_text]<strong>Zahlung mit Kredit- oder Debitkarte (Visa, Visa Electron, MasterCard)<\/strong><\/p>\n<p>Der Kaufprozess wird durchgef\u00fchrt, ohne unsere Website zu verlassen, was einen gr\u00f6\u00dferen Erfolg im Prozess garantiert und von unseren Kunden auf verst\u00e4ndliche und einfache Weise durchgef\u00fchrt werden kann.[\/vc_column_text][vc_empty_space][vc_separator color=&#8221;custom&#8221; align=&#8221;align_left&#8221; el_width=&#8221;60&#8243; accent_color=&#8221;#b7bf10&#8243;][vc_empty_space][\/vc_column][\/vc_row][vc_row][vc_column][vc_column_text]<\/p>\n<h2><strong>BANK\u00dcBERWEISUNG<\/strong><\/h2>\n<p>[\/vc_column_text][vc_column_text]<strong>Zahlung per \u00dcberweisung auf das Konto von La Caixa.<\/strong><\/p>\n<p>Sie k\u00f6nnen Ihren Einkauf per \u00dcberweisung oder direkter Einzahlung auf unser Bankkonto bezahlen. Bitte beachten Sie, dass mit dieser Zahlungsweise bezahlte Bestellungen erst nach Best\u00e4tigung der Zahlung reserviert oder versendet werden. Wenn wir innerhalb von f\u00fcnf Arbeitstagen ab dem Datum der Bestellung keine Zahlung f\u00fcr den vollen Betrag erhalten, wird die Bestellung storniert. Das Senden des \u00dcberweisungsbelegs kann den Vorgang beschleunigen, dient jedoch nicht zur Validierung.<\/p>\n<p><strong>Vergessen Sie nicht, Ihren Vor- und Nachnamen sowie die Bestellnummer im Betreff der \u00dcberweisung anzugeben.<\/strong><\/p>\n<p><strong>Beg\u00fcnstigter<\/strong>: OCTOBRIS<\/p>\n<p><strong>La Caixa<\/strong>: ES80 2100 2271 2502 0038 5884[\/vc_column_text][vc_empty_space][vc_separator color=&#8221;custom&#8221; align=&#8221;align_left&#8221; el_width=&#8221;60&#8243; accent_color=&#8221;#b7bf10&#8243;][vc_empty_space][\/vc_column][\/vc_row]<\/p>\n<\/div>","protected":false},"excerpt":{"rendered":"<p>[vc_row full_width=&#8221;stretch_row&#8221; css=&#8221;.vc_custom_1590092819099{background-image: url(https:\/\/octobris.es\/wp-content\/uploads\/2020\/05\/octobris-cabecera-politica.jpg?id=8256) !important;}&#8221;][vc_column css=&#8221;.vc_custom_1588667624523{padding-top: 50px !important;padding-bottom: 50px !important;}&#8221;][vc_column_text] Zahlungsmethoden [\/vc_column_text][\/vc_column][\/vc_row][vc_row][vc_column][vc_empty_space][vc_column_text]Bei OCTOBRIS haben wir die modernsten Technologien integriert und sind mit den innovativsten und sichersten Zahlungsplattformen der Welt verbunden. Dies erm\u00f6glicht es uns, unseren Kunden schnelle, einfache und 100% sichere Zahlungen \u00fcber das 3DSecures-System anzubieten. Wir speichern keine sensiblen Daten unserer Kunden und alle [&hellip;]<\/p>\n","protected":false},"author":5,"featured_media":0,"parent":0,"menu_order":0,"comment_status":"closed","ping_status":"closed","template":"","meta":{"footnotes":""},"class_list":["post-9696","page","type-page","status-publish","hentry"],"yoast_head":"<!-- This site is optimized with the Yoast SEO plugin v27.3 - https:\/\/yoast.com\/product\/yoast-seo-wordpress\/ -->\n<title>Zahlungsmethoden - Octobris<\/title>\n<meta name=\"robots\" content=\"index, follow, max-snippet:-1, max-image-preview:large, max-video-preview:-1\" \/>\n<link rel=\"canonical\" href=\"https:\/\/octobris.es\/de\/zahlungsmethoden\/\" \/>\n<meta property=\"og:locale\" content=\"de_DE\" \/>\n<meta property=\"og:type\" content=\"article\" \/>\n<meta property=\"og:title\" content=\"Zahlungsmethoden - Octobris\" \/>\n<meta property=\"og:description\" content=\"[vc_row full_width=&#8221;stretch_row&#8221; css=&#8221;.vc_custom_1590092819099{background-image: url(https:\/\/octobris.es\/wp-content\/uploads\/2020\/05\/octobris-cabecera-politica.jpg?id=8256) !important;}&#8221;][vc_column css=&#8221;.vc_custom_1588667624523{padding-top: 50px !important;padding-bottom: 50px !important;}&#8221;][vc_column_text] Zahlungsmethoden [\/vc_column_text][\/vc_column][\/vc_row][vc_row][vc_column][vc_empty_space][vc_column_text]Bei OCTOBRIS haben wir die modernsten Technologien integriert und sind mit den innovativsten und sichersten Zahlungsplattformen der Welt verbunden. Dies erm\u00f6glicht es uns, unseren Kunden schnelle, einfache und 100% sichere Zahlungen \u00fcber das 3DSecures-System anzubieten. Wir speichern keine sensiblen Daten unserer Kunden und alle [&hellip;]\" \/>\n<meta property=\"og:url\" content=\"https:\/\/octobris.es\/de\/zahlungsmethoden\/\" \/>\n<meta property=\"og:site_name\" content=\"Octobris\" \/>\n<meta property=\"article:publisher\" content=\"https:\/\/www.facebook.com\/AceiteOctobris\/\" \/>\n<meta property=\"article:modified_time\" content=\"2020-09-09T11:59:54+00:00\" \/>\n<meta name=\"twitter:card\" content=\"summary_large_image\" \/>\n<meta name=\"twitter:label1\" content=\"Gesch\u00e4tzte Lesezeit\" \/>\n\t<meta name=\"twitter:data1\" content=\"2\u00a0Minuten\" \/>\n<script type=\"application\/ld+json\" class=\"yoast-schema-graph\">{\"@context\":\"https:\\\/\\\/schema.org\",\"@graph\":[{\"@type\":\"WebPage\",\"@id\":\"https:\\\/\\\/octobris.es\\\/de\\\/zahlungsmethoden\\\/\",\"url\":\"https:\\\/\\\/octobris.es\\\/de\\\/zahlungsmethoden\\\/\",\"name\":\"Zahlungsmethoden - Octobris\",\"isPartOf\":{\"@id\":\"https:\\\/\\\/octobris.es\\\/#website\"},\"datePublished\":\"2020-05-22T11:50:44+00:00\",\"dateModified\":\"2020-09-09T11:59:54+00:00\",\"breadcrumb\":{\"@id\":\"https:\\\/\\\/octobris.es\\\/de\\\/zahlungsmethoden\\\/#breadcrumb\"},\"inLanguage\":\"de\",\"potentialAction\":[{\"@type\":\"ReadAction\",\"target\":[\"https:\\\/\\\/octobris.es\\\/de\\\/zahlungsmethoden\\\/\"]}]},{\"@type\":\"BreadcrumbList\",\"@id\":\"https:\\\/\\\/octobris.es\\\/de\\\/zahlungsmethoden\\\/#breadcrumb\",\"itemListElement\":[{\"@type\":\"ListItem\",\"position\":1,\"name\":\"Portada\",\"item\":\"https:\\\/\\\/octobris.es\\\/de\\\/\"},{\"@type\":\"ListItem\",\"position\":2,\"name\":\"Zahlungsmethoden\"}]},{\"@type\":\"WebSite\",\"@id\":\"https:\\\/\\\/octobris.es\\\/#website\",\"url\":\"https:\\\/\\\/octobris.es\\\/\",\"name\":\"Octobris\",\"description\":\"Aceite de Oliva Virgen Extra Premium\",\"publisher\":{\"@id\":\"https:\\\/\\\/octobris.es\\\/#organization\"},\"potentialAction\":[{\"@type\":\"SearchAction\",\"target\":{\"@type\":\"EntryPoint\",\"urlTemplate\":\"https:\\\/\\\/octobris.es\\\/?s={search_term_string}\"},\"query-input\":{\"@type\":\"PropertyValueSpecification\",\"valueRequired\":true,\"valueName\":\"search_term_string\"}}],\"inLanguage\":\"de\"},{\"@type\":\"Organization\",\"@id\":\"https:\\\/\\\/octobris.es\\\/#organization\",\"name\":\"ACEITES MONTA\u00d1A, S.L.\",\"url\":\"https:\\\/\\\/octobris.es\\\/\",\"logo\":{\"@type\":\"ImageObject\",\"inLanguage\":\"de\",\"@id\":\"https:\\\/\\\/octobris.es\\\/#\\\/schema\\\/logo\\\/image\\\/\",\"url\":\"https:\\\/\\\/octobris.es\\\/wp-content\\\/uploads\\\/2020\\\/04\\\/cropped-logo-octobris-1.png\",\"contentUrl\":\"https:\\\/\\\/octobris.es\\\/wp-content\\\/uploads\\\/2020\\\/04\\\/cropped-logo-octobris-1.png\",\"width\":198,\"height\":250,\"caption\":\"ACEITES MONTA\u00d1A, S.L.\"},\"image\":{\"@id\":\"https:\\\/\\\/octobris.es\\\/#\\\/schema\\\/logo\\\/image\\\/\"},\"sameAs\":[\"https:\\\/\\\/www.facebook.com\\\/AceiteOctobris\\\/\",\"https:\\\/\\\/www.instagram.com\\\/aceiteoctobris\\\/\",\"https:\\\/\\\/www.youtube.com\\\/channel\\\/UCwyOuF_TcMFvtjEAkfdHZRA\",\"https:\\\/\\\/www.linkedin.com\\\/company\\\/aceite-octobris\"]}]}<\/script>\n<!-- \/ Yoast SEO plugin. -->","yoast_head_json":{"title":"Zahlungsmethoden - Octobris","robots":{"index":"index","follow":"follow","max-snippet":"max-snippet:-1","max-image-preview":"max-image-preview:large","max-video-preview":"max-video-preview:-1"},"canonical":"https:\/\/octobris.es\/de\/zahlungsmethoden\/","og_locale":"de_DE","og_type":"article","og_title":"Zahlungsmethoden - Octobris","og_description":"[vc_row full_width=&#8221;stretch_row&#8221; css=&#8221;.vc_custom_1590092819099{background-image: url(https:\/\/octobris.es\/wp-content\/uploads\/2020\/05\/octobris-cabecera-politica.jpg?id=8256) !important;}&#8221;][vc_column css=&#8221;.vc_custom_1588667624523{padding-top: 50px !important;padding-bottom: 50px !important;}&#8221;][vc_column_text] Zahlungsmethoden [\/vc_column_text][\/vc_column][\/vc_row][vc_row][vc_column][vc_empty_space][vc_column_text]Bei OCTOBRIS haben wir die modernsten Technologien integriert und sind mit den innovativsten und sichersten Zahlungsplattformen der Welt verbunden. Dies erm\u00f6glicht es uns, unseren Kunden schnelle, einfache und 100% sichere Zahlungen \u00fcber das 3DSecures-System anzubieten. Wir speichern keine sensiblen Daten unserer Kunden und alle [&hellip;]","og_url":"https:\/\/octobris.es\/de\/zahlungsmethoden\/","og_site_name":"Octobris","article_publisher":"https:\/\/www.facebook.com\/AceiteOctobris\/","article_modified_time":"2020-09-09T11:59:54+00:00","twitter_card":"summary_large_image","twitter_misc":{"Gesch\u00e4tzte Lesezeit":"2\u00a0Minuten"},"schema":{"@context":"https:\/\/schema.org","@graph":[{"@type":"WebPage","@id":"https:\/\/octobris.es\/de\/zahlungsmethoden\/","url":"https:\/\/octobris.es\/de\/zahlungsmethoden\/","name":"Zahlungsmethoden - Octobris","isPartOf":{"@id":"https:\/\/octobris.es\/#website"},"datePublished":"2020-05-22T11:50:44+00:00","dateModified":"2020-09-09T11:59:54+00:00","breadcrumb":{"@id":"https:\/\/octobris.es\/de\/zahlungsmethoden\/#breadcrumb"},"inLanguage":"de","potentialAction":[{"@type":"ReadAction","target":["https:\/\/octobris.es\/de\/zahlungsmethoden\/"]}]},{"@type":"BreadcrumbList","@id":"https:\/\/octobris.es\/de\/zahlungsmethoden\/#breadcrumb","itemListElement":[{"@type":"ListItem","position":1,"name":"Portada","item":"https:\/\/octobris.es\/de\/"},{"@type":"ListItem","position":2,"name":"Zahlungsmethoden"}]},{"@type":"WebSite","@id":"https:\/\/octobris.es\/#website","url":"https:\/\/octobris.es\/","name":"Octobris","description":"Aceite de Oliva Virgen Extra Premium","publisher":{"@id":"https:\/\/octobris.es\/#organization"},"potentialAction":[{"@type":"SearchAction","target":{"@type":"EntryPoint","urlTemplate":"https:\/\/octobris.es\/?s={search_term_string}"},"query-input":{"@type":"PropertyValueSpecification","valueRequired":true,"valueName":"search_term_string"}}],"inLanguage":"de"},{"@type":"Organization","@id":"https:\/\/octobris.es\/#organization","name":"ACEITES MONTA\u00d1A, S.L.","url":"https:\/\/octobris.es\/","logo":{"@type":"ImageObject","inLanguage":"de","@id":"https:\/\/octobris.es\/#\/schema\/logo\/image\/","url":"https:\/\/octobris.es\/wp-content\/uploads\/2020\/04\/cropped-logo-octobris-1.png","contentUrl":"https:\/\/octobris.es\/wp-content\/uploads\/2020\/04\/cropped-logo-octobris-1.png","width":198,"height":250,"caption":"ACEITES MONTA\u00d1A, S.L."},"image":{"@id":"https:\/\/octobris.es\/#\/schema\/logo\/image\/"},"sameAs":["https:\/\/www.facebook.com\/AceiteOctobris\/","https:\/\/www.instagram.com\/aceiteoctobris\/","https:\/\/www.youtube.com\/channel\/UCwyOuF_TcMFvtjEAkfdHZRA","https:\/\/www.linkedin.com\/company\/aceite-octobris"]}]}},"_links":{"self":[{"href":"https:\/\/octobris.es\/de\/wp-json\/wp\/v2\/pages\/9696","targetHints":{"allow":["GET"]}}],"collection":[{"href":"https:\/\/octobris.es\/de\/wp-json\/wp\/v2\/pages"}],"about":[{"href":"https:\/\/octobris.es\/de\/wp-json\/wp\/v2\/types\/page"}],"author":[{"embeddable":true,"href":"https:\/\/octobris.es\/de\/wp-json\/wp\/v2\/users\/5"}],"replies":[{"embeddable":true,"href":"https:\/\/octobris.es\/de\/wp-json\/wp\/v2\/comments?post=9696"}],"version-history":[{"count":4,"href":"https:\/\/octobris.es\/de\/wp-json\/wp\/v2\/pages\/9696\/revisions"}],"predecessor-version":[{"id":9700,"href":"https:\/\/octobris.es\/de\/wp-json\/wp\/v2\/pages\/9696\/revisions\/9700"}],"wp:attachment":[{"href":"https:\/\/octobris.es\/de\/wp-json\/wp\/v2\/media?parent=9696"}],"curies":[{"name":"wp","href":"https:\/\/api.w.org\/{rel}","templated":true}]}}