{"id":9703,"date":"2017-03-20T07:17:22","date_gmt":"2017-03-20T07:17:22","guid":{"rendered":"https:\/\/octobris.es\/faq\/"},"modified":"2020-09-10T11:10:14","modified_gmt":"2020-09-10T09:10:14","slug":"faq","status":"publish","type":"page","link":"https:\/\/octobris.es\/de\/faq\/","title":{"rendered":"FAQ"},"content":{"rendered":"<div class=\"wpb-content-wrapper\"><p>[vc_row full_width=&#8221;stretch_row&#8221; css=&#8221;.vc_custom_1590070784442{background-image: url(https:\/\/octobris.es\/wp-content\/uploads\/2020\/05\/octobris-cabecera-politica.jpg?id=8256) !important;}&#8221;][vc_column css=&#8221;.vc_custom_1588667624523{padding-top: 50px !important;padding-bottom: 50px !important;}&#8221;][vc_column_text]<\/p>\n<h1 style=\"text-shadow: #ffffff 1px 1px 1px; text-align: center;\"><span style=\"color: #ffffff;\">FAQS<\/span><\/h1>\n<p>[\/vc_column_text][\/vc_column][\/vc_row][vc_row css=&#8221;.vc_custom_1590071600773{margin-top: 40px !important;margin-bottom: 20px !important;}&#8221; el_class=&#8221;faq&#8221;][vc_column width=&#8221;1\/6&#8243;][\/vc_column][vc_column width=&#8221;2\/3&#8243; css=&#8221;.vc_custom_1590071484621{margin-bottom: 0px !important;}&#8221;][vc_toggle title=&#8221;Was ist EVOO?&#8221; css=&#8221;.vc_custom_1599723968417{margin-bottom: 0px !important;}&#8221;]Sie sind die Initialen von Extra Vergin Oliv Oil (engl.)l; reiner nat\u00fcrlicher Olivensaft, ohne Zusetzung von Aroma- oder Geschmacksverst\u00e4rkern und mit den besten geschmacklichen Eigenschaften.<\/p>\n<p>&nbsp;<\/p>\n<p>Die charakteristischen und einzigartigen Eigenschaften eines guten EVOO sind seine hoher Fruchanteil, ausgewogene Fruchtigkeit, seine Sch\u00e4rfe und der leicht bittere Geschmack, Eigenschaften, die in fast allen hochwertigen nativen Oliven\u00f6len von vorhanden sind, insbesondere in solchen, die aus gr\u00fcneren Oliven stammen und. zu Beginn der Ernte gesammelt werden. Der daraus gewonnene Saft hat eine h\u00f6here Konzentration an bestimmten nat\u00fcrlichen Verbindungen wie <strong>Oleuropein<\/strong> und <strong>Oleocantal<\/strong>, die f\u00fcr seinen etwas bitteren und scharfen Geschmack verantwortlich sind. Diese nat\u00fcrlichen Antioxidantien werden mehr oder weniger stark entwickelt, abh\u00e4ngig von der Frucht (Sorte und Reifegrad), vom Wetter und der Art der Ernte&#8230;<\/p>\n<p>&nbsp;<\/p>\n<p>Jedes EVOO hat einen maximalen S\u00e4uregehalt von 0,8%.[\/vc_toggle][\/vc_column][vc_column width=&#8221;1\/6&#8243;][\/vc_column][\/vc_row][vc_row css=&#8221;.vc_custom_1590506117576{margin-bottom: 20px !important;}&#8221; el_class=&#8221;faq&#8221;][vc_column width=&#8221;1\/6&#8243;][\/vc_column][vc_column width=&#8221;2\/3&#8243; css=&#8221;.vc_custom_1590071484621{margin-bottom: 0px !important;}&#8221;][vc_toggle title=&#8221;Was ist gr\u00fcnes natives Oliven\u00f6l extra?&#8221; css=&#8221;.vc_custom_1599724118070{margin-bottom: 0px !important;}&#8221;]Gr\u00fcnes natives Oliven\u00f6l extra wird zu Beginn der Ernte hergestellt, w<strong>enn die Olive jung und gesund ist<\/strong>, wie es sonst nicht m\u00f6glich w\u00e4re. Es ist im Volksmund als <strong>fr\u00fches Oliven\u00f6l<\/strong>, fr\u00fches EVOO oder Premium EVOO bekannt. Dies sind die ersten EVOOs des Jahres, die haupts\u00e4chlich aus <strong>gr\u00fcnen Oliven<\/strong> stammen und Anfang Oktober in den w\u00e4rmsten Gebieten (auf dem Land) und zwischen Mitte und Ende Oktober in den k\u00e4ltesten Gebieten (in den Bergen) gepfl\u00fcckt werden. wie bei OCTOBRIS BIO VERDE (GR\u00dcN). Der Schl\u00fcssel ist, dass die Oliven gesund und die meisten au\u00dfen noch gr\u00fcn sind, obwohl einige wenige anfangen, (veraison) sich lila zu f\u00e4rben. Dadurch hat dieses \u00d6l einen fruchtigeren Geschmack und intensivere Aromen und Ger\u00fcche.[\/vc_toggle][\/vc_column][vc_column width=&#8221;1\/6&#8243;][\/vc_column][\/vc_row][vc_row css=&#8221;.vc_custom_1590070851801{margin-bottom: 20px !important;}&#8221; el_class=&#8221;faq&#8221;][vc_column width=&#8221;1\/6&#8243;][\/vc_column][vc_column width=&#8221;2\/3&#8243;][vc_toggle title=&#8221;Wie viele Arten von Oliven\u00f6l gibt es?&#8221; css=&#8221;.vc_custom_1599726785129{margin-bottom: 0px !important;}&#8221;]Diese Tabelle erkl\u00e4rt sehr gut den Unterschied zwischen den verschiedenen Oliven\u00f6len nach Qualit\u00e4t und Typologie. In Bezug auf die Qualit\u00e4t wird in zwei Hauptgruppen unterschieden: S\u00c4FTE, die direkt aus Oliven gepresst werden, und RAFFINIERTE \u00d6LE , in diesen beiden Hauptgruppen gibt es verschiedene Sorten.<\/p>\n<p><img decoding=\"async\" class=\"alignleft wp-image-9706 size-full\" src=\"https:\/\/octobris.es\/wp-content\/uploads\/2020\/09\/tipos-de-aceite-de.jpg\" alt=\"\" width=\"467\" height=\"398\" srcset=\"https:\/\/octobris.es\/wp-content\/uploads\/2020\/09\/tipos-de-aceite-de.jpg 467w, https:\/\/octobris.es\/wp-content\/uploads\/2020\/09\/tipos-de-aceite-de-300x256.jpg 300w\" sizes=\"(max-width: 467px) 100vw, 467px\" \/>[\/vc_toggle][\/vc_column][vc_column width=&#8221;1\/6&#8243;][\/vc_column][\/vc_row][vc_row css=&#8221;.vc_custom_1498209422486{margin-bottom: 20px !important;}&#8221; el_class=&#8221;faq&#8221;][vc_column width=&#8221;1\/6&#8243;][\/vc_column][vc_column width=&#8221;2\/3&#8243;][vc_toggle title=&#8221;Was ist Bio-Oliven\u00f6l extra vergine?&#8221; css=&#8221;.vc_custom_1599727089024{margin-bottom: 0px !important;}&#8221;]Bio-Oliven\u00f6l ist das Oliven\u00f6l, dessen Oliven ausschlie\u00dflich mit organischem D\u00fcnger angebaut wurde. Die Umgebung der Anbaufl\u00e4chen der Umgang mit dem Produkt und seine Vermarktung entsprechen den Vorschriften zur \u00f6kologischen Lebensmittelproduktion der EU, wie das <strong>Comit\u00e9 de Agricultura Ecol\u00f3gica de la Comunitat Valenciana (CAECV)<\/strong>, die offizielle Stelle, die OCTOBRIS BIO-Produkte zertifiziert hat.<\/p>\n<p><img decoding=\"async\" class=\"aligncenter wp-image-9709 size-full\" src=\"https:\/\/octobris.es\/wp-content\/uploads\/2020\/09\/ecologico-tradicional-de.jpg\" alt=\"\" width=\"908\" height=\"222\" srcset=\"https:\/\/octobris.es\/wp-content\/uploads\/2020\/09\/ecologico-tradicional-de.jpg 908w, https:\/\/octobris.es\/wp-content\/uploads\/2020\/09\/ecologico-tradicional-de-300x73.jpg 300w, https:\/\/octobris.es\/wp-content\/uploads\/2020\/09\/ecologico-tradicional-de-768x188.jpg 768w, https:\/\/octobris.es\/wp-content\/uploads\/2020\/09\/ecologico-tradicional-de-500x122.jpg 500w\" sizes=\"(max-width: 908px) 100vw, 908px\" \/>[\/vc_toggle][\/vc_column][vc_column width=&#8221;1\/6&#8243;][\/vc_column][\/vc_row][vc_row css=&#8221;.vc_custom_1498209422486{margin-bottom: 20px !important;}&#8221; el_class=&#8221;faq&#8221;][vc_column width=&#8221;1\/6&#8243;][\/vc_column][vc_column width=&#8221;2\/3&#8243;][vc_toggle title=&#8221;Ist \u00f6kologisches, organisches,und Bio-\u00d6l gleich? Wie unterscheideich sie beim Kaufen?&#8221; css=&#8221;.vc_custom_1599727375987{margin-bottom: 0px !important;}&#8221;]Die Bezeichnung \u00f6kologisch, organisch oder biol (es handelt sich um Konzepte, die dasselbe bedeuten) wird nur in Produkten verwendet, die ausschlie\u00dflich mit organischen D\u00fcngemitteln kultiviert wurden. Die Umgebung der Anbaufl\u00e4chen, der Umgang mit dem Produkt und seine Vermarktung entsprechen den Vorschriften zur \u00f6kologischen Lebensmittelproduktion der EU, wie das <strong>Comit\u00e9 de Agricultura Ecol\u00f3gica de la Comunitat Valencian<\/strong>a (CAECV), die offizielle Stelle, die OCTOBRIS BIO-Produkte zertifiziert hat.<\/p>\n<p>&nbsp;<\/p>\n<p>Zusammen mit diesen Logos der Kontrollstellen muss au\u00dferdem auf den Etiketten von <strong>Bio-Oliven\u00f6len<\/strong> wie der OCTOBRIS BIO-Linie das europ\u00e4ische Logo zusammen mit dem Code der Zertifizierungsstelle, die es zertifiziert, erscheinen. Ebenso wird angegeben, ob der Ursprung des Produkts europ\u00e4isch ist und &#8220;EU-LANDWIRTSCHAFT&#8221; bedeutet.<\/p>\n<p>&nbsp;<\/p>\n<p>Die OCTOBRIS BIO-Linie hat auch die Siegel der franz\u00f6sischen Kontrollstellen (Seal AB &#8211; Agriculture Biologique) und des deutschen Kontrollsiegels (Bio Siegel).<\/p>\n<p><img decoding=\"async\" class=\"aligncenter wp-image-5763 size-full\" src=\"https:\/\/octobris.es\/wp-content\/uploads\/2018\/09\/logos-eco.jpg\" alt=\"\" width=\"400\" height=\"150\" srcset=\"https:\/\/octobris.es\/wp-content\/uploads\/2018\/09\/logos-eco.jpg 400w, https:\/\/octobris.es\/wp-content\/uploads\/2018\/09\/logos-eco-300x113.jpg 300w\" sizes=\"(max-width: 400px) 100vw, 400px\" \/>[\/vc_toggle][\/vc_column][vc_column width=&#8221;1\/6&#8243;][\/vc_column][\/vc_row][vc_row css=&#8221;.vc_custom_1498209422486{margin-bottom: 20px !important;}&#8221; el_class=&#8221;faq&#8221;][vc_column width=&#8221;1\/6&#8243;][\/vc_column][vc_column width=&#8221;2\/3&#8243;][vc_toggle title=&#8221;Was sagt der S\u00e4uregehalt \u00fcber das native Oliven\u00f6l aus?&#8221; css=&#8221;.vc_custom_1599728286008{margin-bottom: 0px !important;}&#8221;]Der S\u00e4uregrad eines nativen Oliven\u00f6ls extra ist einer der Hauptparameter, die im \u00d6l gemessen werden, um seine Qualit\u00e4t zu bestimmen. Dieser S\u00e4uregrad wird durch den Gehalt an Fetts\u00e4uren bestimmt, den das \u00d6l hat, Der S\u00e4uregehalt h\u00e4ngt direkt mit der Frische der Oliven zusammen, aus denen dieses \u00d6l hergestellt wird. Je frischer sie sind, desto geringer ist ihr S\u00e4uregrad.<\/p>\n<p>&nbsp;<\/p>\n<p>Wenn wir den S\u00e4uregrad eines Oliven\u00f6ls kennen, k\u00f6nnen wir neben anderen Faktoren feststellen, ob das \u00d6l ein natives \u00d6l extra oder nicht zum Verzehr geeignet ist.<\/p>\n<p>&nbsp;<\/p>\n<p>Die Klassifizierung der \u00d6lsorten nach ihrem S\u00e4uregrad lautet wie folgt:<\/p>\n<ul>\n<li style=\"list-style-type: none;\">\n<ul>\n<li><strong>Natives Oliven\u00f6l Extra:<\/strong> EVOO darf keinen S\u00e4uregehalt von mehr als 0,8 haben.<\/li>\n<li><strong>Natives Oliven\u00f6l<\/strong>: Der VOO darf einen maximalen S\u00e4uregehalt von 2 haben.<\/li>\n<li><strong>Natives Oliven\u00f6l \u00fcber 2\u00ba<\/strong>: Diese werden als \u00d6l f\u00fcr Leuchten eingestuft und sind nicht f\u00fcr den menschlichen Verzehr geeignet.<\/li>\n<\/ul>\n<\/li>\n<\/ul>\n<p><img decoding=\"async\" class=\"aligncenter wp-image-9712 size-full\" src=\"https:\/\/octobris.es\/wp-content\/uploads\/2020\/09\/acidez-de.jpg\" alt=\"\" width=\"559\" height=\"392\" srcset=\"https:\/\/octobris.es\/wp-content\/uploads\/2020\/09\/acidez-de.jpg 559w, https:\/\/octobris.es\/wp-content\/uploads\/2020\/09\/acidez-de-300x210.jpg 300w, https:\/\/octobris.es\/wp-content\/uploads\/2020\/09\/acidez-de-500x351.jpg 500w\" sizes=\"(max-width: 559px) 100vw, 559px\" \/>[\/vc_toggle][\/vc_column][vc_column width=&#8221;1\/6&#8243;][\/vc_column][\/vc_row][vc_row css=&#8221;.vc_custom_1498209434459{margin-bottom: 20px !important;}&#8221; el_class=&#8221;faq&#8221;][vc_column width=&#8221;1\/6&#8243;][\/vc_column][vc_column width=&#8221;2\/3&#8243;][vc_toggle title=&#8221;Ist EVOO das mildeste \u00d6l?&#8221; css=&#8221;.vc_custom_1599728681064{margin-bottom: 0px !important;}&#8221;]Nein. Der nat\u00fcrliche Charakter von <strong>Nativem Oliven\u00f6l Extra <\/strong>verleiht ihm einen gewissen S\u00e4uregehalt, aber das Aroma und der Geschmack sind unverkennbar. Milde Oliven\u00f6le sind normalerweise minderwertige Industrieprodukte f\u00fcr den Massenkonsum, da sie jede Konzentration nat\u00fcrlicher \u00d6ls\u00e4ure durch chemische Prozesse zunichte machen.[\/vc_toggle][\/vc_column][vc_column width=&#8221;1\/6&#8243;][\/vc_column][\/vc_row][vc_row css=&#8221;.vc_custom_1498209434459{margin-bottom: 20px !important;}&#8221; el_class=&#8221;faq&#8221;][vc_column width=&#8221;1\/6&#8243;][\/vc_column][vc_column width=&#8221;2\/3&#8243;][vc_toggle title=&#8221;H\u00e4ngt die Qualit\u00e4t eines Nativen Oliven\u00f6ls Extra von seiner Farbe ab?&#8221; css=&#8221;.vc_custom_1599728877622{margin-bottom: 0px !important;}&#8221;]Nein. Die Farbe eines Nativen Oliven\u00f6ls ist eine Folge der Sorte und des Reifegrades der Oliven. Wenn die Oliven an ihrem optimalen Gr\u00fcnpunkt gepfl\u00fcckt wurden, wie im Fall des nativen Oliven\u00f6ls GR\u00dcNE OCTOBRIS in seiner Sorte Bio oder Tradicional, hat das \u00d6l eine gr\u00fcnliche Farbe und einen etwas bitteren Geschmack mit w\u00fcrzigen Noten. Wenn andererseits die Oliven wie bei REIFE EVOO OCTOBRIS vollst\u00e4ndig reif geerntet wurden, entstehtein gelblicheres \u00d6l mit einem milderen Geschmack.<\/p>\n<p>&nbsp;<\/p>\n<p>Es sollte auch ber\u00fccksichtigt werden, dass dasselbe \u00d6l je nach Alter und Konservierungsbedingungen seine Farbe \u00e4ndern kann und zu einergoldenen Farbe tendiert.<br \/>\n[\/vc_toggle][\/vc_column][vc_column width=&#8221;1\/6&#8243;][\/vc_column][\/vc_row][vc_row css=&#8221;.vc_custom_1498209434459{margin-bottom: 20px !important;}&#8221; el_class=&#8221;faq&#8221;][vc_column width=&#8221;1\/6&#8243;][\/vc_column][vc_column width=&#8221;2\/3&#8243;][vc_toggle title=&#8221;Wie soll ich das EVOO und VOO verpacken und aufbewahren?&#8221; css=&#8221;.vc_custom_1599728980590{margin-bottom: 0px !important;}&#8221;]Todos los aceites de oliva caducan, tanto el virgen extra como el aceite refinado, ya que se alteran con el tiempo dependiendo de su exposici\u00f3n al ox\u00edgeno, la luz y la temperatura. Por eso, el mejor envase del aceite de oliva virgen extra es el que le proteja de la luz (con recipiente que proteja de la luz o directamente opaco), y su almacenaje ha de hacerse en ambientes frescos, lejos de los fuegos de la cocina.<\/p>\n<p>&nbsp;<\/p>\n<p>Aus diesem Grund haben wir von OCTOBRIS uns entschieden, unsere Sorten OCTOBRIS Maduro und OCTOBRIS Maduro BIO in Bag in Box in den Formaten 3, 5 und 15 Liter zu verpacken.<\/p>\n<p><strong>\u00a0<\/strong><\/p>\n<p>Die Bag in Box ist eine Verpackungsl\u00f6sung mit zahlreichen Umweltvorteilen. Lernen Sie sie <a href=\"https:\/\/octobris.es\/de\/bag-in-box\">hier<\/a> kennen[\/vc_toggle][\/vc_column][vc_column width=&#8221;1\/6&#8243;][\/vc_column][\/vc_row][vc_row css=&#8221;.vc_custom_1498209434459{margin-bottom: 20px !important;}&#8221; el_class=&#8221;faq&#8221;][vc_column width=&#8221;1\/6&#8243;][\/vc_column][vc_column width=&#8221;2\/3&#8243;][vc_toggle title=&#8221;Warum EVOO zum Braten verwenden?&#8221; css=&#8221;.vc_custom_1599729009208{margin-bottom: 0px !important;}&#8221;]Wie bei allen anderen Anwendungen in der K\u00fcche eignet sich <strong>Natives Oliven\u00f6l Extra<\/strong> aufgrund seiner h\u00f6heren Stabilit\u00e4t und Best\u00e4ndigkeit gegen Oxidation und hohe Temperaturen am besten zum Braten. Dar\u00fcber hinaus ist es das einzige \u00d6l, das nat\u00fcrlichen Bestandteilen besteht und durch das Braten nicht an Geschmack und N\u00e4hrwert verliert.[\/vc_toggle][\/vc_column][vc_column width=&#8221;1\/6&#8243;][\/vc_column][\/vc_row][vc_row][vc_column][vc_empty_space][\/vc_column][\/vc_row]<\/p>\n<\/div>","protected":false},"excerpt":{"rendered":"<p>[vc_row full_width=&#8221;stretch_row&#8221; css=&#8221;.vc_custom_1590070784442{background-image: url(https:\/\/octobris.es\/wp-content\/uploads\/2020\/05\/octobris-cabecera-politica.jpg?id=8256) !important;}&#8221;][vc_column css=&#8221;.vc_custom_1588667624523{padding-top: 50px !important;padding-bottom: 50px !important;}&#8221;][vc_column_text] FAQS [\/vc_column_text][\/vc_column][\/vc_row][vc_row css=&#8221;.vc_custom_1590071600773{margin-top: 40px !important;margin-bottom: 20px !important;}&#8221; el_class=&#8221;faq&#8221;][vc_column width=&#8221;1\/6&#8243;][\/vc_column][vc_column width=&#8221;2\/3&#8243; css=&#8221;.vc_custom_1590071484621{margin-bottom: 0px !important;}&#8221;][vc_toggle title=&#8221;Was ist EVOO?&#8221; css=&#8221;.vc_custom_1599723968417{margin-bottom: 0px !important;}&#8221;]Sie sind die Initialen von Extra Vergin Oliv Oil (engl.)l; reiner nat\u00fcrlicher Olivensaft, ohne Zusetzung von Aroma- oder Geschmacksverst\u00e4rkern und mit den besten geschmacklichen Eigenschaften. &nbsp; Die [&hellip;]<\/p>\n","protected":false},"author":5,"featured_media":0,"parent":0,"menu_order":0,"comment_status":"closed","ping_status":"closed","template":"","meta":{"footnotes":""},"class_list":["post-9703","page","type-page","status-publish","hentry"],"yoast_head":"<!-- This site is optimized with the Yoast SEO plugin v27.3 - https:\/\/yoast.com\/product\/yoast-seo-wordpress\/ -->\n<title>FAQ - Octobris<\/title>\n<meta name=\"robots\" content=\"index, follow, max-snippet:-1, max-image-preview:large, max-video-preview:-1\" \/>\n<link rel=\"canonical\" href=\"https:\/\/octobris.es\/de\/faq\/\" \/>\n<meta property=\"og:locale\" content=\"de_DE\" \/>\n<meta property=\"og:type\" content=\"article\" \/>\n<meta property=\"og:title\" content=\"FAQ - Octobris\" \/>\n<meta property=\"og:description\" content=\"[vc_row full_width=&#8221;stretch_row&#8221; css=&#8221;.vc_custom_1590070784442{background-image: url(https:\/\/octobris.es\/wp-content\/uploads\/2020\/05\/octobris-cabecera-politica.jpg?id=8256) !important;}&#8221;][vc_column css=&#8221;.vc_custom_1588667624523{padding-top: 50px !important;padding-bottom: 50px !important;}&#8221;][vc_column_text] FAQS [\/vc_column_text][\/vc_column][\/vc_row][vc_row css=&#8221;.vc_custom_1590071600773{margin-top: 40px !important;margin-bottom: 20px !important;}&#8221; el_class=&#8221;faq&#8221;][vc_column width=&#8221;1\/6&#8243;][\/vc_column][vc_column width=&#8221;2\/3&#8243; css=&#8221;.vc_custom_1590071484621{margin-bottom: 0px !important;}&#8221;][vc_toggle title=&#8221;Was ist EVOO?&#8221; css=&#8221;.vc_custom_1599723968417{margin-bottom: 0px !important;}&#8221;]Sie sind die Initialen von Extra Vergin Oliv Oil (engl.)l; reiner nat\u00fcrlicher Olivensaft, ohne Zusetzung von Aroma- oder Geschmacksverst\u00e4rkern und mit den besten geschmacklichen Eigenschaften. &nbsp; Die [&hellip;]\" \/>\n<meta property=\"og:url\" content=\"https:\/\/octobris.es\/de\/faq\/\" \/>\n<meta property=\"og:site_name\" content=\"Octobris\" \/>\n<meta property=\"article:publisher\" content=\"https:\/\/www.facebook.com\/AceiteOctobris\/\" \/>\n<meta property=\"article:modified_time\" content=\"2020-09-10T09:10:14+00:00\" \/>\n<meta property=\"og:image\" content=\"https:\/\/octobris.es\/wp-content\/uploads\/2020\/09\/tipos-de-aceite-de.jpg\" \/>\n<meta name=\"twitter:card\" content=\"summary_large_image\" \/>\n<meta name=\"twitter:label1\" content=\"Gesch\u00e4tzte Lesezeit\" \/>\n\t<meta name=\"twitter:data1\" content=\"8\u00a0Minuten\" \/>\n<script type=\"application\/ld+json\" class=\"yoast-schema-graph\">{\"@context\":\"https:\\\/\\\/schema.org\",\"@graph\":[{\"@type\":\"WebPage\",\"@id\":\"https:\\\/\\\/octobris.es\\\/de\\\/faq\\\/\",\"url\":\"https:\\\/\\\/octobris.es\\\/de\\\/faq\\\/\",\"name\":\"FAQ - Octobris\",\"isPartOf\":{\"@id\":\"https:\\\/\\\/octobris.es\\\/#website\"},\"primaryImageOfPage\":{\"@id\":\"https:\\\/\\\/octobris.es\\\/de\\\/faq\\\/#primaryimage\"},\"image\":{\"@id\":\"https:\\\/\\\/octobris.es\\\/de\\\/faq\\\/#primaryimage\"},\"thumbnailUrl\":\"https:\\\/\\\/octobris.es\\\/wp-content\\\/uploads\\\/2020\\\/09\\\/tipos-de-aceite-de.jpg\",\"datePublished\":\"2017-03-20T07:17:22+00:00\",\"dateModified\":\"2020-09-10T09:10:14+00:00\",\"breadcrumb\":{\"@id\":\"https:\\\/\\\/octobris.es\\\/de\\\/faq\\\/#breadcrumb\"},\"inLanguage\":\"de\",\"potentialAction\":[{\"@type\":\"ReadAction\",\"target\":[\"https:\\\/\\\/octobris.es\\\/de\\\/faq\\\/\"]}]},{\"@type\":\"ImageObject\",\"inLanguage\":\"de\",\"@id\":\"https:\\\/\\\/octobris.es\\\/de\\\/faq\\\/#primaryimage\",\"url\":\"https:\\\/\\\/octobris.es\\\/wp-content\\\/uploads\\\/2020\\\/09\\\/tipos-de-aceite-de.jpg\",\"contentUrl\":\"https:\\\/\\\/octobris.es\\\/wp-content\\\/uploads\\\/2020\\\/09\\\/tipos-de-aceite-de.jpg\"},{\"@type\":\"BreadcrumbList\",\"@id\":\"https:\\\/\\\/octobris.es\\\/de\\\/faq\\\/#breadcrumb\",\"itemListElement\":[{\"@type\":\"ListItem\",\"position\":1,\"name\":\"Portada\",\"item\":\"https:\\\/\\\/octobris.es\\\/de\\\/\"},{\"@type\":\"ListItem\",\"position\":2,\"name\":\"FAQ\"}]},{\"@type\":\"WebSite\",\"@id\":\"https:\\\/\\\/octobris.es\\\/#website\",\"url\":\"https:\\\/\\\/octobris.es\\\/\",\"name\":\"Octobris\",\"description\":\"Aceite de Oliva Virgen Extra Premium\",\"publisher\":{\"@id\":\"https:\\\/\\\/octobris.es\\\/#organization\"},\"potentialAction\":[{\"@type\":\"SearchAction\",\"target\":{\"@type\":\"EntryPoint\",\"urlTemplate\":\"https:\\\/\\\/octobris.es\\\/?s={search_term_string}\"},\"query-input\":{\"@type\":\"PropertyValueSpecification\",\"valueRequired\":true,\"valueName\":\"search_term_string\"}}],\"inLanguage\":\"de\"},{\"@type\":\"Organization\",\"@id\":\"https:\\\/\\\/octobris.es\\\/#organization\",\"name\":\"ACEITES MONTA\u00d1A, S.L.\",\"url\":\"https:\\\/\\\/octobris.es\\\/\",\"logo\":{\"@type\":\"ImageObject\",\"inLanguage\":\"de\",\"@id\":\"https:\\\/\\\/octobris.es\\\/#\\\/schema\\\/logo\\\/image\\\/\",\"url\":\"https:\\\/\\\/octobris.es\\\/wp-content\\\/uploads\\\/2020\\\/04\\\/cropped-logo-octobris-1.png\",\"contentUrl\":\"https:\\\/\\\/octobris.es\\\/wp-content\\\/uploads\\\/2020\\\/04\\\/cropped-logo-octobris-1.png\",\"width\":198,\"height\":250,\"caption\":\"ACEITES MONTA\u00d1A, S.L.\"},\"image\":{\"@id\":\"https:\\\/\\\/octobris.es\\\/#\\\/schema\\\/logo\\\/image\\\/\"},\"sameAs\":[\"https:\\\/\\\/www.facebook.com\\\/AceiteOctobris\\\/\",\"https:\\\/\\\/www.instagram.com\\\/aceiteoctobris\\\/\",\"https:\\\/\\\/www.youtube.com\\\/channel\\\/UCwyOuF_TcMFvtjEAkfdHZRA\",\"https:\\\/\\\/www.linkedin.com\\\/company\\\/aceite-octobris\"]}]}<\/script>\n<!-- \/ Yoast SEO plugin. -->","yoast_head_json":{"title":"FAQ - Octobris","robots":{"index":"index","follow":"follow","max-snippet":"max-snippet:-1","max-image-preview":"max-image-preview:large","max-video-preview":"max-video-preview:-1"},"canonical":"https:\/\/octobris.es\/de\/faq\/","og_locale":"de_DE","og_type":"article","og_title":"FAQ - Octobris","og_description":"[vc_row full_width=&#8221;stretch_row&#8221; css=&#8221;.vc_custom_1590070784442{background-image: url(https:\/\/octobris.es\/wp-content\/uploads\/2020\/05\/octobris-cabecera-politica.jpg?id=8256) !important;}&#8221;][vc_column css=&#8221;.vc_custom_1588667624523{padding-top: 50px !important;padding-bottom: 50px !important;}&#8221;][vc_column_text] FAQS [\/vc_column_text][\/vc_column][\/vc_row][vc_row css=&#8221;.vc_custom_1590071600773{margin-top: 40px !important;margin-bottom: 20px !important;}&#8221; el_class=&#8221;faq&#8221;][vc_column width=&#8221;1\/6&#8243;][\/vc_column][vc_column width=&#8221;2\/3&#8243; css=&#8221;.vc_custom_1590071484621{margin-bottom: 0px !important;}&#8221;][vc_toggle title=&#8221;Was ist EVOO?&#8221; css=&#8221;.vc_custom_1599723968417{margin-bottom: 0px !important;}&#8221;]Sie sind die Initialen von Extra Vergin Oliv Oil (engl.)l; reiner nat\u00fcrlicher Olivensaft, ohne Zusetzung von Aroma- oder Geschmacksverst\u00e4rkern und mit den besten geschmacklichen Eigenschaften. &nbsp; Die [&hellip;]","og_url":"https:\/\/octobris.es\/de\/faq\/","og_site_name":"Octobris","article_publisher":"https:\/\/www.facebook.com\/AceiteOctobris\/","article_modified_time":"2020-09-10T09:10:14+00:00","og_image":[{"url":"https:\/\/octobris.es\/wp-content\/uploads\/2020\/09\/tipos-de-aceite-de.jpg","type":"","width":"","height":""}],"twitter_card":"summary_large_image","twitter_misc":{"Gesch\u00e4tzte Lesezeit":"8\u00a0Minuten"},"schema":{"@context":"https:\/\/schema.org","@graph":[{"@type":"WebPage","@id":"https:\/\/octobris.es\/de\/faq\/","url":"https:\/\/octobris.es\/de\/faq\/","name":"FAQ - Octobris","isPartOf":{"@id":"https:\/\/octobris.es\/#website"},"primaryImageOfPage":{"@id":"https:\/\/octobris.es\/de\/faq\/#primaryimage"},"image":{"@id":"https:\/\/octobris.es\/de\/faq\/#primaryimage"},"thumbnailUrl":"https:\/\/octobris.es\/wp-content\/uploads\/2020\/09\/tipos-de-aceite-de.jpg","datePublished":"2017-03-20T07:17:22+00:00","dateModified":"2020-09-10T09:10:14+00:00","breadcrumb":{"@id":"https:\/\/octobris.es\/de\/faq\/#breadcrumb"},"inLanguage":"de","potentialAction":[{"@type":"ReadAction","target":["https:\/\/octobris.es\/de\/faq\/"]}]},{"@type":"ImageObject","inLanguage":"de","@id":"https:\/\/octobris.es\/de\/faq\/#primaryimage","url":"https:\/\/octobris.es\/wp-content\/uploads\/2020\/09\/tipos-de-aceite-de.jpg","contentUrl":"https:\/\/octobris.es\/wp-content\/uploads\/2020\/09\/tipos-de-aceite-de.jpg"},{"@type":"BreadcrumbList","@id":"https:\/\/octobris.es\/de\/faq\/#breadcrumb","itemListElement":[{"@type":"ListItem","position":1,"name":"Portada","item":"https:\/\/octobris.es\/de\/"},{"@type":"ListItem","position":2,"name":"FAQ"}]},{"@type":"WebSite","@id":"https:\/\/octobris.es\/#website","url":"https:\/\/octobris.es\/","name":"Octobris","description":"Aceite de Oliva Virgen Extra Premium","publisher":{"@id":"https:\/\/octobris.es\/#organization"},"potentialAction":[{"@type":"SearchAction","target":{"@type":"EntryPoint","urlTemplate":"https:\/\/octobris.es\/?s={search_term_string}"},"query-input":{"@type":"PropertyValueSpecification","valueRequired":true,"valueName":"search_term_string"}}],"inLanguage":"de"},{"@type":"Organization","@id":"https:\/\/octobris.es\/#organization","name":"ACEITES MONTA\u00d1A, S.L.","url":"https:\/\/octobris.es\/","logo":{"@type":"ImageObject","inLanguage":"de","@id":"https:\/\/octobris.es\/#\/schema\/logo\/image\/","url":"https:\/\/octobris.es\/wp-content\/uploads\/2020\/04\/cropped-logo-octobris-1.png","contentUrl":"https:\/\/octobris.es\/wp-content\/uploads\/2020\/04\/cropped-logo-octobris-1.png","width":198,"height":250,"caption":"ACEITES MONTA\u00d1A, S.L."},"image":{"@id":"https:\/\/octobris.es\/#\/schema\/logo\/image\/"},"sameAs":["https:\/\/www.facebook.com\/AceiteOctobris\/","https:\/\/www.instagram.com\/aceiteoctobris\/","https:\/\/www.youtube.com\/channel\/UCwyOuF_TcMFvtjEAkfdHZRA","https:\/\/www.linkedin.com\/company\/aceite-octobris"]}]}},"_links":{"self":[{"href":"https:\/\/octobris.es\/de\/wp-json\/wp\/v2\/pages\/9703","targetHints":{"allow":["GET"]}}],"collection":[{"href":"https:\/\/octobris.es\/de\/wp-json\/wp\/v2\/pages"}],"about":[{"href":"https:\/\/octobris.es\/de\/wp-json\/wp\/v2\/types\/page"}],"author":[{"embeddable":true,"href":"https:\/\/octobris.es\/de\/wp-json\/wp\/v2\/users\/5"}],"replies":[{"embeddable":true,"href":"https:\/\/octobris.es\/de\/wp-json\/wp\/v2\/comments?post=9703"}],"version-history":[{"count":3,"href":"https:\/\/octobris.es\/de\/wp-json\/wp\/v2\/pages\/9703\/revisions"}],"predecessor-version":[{"id":9716,"href":"https:\/\/octobris.es\/de\/wp-json\/wp\/v2\/pages\/9703\/revisions\/9716"}],"wp:attachment":[{"href":"https:\/\/octobris.es\/de\/wp-json\/wp\/v2\/media?parent=9703"}],"curies":[{"name":"wp","href":"https:\/\/api.w.org\/{rel}","templated":true}]}}