{"id":9720,"date":"2020-05-26T11:45:33","date_gmt":"2020-05-26T09:45:33","guid":{"rendered":"https:\/\/octobris.es\/bag-in-box\/"},"modified":"2020-09-10T11:17:14","modified_gmt":"2020-09-10T09:17:14","slug":"bag-in-box","status":"publish","type":"page","link":"https:\/\/octobris.es\/de\/bag-in-box\/","title":{"rendered":"Bag-in-box"},"content":{"rendered":"<div class=\"wpb-content-wrapper\"><p>[vc_row full_width=&#8221;stretch_row&#8221; css=&#8221;.vc_custom_1590571055528{background-image: url(https:\/\/octobris.es\/wp-content\/uploads\/2020\/05\/octobris-cabecera-baginbox.jpg?id=8520) !important;background-position: center !important;background-repeat: no-repeat !important;background-size: cover !important;}&#8221;][vc_column css=&#8221;.vc_custom_1588667624523{padding-top: 50px !important;padding-bottom: 50px !important;}&#8221;][vc_column_text]<\/p>\n<h1 style=\"color: #ffffff; text-align: center;\">Bag in Box<\/h1>\n<p>[\/vc_column_text][\/vc_column][\/vc_row][vc_section el_class=&#8221;post-home post-h7&#8243; el_id=&#8221;post-home&#8221; css=&#8221;.vc_custom_1590571196950{border-top-width: 0px !important;padding-top: 0px !important;}&#8221;][vc_row el_class=&#8221;post-left&#8221;][vc_column width=&#8221;1\/2&#8243; el_class=&#8221;post-home-img&#8221;]\t\t<div class=\"ftc-smooth-image smooth-image ftc-smooth\">\r\n\t\t\t\t\t\t\t\t<img decoding=\"async\" width=\"800\" height=\"800\" src=\"https:\/\/octobris.es\/wp-content\/uploads\/2018\/09\/bio-maduro-15l.jpg\" class=\"img\" alt=\"\" srcset=\"https:\/\/octobris.es\/wp-content\/uploads\/2018\/09\/bio-maduro-15l.jpg 800w, https:\/\/octobris.es\/wp-content\/uploads\/2018\/09\/bio-maduro-15l-300x300.jpg 300w, https:\/\/octobris.es\/wp-content\/uploads\/2018\/09\/bio-maduro-15l-100x100.jpg 100w, https:\/\/octobris.es\/wp-content\/uploads\/2018\/09\/bio-maduro-15l-500x500.jpg 500w, https:\/\/octobris.es\/wp-content\/uploads\/2018\/09\/bio-maduro-15l-150x150.jpg 150w, https:\/\/octobris.es\/wp-content\/uploads\/2018\/09\/bio-maduro-15l-768x768.jpg 768w, https:\/\/octobris.es\/wp-content\/uploads\/2018\/09\/bio-maduro-15l-610x610.jpg 610w\" sizes=\"(max-width: 800px) 100vw, 800px\" \/>\t\t\t\t\t\t\t<\/div>\r\n\t\t\t[\/vc_column][vc_column width=&#8221;1\/2&#8243; el_class=&#8221;post-home-content&#8221; css=&#8221;.vc_custom_1588086547877{padding-top: 60px !important;}&#8221;][vc_column_text]<\/p>\n<div class=\"text-div-h5\">\n<h3 class=\"text_description_title\"><span class=\"bg-heading\">Bag-in-box<\/span><\/h3>\n<p class=\"text-para\"><strong>Eine Verpackungsl\u00f6sung mit mehreren Umweltvorteilen:<\/strong><\/p>\n<\/div>\n<p>[\/vc_column_text][vc_row_inner][vc_column_inner width=&#8221;1\/2&#8243;][vc_column_text]<\/p>\n<ul>\n<li style=\"list-style-type: none;\">\n<ul style=\"list-style: none; font-size: 18px; line-height: 30px;\">\n<li><i class=\"fa fa-check-circle\" style=\"color: #b7bf10; padding: 0 10px 0 0; margin-left: -23px;\"><\/i>Minimale Umweltbelastung<\/li>\n<li><i class=\"fa fa-check-circle\" style=\"color: #b7bf10; padding: 0 10px 0 0; margin-left: -23px;\"><\/i>Nachhaltiges Produkt<\/li>\n<li><i class=\"fa fa-check-circle\" style=\"color: #b7bf10; padding: 0 10px 0 0; margin-left: -23px;\"><\/i>Erhaltungder Qualit\u00e4t<\/li>\n<li><i class=\"fa fa-check-circle\" style=\"color: #b7bf10; padding: 0 10px 0 0; margin-left: -23px;\"><\/i>Verpackungsreduzierung<\/li>\n<li><i class=\"fa fa-check-circle\" style=\"color: #b7bf10; padding: 0 10px 0 0; margin-left: -23px;\"><\/i>Sehr gut recycelbar<\/li>\n<li><i class=\"fa fa-check-circle\" style=\"color: #b7bf10; padding: 0 10px 0 0; margin-left: -23px;\"><\/i>Transportoptimierung<\/li>\n<li><i class=\"fa fa-check-circle\" style=\"color: #b7bf10; padding: 0 10px 0 0; margin-left: -23px;\"><\/i>Besserer CO2-Fu\u00dfabdruck<\/li>\n<\/ul>\n<\/li>\n<\/ul>\n<p>[\/vc_column_text][\/vc_column_inner][vc_column_inner width=&#8221;1\/2&#8243;][vc_single_image image=&#8221;7007&#8243; img_size=&#8221;full&#8221;][\/vc_column_inner][\/vc_row_inner][\/vc_column][\/vc_row][vc_row gap=&#8221;30&#8243; equal_height=&#8221;yes&#8221;][vc_column width=&#8221;1\/3&#8243; css=&#8221;.vc_custom_1588777900719{padding-top: 20px !important;padding-right: 20px !important;padding-bottom: 20px !important;padding-left: 20px !important;}&#8221;][vc_single_image image=&#8221;7183&#8243; img_size=&#8221;full&#8221; alignment=&#8221;center&#8221;][vc_column_text]<\/p>\n<h3>Nachhaltiges Produkt<\/h3>\n<p>97% weniger Rohstoffe im Vergleich zu Glas.<br \/>\nMehr Produkt mit weniger Energie- und Rohstoffverbrauch.[\/vc_column_text][\/vc_column][vc_column width=&#8221;1\/3&#8243; css=&#8221;.vc_custom_1588777908554{padding-top: 20px !important;padding-right: 20px !important;padding-bottom: 20px !important;padding-left: 20px !important;}&#8221;][vc_single_image image=&#8221;7181&#8243; img_size=&#8221;full&#8221; alignment=&#8221;center&#8221;][vc_column_text]<\/p>\n<h3>Erh\u00e4lt die Qualit\u00e4t<\/h3>\n<p>Es ist die innovativste Verpackung auf dem Markt. Erh\u00f6ht die Lebensdauer des Produkts und sch\u00fctzt es vor Licht, W\u00e4rme und Sauerstoff, wodurch die Qualit\u00e4t der frischen Verpackung erhalten bleibt.[\/vc_column_text][\/vc_column][vc_column width=&#8221;1\/3&#8243; css=&#8221;.vc_custom_1588777917794{padding-top: 20px !important;padding-right: 20px !important;padding-bottom: 20px !important;padding-left: 20px !important;}&#8221;][vc_single_image image=&#8221;7184&#8243; img_size=&#8221;full&#8221; alignment=&#8221;center&#8221;][vc_column_text]<\/p>\n<h3>Verpackungsreduzierung<\/h3>\n<p>Ein leerer 5L Bag In Box wiegt 0,26 kg. und im Volumen entspricht es 10 Flaschen mit 500 ml, die 2,5 kg wiegen.[\/vc_column_text][\/vc_column][\/vc_row][vc_row gap=&#8221;30&#8243; equal_height=&#8221;yes&#8221;][vc_column width=&#8221;1\/3&#8243; css=&#8221;.vc_custom_1588777900719{padding-top: 20px !important;padding-right: 20px !important;padding-bottom: 20px !important;padding-left: 20px !important;}&#8221;][vc_single_image image=&#8221;7186&#8243; img_size=&#8221;full&#8221; alignment=&#8221;center&#8221;][vc_column_text]<\/p>\n<h3>Sehr gut recycelbar<\/h3>\n<p>Bestehend aus 80% recyceltem Karton. Produziert 5 mal weniger Abfall.[\/vc_column_text][\/vc_column][vc_column width=&#8221;1\/3&#8243; css=&#8221;.vc_custom_1588777908554{padding-top: 20px !important;padding-right: 20px !important;padding-bottom: 20px !important;padding-left: 20px !important;}&#8221;][vc_single_image image=&#8221;7182&#8243; img_size=&#8221;full&#8221; alignment=&#8221;center&#8221;][vc_column_text]<\/p>\n<h3>Transportoptimierung<\/h3>\n<p>Es verbessert den Transport, indem es das Volumen der leeren Beh\u00e4lter und der Produktbeh\u00e4lter verringert und den Kraftstoffverbrauch beim Transport erheblich senkt.[\/vc_column_text][\/vc_column][vc_column width=&#8221;1\/3&#8243; css=&#8221;.vc_custom_1588777917794{padding-top: 20px !important;padding-right: 20px !important;padding-bottom: 20px !important;padding-left: 20px !important;}&#8221;][vc_single_image image=&#8221;7185&#8243; img_size=&#8221;full&#8221; alignment=&#8221;center&#8221;][vc_column_text]<\/p>\n<h3>Besserer CO2-Fu\u00dfabdruck<\/h3>\n<p>Es ist der Container mit dem besten CO2-Fu\u00dfabdruck. 8-mal weniger CO2-Emissionen bei 6,7-mal mehr Volumen.[\/vc_column_text][\/vc_column][\/vc_row][\/vc_section]<\/p>\n<\/div>","protected":false},"excerpt":{"rendered":"<p>[vc_row full_width=&#8221;stretch_row&#8221; css=&#8221;.vc_custom_1590571055528{background-image: url(https:\/\/octobris.es\/wp-content\/uploads\/2020\/05\/octobris-cabecera-baginbox.jpg?id=8520) !important;background-position: center !important;background-repeat: no-repeat !important;background-size: cover !important;}&#8221;][vc_column css=&#8221;.vc_custom_1588667624523{padding-top: 50px !important;padding-bottom: 50px !important;}&#8221;][vc_column_text] Bag in Box [\/vc_column_text][\/vc_column][\/vc_row][vc_section el_class=&#8221;post-home post-h7&#8243; el_id=&#8221;post-home&#8221; css=&#8221;.vc_custom_1590571196950{border-top-width: 0px !important;padding-top: 0px !important;}&#8221;][vc_row el_class=&#8221;post-left&#8221;][vc_column width=&#8221;1\/2&#8243; el_class=&#8221;post-home-img&#8221;][\/vc_column][vc_column width=&#8221;1\/2&#8243; el_class=&#8221;post-home-content&#8221; css=&#8221;.vc_custom_1588086547877{padding-top: 60px !important;}&#8221;][vc_column_text] Bag-in-box Eine Verpackungsl\u00f6sung mit mehreren Umweltvorteilen: [\/vc_column_text][vc_row_inner][vc_column_inner width=&#8221;1\/2&#8243;][vc_column_text] Minimale Umweltbelastung Nachhaltiges Produkt Erhaltungder Qualit\u00e4t Verpackungsreduzierung Sehr gut recycelbar Transportoptimierung [&hellip;]<\/p>\n","protected":false},"author":5,"featured_media":0,"parent":0,"menu_order":0,"comment_status":"closed","ping_status":"closed","template":"","meta":{"footnotes":""},"class_list":["post-9720","page","type-page","status-publish","hentry"],"yoast_head":"<!-- This site is optimized with the Yoast SEO plugin v27.3 - https:\/\/yoast.com\/product\/yoast-seo-wordpress\/ -->\n<title>Bag-in-box - Octobris<\/title>\n<meta name=\"robots\" content=\"index, follow, max-snippet:-1, max-image-preview:large, max-video-preview:-1\" \/>\n<link rel=\"canonical\" href=\"https:\/\/octobris.es\/de\/bag-in-box\/\" \/>\n<meta property=\"og:locale\" content=\"de_DE\" \/>\n<meta property=\"og:type\" content=\"article\" \/>\n<meta property=\"og:title\" content=\"Bag-in-box - Octobris\" \/>\n<meta property=\"og:description\" content=\"[vc_row full_width=&#8221;stretch_row&#8221; css=&#8221;.vc_custom_1590571055528{background-image: url(https:\/\/octobris.es\/wp-content\/uploads\/2020\/05\/octobris-cabecera-baginbox.jpg?id=8520) !important;background-position: center !important;background-repeat: no-repeat !important;background-size: cover !important;}&#8221;][vc_column css=&#8221;.vc_custom_1588667624523{padding-top: 50px !important;padding-bottom: 50px !important;}&#8221;][vc_column_text] Bag in Box [\/vc_column_text][\/vc_column][\/vc_row][vc_section el_class=&#8221;post-home post-h7&#8243; el_id=&#8221;post-home&#8221; css=&#8221;.vc_custom_1590571196950{border-top-width: 0px !important;padding-top: 0px !important;}&#8221;][vc_row el_class=&#8221;post-left&#8221;][vc_column width=&#8221;1\/2&#8243; el_class=&#8221;post-home-img&#8221;][\/vc_column][vc_column width=&#8221;1\/2&#8243; el_class=&#8221;post-home-content&#8221; css=&#8221;.vc_custom_1588086547877{padding-top: 60px !important;}&#8221;][vc_column_text] Bag-in-box Eine Verpackungsl\u00f6sung mit mehreren Umweltvorteilen: [\/vc_column_text][vc_row_inner][vc_column_inner width=&#8221;1\/2&#8243;][vc_column_text] Minimale Umweltbelastung Nachhaltiges Produkt Erhaltungder Qualit\u00e4t Verpackungsreduzierung Sehr gut recycelbar Transportoptimierung [&hellip;]\" \/>\n<meta property=\"og:url\" content=\"https:\/\/octobris.es\/de\/bag-in-box\/\" \/>\n<meta property=\"og:site_name\" content=\"Octobris\" \/>\n<meta property=\"article:publisher\" content=\"https:\/\/www.facebook.com\/AceiteOctobris\/\" \/>\n<meta property=\"article:modified_time\" content=\"2020-09-10T09:17:14+00:00\" \/>\n<meta name=\"twitter:card\" content=\"summary_large_image\" \/>\n<meta name=\"twitter:label1\" content=\"Gesch\u00e4tzte Lesezeit\" \/>\n\t<meta name=\"twitter:data1\" content=\"3\u00a0Minuten\" \/>\n<script type=\"application\/ld+json\" class=\"yoast-schema-graph\">{\"@context\":\"https:\\\/\\\/schema.org\",\"@graph\":[{\"@type\":\"WebPage\",\"@id\":\"https:\\\/\\\/octobris.es\\\/de\\\/bag-in-box\\\/\",\"url\":\"https:\\\/\\\/octobris.es\\\/de\\\/bag-in-box\\\/\",\"name\":\"Bag-in-box - Octobris\",\"isPartOf\":{\"@id\":\"https:\\\/\\\/octobris.es\\\/#website\"},\"datePublished\":\"2020-05-26T09:45:33+00:00\",\"dateModified\":\"2020-09-10T09:17:14+00:00\",\"breadcrumb\":{\"@id\":\"https:\\\/\\\/octobris.es\\\/de\\\/bag-in-box\\\/#breadcrumb\"},\"inLanguage\":\"de\",\"potentialAction\":[{\"@type\":\"ReadAction\",\"target\":[\"https:\\\/\\\/octobris.es\\\/de\\\/bag-in-box\\\/\"]}]},{\"@type\":\"BreadcrumbList\",\"@id\":\"https:\\\/\\\/octobris.es\\\/de\\\/bag-in-box\\\/#breadcrumb\",\"itemListElement\":[{\"@type\":\"ListItem\",\"position\":1,\"name\":\"Portada\",\"item\":\"https:\\\/\\\/octobris.es\\\/de\\\/\"},{\"@type\":\"ListItem\",\"position\":2,\"name\":\"Bag-in-box\"}]},{\"@type\":\"WebSite\",\"@id\":\"https:\\\/\\\/octobris.es\\\/#website\",\"url\":\"https:\\\/\\\/octobris.es\\\/\",\"name\":\"Octobris\",\"description\":\"Aceite de Oliva Virgen Extra Premium\",\"publisher\":{\"@id\":\"https:\\\/\\\/octobris.es\\\/#organization\"},\"potentialAction\":[{\"@type\":\"SearchAction\",\"target\":{\"@type\":\"EntryPoint\",\"urlTemplate\":\"https:\\\/\\\/octobris.es\\\/?s={search_term_string}\"},\"query-input\":{\"@type\":\"PropertyValueSpecification\",\"valueRequired\":true,\"valueName\":\"search_term_string\"}}],\"inLanguage\":\"de\"},{\"@type\":\"Organization\",\"@id\":\"https:\\\/\\\/octobris.es\\\/#organization\",\"name\":\"ACEITES MONTA\u00d1A, S.L.\",\"url\":\"https:\\\/\\\/octobris.es\\\/\",\"logo\":{\"@type\":\"ImageObject\",\"inLanguage\":\"de\",\"@id\":\"https:\\\/\\\/octobris.es\\\/#\\\/schema\\\/logo\\\/image\\\/\",\"url\":\"https:\\\/\\\/octobris.es\\\/wp-content\\\/uploads\\\/2020\\\/04\\\/cropped-logo-octobris-1.png\",\"contentUrl\":\"https:\\\/\\\/octobris.es\\\/wp-content\\\/uploads\\\/2020\\\/04\\\/cropped-logo-octobris-1.png\",\"width\":198,\"height\":250,\"caption\":\"ACEITES MONTA\u00d1A, S.L.\"},\"image\":{\"@id\":\"https:\\\/\\\/octobris.es\\\/#\\\/schema\\\/logo\\\/image\\\/\"},\"sameAs\":[\"https:\\\/\\\/www.facebook.com\\\/AceiteOctobris\\\/\",\"https:\\\/\\\/www.instagram.com\\\/aceiteoctobris\\\/\",\"https:\\\/\\\/www.youtube.com\\\/channel\\\/UCwyOuF_TcMFvtjEAkfdHZRA\",\"https:\\\/\\\/www.linkedin.com\\\/company\\\/aceite-octobris\"]}]}<\/script>\n<!-- \/ Yoast SEO plugin. -->","yoast_head_json":{"title":"Bag-in-box - Octobris","robots":{"index":"index","follow":"follow","max-snippet":"max-snippet:-1","max-image-preview":"max-image-preview:large","max-video-preview":"max-video-preview:-1"},"canonical":"https:\/\/octobris.es\/de\/bag-in-box\/","og_locale":"de_DE","og_type":"article","og_title":"Bag-in-box - Octobris","og_description":"[vc_row full_width=&#8221;stretch_row&#8221; css=&#8221;.vc_custom_1590571055528{background-image: url(https:\/\/octobris.es\/wp-content\/uploads\/2020\/05\/octobris-cabecera-baginbox.jpg?id=8520) !important;background-position: center !important;background-repeat: no-repeat !important;background-size: cover !important;}&#8221;][vc_column css=&#8221;.vc_custom_1588667624523{padding-top: 50px !important;padding-bottom: 50px !important;}&#8221;][vc_column_text] Bag in Box [\/vc_column_text][\/vc_column][\/vc_row][vc_section el_class=&#8221;post-home post-h7&#8243; el_id=&#8221;post-home&#8221; css=&#8221;.vc_custom_1590571196950{border-top-width: 0px !important;padding-top: 0px !important;}&#8221;][vc_row el_class=&#8221;post-left&#8221;][vc_column width=&#8221;1\/2&#8243; el_class=&#8221;post-home-img&#8221;][\/vc_column][vc_column width=&#8221;1\/2&#8243; el_class=&#8221;post-home-content&#8221; css=&#8221;.vc_custom_1588086547877{padding-top: 60px !important;}&#8221;][vc_column_text] Bag-in-box Eine Verpackungsl\u00f6sung mit mehreren Umweltvorteilen: [\/vc_column_text][vc_row_inner][vc_column_inner width=&#8221;1\/2&#8243;][vc_column_text] Minimale Umweltbelastung Nachhaltiges Produkt Erhaltungder Qualit\u00e4t Verpackungsreduzierung Sehr gut recycelbar Transportoptimierung [&hellip;]","og_url":"https:\/\/octobris.es\/de\/bag-in-box\/","og_site_name":"Octobris","article_publisher":"https:\/\/www.facebook.com\/AceiteOctobris\/","article_modified_time":"2020-09-10T09:17:14+00:00","twitter_card":"summary_large_image","twitter_misc":{"Gesch\u00e4tzte Lesezeit":"3\u00a0Minuten"},"schema":{"@context":"https:\/\/schema.org","@graph":[{"@type":"WebPage","@id":"https:\/\/octobris.es\/de\/bag-in-box\/","url":"https:\/\/octobris.es\/de\/bag-in-box\/","name":"Bag-in-box - Octobris","isPartOf":{"@id":"https:\/\/octobris.es\/#website"},"datePublished":"2020-05-26T09:45:33+00:00","dateModified":"2020-09-10T09:17:14+00:00","breadcrumb":{"@id":"https:\/\/octobris.es\/de\/bag-in-box\/#breadcrumb"},"inLanguage":"de","potentialAction":[{"@type":"ReadAction","target":["https:\/\/octobris.es\/de\/bag-in-box\/"]}]},{"@type":"BreadcrumbList","@id":"https:\/\/octobris.es\/de\/bag-in-box\/#breadcrumb","itemListElement":[{"@type":"ListItem","position":1,"name":"Portada","item":"https:\/\/octobris.es\/de\/"},{"@type":"ListItem","position":2,"name":"Bag-in-box"}]},{"@type":"WebSite","@id":"https:\/\/octobris.es\/#website","url":"https:\/\/octobris.es\/","name":"Octobris","description":"Aceite de Oliva Virgen Extra Premium","publisher":{"@id":"https:\/\/octobris.es\/#organization"},"potentialAction":[{"@type":"SearchAction","target":{"@type":"EntryPoint","urlTemplate":"https:\/\/octobris.es\/?s={search_term_string}"},"query-input":{"@type":"PropertyValueSpecification","valueRequired":true,"valueName":"search_term_string"}}],"inLanguage":"de"},{"@type":"Organization","@id":"https:\/\/octobris.es\/#organization","name":"ACEITES MONTA\u00d1A, S.L.","url":"https:\/\/octobris.es\/","logo":{"@type":"ImageObject","inLanguage":"de","@id":"https:\/\/octobris.es\/#\/schema\/logo\/image\/","url":"https:\/\/octobris.es\/wp-content\/uploads\/2020\/04\/cropped-logo-octobris-1.png","contentUrl":"https:\/\/octobris.es\/wp-content\/uploads\/2020\/04\/cropped-logo-octobris-1.png","width":198,"height":250,"caption":"ACEITES MONTA\u00d1A, S.L."},"image":{"@id":"https:\/\/octobris.es\/#\/schema\/logo\/image\/"},"sameAs":["https:\/\/www.facebook.com\/AceiteOctobris\/","https:\/\/www.instagram.com\/aceiteoctobris\/","https:\/\/www.youtube.com\/channel\/UCwyOuF_TcMFvtjEAkfdHZRA","https:\/\/www.linkedin.com\/company\/aceite-octobris"]}]}},"_links":{"self":[{"href":"https:\/\/octobris.es\/de\/wp-json\/wp\/v2\/pages\/9720","targetHints":{"allow":["GET"]}}],"collection":[{"href":"https:\/\/octobris.es\/de\/wp-json\/wp\/v2\/pages"}],"about":[{"href":"https:\/\/octobris.es\/de\/wp-json\/wp\/v2\/types\/page"}],"author":[{"embeddable":true,"href":"https:\/\/octobris.es\/de\/wp-json\/wp\/v2\/users\/5"}],"replies":[{"embeddable":true,"href":"https:\/\/octobris.es\/de\/wp-json\/wp\/v2\/comments?post=9720"}],"version-history":[{"count":2,"href":"https:\/\/octobris.es\/de\/wp-json\/wp\/v2\/pages\/9720\/revisions"}],"predecessor-version":[{"id":9723,"href":"https:\/\/octobris.es\/de\/wp-json\/wp\/v2\/pages\/9720\/revisions\/9723"}],"wp:attachment":[{"href":"https:\/\/octobris.es\/de\/wp-json\/wp\/v2\/media?parent=9720"}],"curies":[{"name":"wp","href":"https:\/\/api.w.org\/{rel}","templated":true}]}}