{"id":9585,"date":"2020-05-15T23:00:39","date_gmt":"2020-05-15T21:00:39","guid":{"rendered":"https:\/\/octobris.es\/producto\/aceite-de-oliva-virgen-extra-verde-bio-500ml\/"},"modified":"2021-03-29T09:42:44","modified_gmt":"2021-03-29T07:42:44","slug":"olivenoel-extra-vergine-gruen-bio-500ml","status":"publish","type":"product","link":"https:\/\/octobris.es\/de\/producto\/olivenoel-extra-vergine-gruen-bio-500ml\/","title":{"rendered":"Oliven\u00f6l extra vergine Gr\u00fcn Bio 500ml."},"content":{"rendered":"","protected":false},"excerpt":{"rendered":"<p>Oliven\u00f6l OCTOBRIS BIO Verde im 500-ml-Format ist ein Oliven\u00f6l der oberen Kategorie, das direkt aus Bio-Picual-Oliven gewonnen wird, die im Monat OKTOBER geerntet wurden. Es liegen die strengen Kontrollkriterien des CAECV (Comit\u00e9 de Agricultura Ecol\u00f3gica de la Comunidad Valenciana) zugrunde.<\/p>\n<p><img decoding=\"async\" class=\"alignnone wp-image-10196 size-full\" src=\"https:\/\/octobris.es\/wp-content\/uploads\/2020\/05\/logos-eco-premios-en-2.jpg\" alt=\"\" width=\"508\" height=\"128\" srcset=\"https:\/\/octobris.es\/wp-content\/uploads\/2020\/05\/logos-eco-premios-en-2.jpg 508w, https:\/\/octobris.es\/wp-content\/uploads\/2020\/05\/logos-eco-premios-en-2-300x76.jpg 300w, https:\/\/octobris.es\/wp-content\/uploads\/2020\/05\/logos-eco-premios-en-2-500x126.jpg 500w\" sizes=\"(max-width: 508px) 100vw, 508px\" \/><\/p>\n","protected":false},"featured_media":9586,"template":"","meta":[],"product_brand":[],"product_cat":[213,214],"product_tag":[216],"class_list":{"0":"post-9585","1":"product","2":"type-product","3":"status-publish","4":"has-post-thumbnail","6":"product_cat-ecologico-de","7":"product_cat-verde-ecologico-de","8":"product_tag-500-ml-de","10":"first","11":"instock","12":"purchasable","13":"product-type-simple"},"yoast_head":"<!-- This site is optimized with the Yoast SEO plugin v27.3 - https:\/\/yoast.com\/product\/yoast-seo-wordpress\/ -->\n<title>Oliven\u00f6l extra vergine Gr\u00fcn Bio 500ml. - Octobris<\/title>\n<meta name=\"description\" content=\"Compra online Aceite de Alicante. Aceite de Oliva de categor\u00eda superior obtenido directamente de aceitunas Picual ecol\u00f3gicas recogidas en el mes de OCTUBRE\" \/>\n<meta name=\"robots\" content=\"index, follow, max-snippet:-1, max-image-preview:large, max-video-preview:-1\" \/>\n<link rel=\"canonical\" href=\"https:\/\/octobris.es\/de\/producto\/olivenoel-extra-vergine-gruen-bio-500ml\/\" \/>\n<meta property=\"og:locale\" content=\"de_DE\" \/>\n<meta property=\"og:type\" content=\"article\" \/>\n<meta property=\"og:title\" content=\"Oliven\u00f6l extra vergine Gr\u00fcn Bio 500ml. - Octobris\" \/>\n<meta property=\"og:description\" content=\"Compra online Aceite de Alicante. Aceite de Oliva de categor\u00eda superior obtenido directamente de aceitunas Picual ecol\u00f3gicas recogidas en el mes de OCTUBRE\" \/>\n<meta property=\"og:url\" content=\"https:\/\/octobris.es\/de\/producto\/olivenoel-extra-vergine-gruen-bio-500ml\/\" \/>\n<meta property=\"og:site_name\" content=\"Octobris\" \/>\n<meta property=\"article:publisher\" content=\"https:\/\/www.facebook.com\/AceiteOctobris\/\" \/>\n<meta property=\"article:modified_time\" content=\"2021-03-29T07:42:44+00:00\" \/>\n<meta property=\"og:image\" content=\"https:\/\/octobris.es\/wp-content\/uploads\/2020\/05\/aceite-oliva-virgen-verde-bio-500ml.jpg\" \/>\n\t<meta property=\"og:image:width\" content=\"800\" \/>\n\t<meta property=\"og:image:height\" content=\"800\" \/>\n\t<meta property=\"og:image:type\" content=\"image\/jpeg\" \/>\n<meta name=\"twitter:card\" content=\"summary_large_image\" \/>\n<script type=\"application\/ld+json\" class=\"yoast-schema-graph\">{\"@context\":\"https:\\\/\\\/schema.org\",\"@graph\":[{\"@type\":\"WebPage\",\"@id\":\"https:\\\/\\\/octobris.es\\\/de\\\/producto\\\/olivenoel-extra-vergine-gruen-bio-500ml\\\/\",\"url\":\"https:\\\/\\\/octobris.es\\\/de\\\/producto\\\/olivenoel-extra-vergine-gruen-bio-500ml\\\/\",\"name\":\"Oliven\u00f6l extra vergine Gr\u00fcn Bio 500ml. - Octobris\",\"isPartOf\":{\"@id\":\"https:\\\/\\\/octobris.es\\\/#website\"},\"primaryImageOfPage\":{\"@id\":\"https:\\\/\\\/octobris.es\\\/de\\\/producto\\\/olivenoel-extra-vergine-gruen-bio-500ml\\\/#primaryimage\"},\"image\":{\"@id\":\"https:\\\/\\\/octobris.es\\\/de\\\/producto\\\/olivenoel-extra-vergine-gruen-bio-500ml\\\/#primaryimage\"},\"thumbnailUrl\":\"https:\\\/\\\/octobris.es\\\/wp-content\\\/uploads\\\/2020\\\/05\\\/aceite-oliva-virgen-verde-bio-500ml.jpg\",\"datePublished\":\"2020-05-15T21:00:39+00:00\",\"dateModified\":\"2021-03-29T07:42:44+00:00\",\"description\":\"Compra online Aceite de Alicante. Aceite de Oliva de categor\u00eda superior obtenido directamente de aceitunas Picual ecol\u00f3gicas recogidas en el mes de OCTUBRE\",\"breadcrumb\":{\"@id\":\"https:\\\/\\\/octobris.es\\\/de\\\/producto\\\/olivenoel-extra-vergine-gruen-bio-500ml\\\/#breadcrumb\"},\"inLanguage\":\"de\",\"potentialAction\":[{\"@type\":\"ReadAction\",\"target\":[\"https:\\\/\\\/octobris.es\\\/de\\\/producto\\\/olivenoel-extra-vergine-gruen-bio-500ml\\\/\"]}]},{\"@type\":\"ImageObject\",\"inLanguage\":\"de\",\"@id\":\"https:\\\/\\\/octobris.es\\\/de\\\/producto\\\/olivenoel-extra-vergine-gruen-bio-500ml\\\/#primaryimage\",\"url\":\"https:\\\/\\\/octobris.es\\\/wp-content\\\/uploads\\\/2020\\\/05\\\/aceite-oliva-virgen-verde-bio-500ml.jpg\",\"contentUrl\":\"https:\\\/\\\/octobris.es\\\/wp-content\\\/uploads\\\/2020\\\/05\\\/aceite-oliva-virgen-verde-bio-500ml.jpg\",\"width\":800,\"height\":800},{\"@type\":\"BreadcrumbList\",\"@id\":\"https:\\\/\\\/octobris.es\\\/de\\\/producto\\\/olivenoel-extra-vergine-gruen-bio-500ml\\\/#breadcrumb\",\"itemListElement\":[{\"@type\":\"ListItem\",\"position\":1,\"name\":\"Portada\",\"item\":\"https:\\\/\\\/octobris.es\\\/de\\\/\"},{\"@type\":\"ListItem\",\"position\":2,\"name\":\"Gesch\u00e4ft\",\"item\":\"https:\\\/\\\/octobris.es\\\/de\\\/geschaeft\\\/\"},{\"@type\":\"ListItem\",\"position\":3,\"name\":\"Oliven\u00f6l extra vergine Gr\u00fcn Bio 500ml.\"}]},{\"@type\":\"WebSite\",\"@id\":\"https:\\\/\\\/octobris.es\\\/#website\",\"url\":\"https:\\\/\\\/octobris.es\\\/\",\"name\":\"Octobris\",\"description\":\"Aceite de Oliva Virgen Extra Premium\",\"publisher\":{\"@id\":\"https:\\\/\\\/octobris.es\\\/#organization\"},\"potentialAction\":[{\"@type\":\"SearchAction\",\"target\":{\"@type\":\"EntryPoint\",\"urlTemplate\":\"https:\\\/\\\/octobris.es\\\/?s={search_term_string}\"},\"query-input\":{\"@type\":\"PropertyValueSpecification\",\"valueRequired\":true,\"valueName\":\"search_term_string\"}}],\"inLanguage\":\"de\"},{\"@type\":\"Organization\",\"@id\":\"https:\\\/\\\/octobris.es\\\/#organization\",\"name\":\"ACEITES MONTA\u00d1A, S.L.\",\"url\":\"https:\\\/\\\/octobris.es\\\/\",\"logo\":{\"@type\":\"ImageObject\",\"inLanguage\":\"de\",\"@id\":\"https:\\\/\\\/octobris.es\\\/#\\\/schema\\\/logo\\\/image\\\/\",\"url\":\"https:\\\/\\\/octobris.es\\\/wp-content\\\/uploads\\\/2020\\\/04\\\/cropped-logo-octobris-1.png\",\"contentUrl\":\"https:\\\/\\\/octobris.es\\\/wp-content\\\/uploads\\\/2020\\\/04\\\/cropped-logo-octobris-1.png\",\"width\":198,\"height\":250,\"caption\":\"ACEITES MONTA\u00d1A, S.L.\"},\"image\":{\"@id\":\"https:\\\/\\\/octobris.es\\\/#\\\/schema\\\/logo\\\/image\\\/\"},\"sameAs\":[\"https:\\\/\\\/www.facebook.com\\\/AceiteOctobris\\\/\",\"https:\\\/\\\/www.instagram.com\\\/aceiteoctobris\\\/\",\"https:\\\/\\\/www.youtube.com\\\/channel\\\/UCwyOuF_TcMFvtjEAkfdHZRA\",\"https:\\\/\\\/www.linkedin.com\\\/company\\\/aceite-octobris\"]}]}<\/script>\n<!-- \/ Yoast SEO plugin. -->","yoast_head_json":{"title":"Oliven\u00f6l extra vergine Gr\u00fcn Bio 500ml. - Octobris","description":"Compra online Aceite de Alicante. Aceite de Oliva de categor\u00eda superior obtenido directamente de aceitunas Picual ecol\u00f3gicas recogidas en el mes de OCTUBRE","robots":{"index":"index","follow":"follow","max-snippet":"max-snippet:-1","max-image-preview":"max-image-preview:large","max-video-preview":"max-video-preview:-1"},"canonical":"https:\/\/octobris.es\/de\/producto\/olivenoel-extra-vergine-gruen-bio-500ml\/","og_locale":"de_DE","og_type":"article","og_title":"Oliven\u00f6l extra vergine Gr\u00fcn Bio 500ml. - Octobris","og_description":"Compra online Aceite de Alicante. Aceite de Oliva de categor\u00eda superior obtenido directamente de aceitunas Picual ecol\u00f3gicas recogidas en el mes de OCTUBRE","og_url":"https:\/\/octobris.es\/de\/producto\/olivenoel-extra-vergine-gruen-bio-500ml\/","og_site_name":"Octobris","article_publisher":"https:\/\/www.facebook.com\/AceiteOctobris\/","article_modified_time":"2021-03-29T07:42:44+00:00","og_image":[{"width":800,"height":800,"url":"https:\/\/octobris.es\/wp-content\/uploads\/2020\/05\/aceite-oliva-virgen-verde-bio-500ml.jpg","type":"image\/jpeg"}],"twitter_card":"summary_large_image","schema":{"@context":"https:\/\/schema.org","@graph":[{"@type":"WebPage","@id":"https:\/\/octobris.es\/de\/producto\/olivenoel-extra-vergine-gruen-bio-500ml\/","url":"https:\/\/octobris.es\/de\/producto\/olivenoel-extra-vergine-gruen-bio-500ml\/","name":"Oliven\u00f6l extra vergine Gr\u00fcn Bio 500ml. - Octobris","isPartOf":{"@id":"https:\/\/octobris.es\/#website"},"primaryImageOfPage":{"@id":"https:\/\/octobris.es\/de\/producto\/olivenoel-extra-vergine-gruen-bio-500ml\/#primaryimage"},"image":{"@id":"https:\/\/octobris.es\/de\/producto\/olivenoel-extra-vergine-gruen-bio-500ml\/#primaryimage"},"thumbnailUrl":"https:\/\/octobris.es\/wp-content\/uploads\/2020\/05\/aceite-oliva-virgen-verde-bio-500ml.jpg","datePublished":"2020-05-15T21:00:39+00:00","dateModified":"2021-03-29T07:42:44+00:00","description":"Compra online Aceite de Alicante. Aceite de Oliva de categor\u00eda superior obtenido directamente de aceitunas Picual ecol\u00f3gicas recogidas en el mes de OCTUBRE","breadcrumb":{"@id":"https:\/\/octobris.es\/de\/producto\/olivenoel-extra-vergine-gruen-bio-500ml\/#breadcrumb"},"inLanguage":"de","potentialAction":[{"@type":"ReadAction","target":["https:\/\/octobris.es\/de\/producto\/olivenoel-extra-vergine-gruen-bio-500ml\/"]}]},{"@type":"ImageObject","inLanguage":"de","@id":"https:\/\/octobris.es\/de\/producto\/olivenoel-extra-vergine-gruen-bio-500ml\/#primaryimage","url":"https:\/\/octobris.es\/wp-content\/uploads\/2020\/05\/aceite-oliva-virgen-verde-bio-500ml.jpg","contentUrl":"https:\/\/octobris.es\/wp-content\/uploads\/2020\/05\/aceite-oliva-virgen-verde-bio-500ml.jpg","width":800,"height":800},{"@type":"BreadcrumbList","@id":"https:\/\/octobris.es\/de\/producto\/olivenoel-extra-vergine-gruen-bio-500ml\/#breadcrumb","itemListElement":[{"@type":"ListItem","position":1,"name":"Portada","item":"https:\/\/octobris.es\/de\/"},{"@type":"ListItem","position":2,"name":"Gesch\u00e4ft","item":"https:\/\/octobris.es\/de\/geschaeft\/"},{"@type":"ListItem","position":3,"name":"Oliven\u00f6l extra vergine Gr\u00fcn Bio 500ml."}]},{"@type":"WebSite","@id":"https:\/\/octobris.es\/#website","url":"https:\/\/octobris.es\/","name":"Octobris","description":"Aceite de Oliva Virgen Extra Premium","publisher":{"@id":"https:\/\/octobris.es\/#organization"},"potentialAction":[{"@type":"SearchAction","target":{"@type":"EntryPoint","urlTemplate":"https:\/\/octobris.es\/?s={search_term_string}"},"query-input":{"@type":"PropertyValueSpecification","valueRequired":true,"valueName":"search_term_string"}}],"inLanguage":"de"},{"@type":"Organization","@id":"https:\/\/octobris.es\/#organization","name":"ACEITES MONTA\u00d1A, S.L.","url":"https:\/\/octobris.es\/","logo":{"@type":"ImageObject","inLanguage":"de","@id":"https:\/\/octobris.es\/#\/schema\/logo\/image\/","url":"https:\/\/octobris.es\/wp-content\/uploads\/2020\/04\/cropped-logo-octobris-1.png","contentUrl":"https:\/\/octobris.es\/wp-content\/uploads\/2020\/04\/cropped-logo-octobris-1.png","width":198,"height":250,"caption":"ACEITES MONTA\u00d1A, S.L."},"image":{"@id":"https:\/\/octobris.es\/#\/schema\/logo\/image\/"},"sameAs":["https:\/\/www.facebook.com\/AceiteOctobris\/","https:\/\/www.instagram.com\/aceiteoctobris\/","https:\/\/www.youtube.com\/channel\/UCwyOuF_TcMFvtjEAkfdHZRA","https:\/\/www.linkedin.com\/company\/aceite-octobris"]}]}},"_links":{"self":[{"href":"https:\/\/octobris.es\/de\/wp-json\/wp\/v2\/product\/9585","targetHints":{"allow":["GET"]}}],"collection":[{"href":"https:\/\/octobris.es\/de\/wp-json\/wp\/v2\/product"}],"about":[{"href":"https:\/\/octobris.es\/de\/wp-json\/wp\/v2\/types\/product"}],"wp:featuredmedia":[{"embeddable":true,"href":"https:\/\/octobris.es\/de\/wp-json\/wp\/v2\/media\/9586"}],"wp:attachment":[{"href":"https:\/\/octobris.es\/de\/wp-json\/wp\/v2\/media?parent=9585"}],"wp:term":[{"taxonomy":"product_brand","embeddable":true,"href":"https:\/\/octobris.es\/de\/wp-json\/wp\/v2\/product_brand?post=9585"},{"taxonomy":"product_cat","embeddable":true,"href":"https:\/\/octobris.es\/de\/wp-json\/wp\/v2\/product_cat?post=9585"},{"taxonomy":"product_tag","embeddable":true,"href":"https:\/\/octobris.es\/de\/wp-json\/wp\/v2\/product_tag?post=9585"}],"curies":[{"name":"wp","href":"https:\/\/api.w.org\/{rel}","templated":true}]}}