{"id":9605,"date":"2020-05-15T20:50:53","date_gmt":"2020-05-15T18:50:53","guid":{"rendered":"https:\/\/octobris.es\/producto\/ripe-organic-extra-virgin-olive-oil-3l\/"},"modified":"2021-03-29T09:52:41","modified_gmt":"2021-03-29T07:52:41","slug":"olivenoel-extra-vergine-reif-bio-3l","status":"publish","type":"product","link":"https:\/\/octobris.es\/de\/producto\/olivenoel-extra-vergine-reif-bio-3l\/","title":{"rendered":"Oliven\u00f6l Extra Vergine Reif Bio 3L"},"content":{"rendered":"<div class=\"wpb-content-wrapper\"><p>[vc_row][vc_column][vc_column_text]Aromatisch und s\u00fc\u00df; es schmeckt und riecht nach reifen Fr\u00fcchten, Bananen- oder Apfelkompott und Babyfruchtbrei.[\/vc_column_text][\/vc_column][\/vc_row]<\/p>\n<\/div>","protected":false},"excerpt":{"rendered":"<p>Oliven\u00f6l OCTOBRIS BIO Maduro 3L im 3-Liter-Format ist ein Bio-\u00d6l, das direkt aus reifen Oliven gewonnen wird, die Ende November und Anfang Dezember geerntet werden, und nur durch mechanische Verfahren gewonnen wird. Das K\u00e4lteextraktionssystem (mechanisches Verfahren zur Produktion des \u00d6ls) unterliegt strengen internen und externen (durch die CAECV) Qualit\u00e4tskontrollen und erm\u00f6glicht die Gewinnung eines einzigartigen Premium-Bio-\u00d6ls. Sorte: Grosal.<br \/>\n<img decoding=\"async\" class=\"alignnone wp-image-10199 size-full\" src=\"https:\/\/octobris.es\/wp-content\/uploads\/2020\/05\/logos-eco.jpg\" alt=\"\" width=\"400\" height=\"150\" srcset=\"https:\/\/octobris.es\/wp-content\/uploads\/2020\/05\/logos-eco.jpg 400w, https:\/\/octobris.es\/wp-content\/uploads\/2020\/05\/logos-eco-300x113.jpg 300w\" sizes=\"(max-width: 400px) 100vw, 400px\" \/><\/p>\n","protected":false},"featured_media":9606,"template":"","meta":[],"product_brand":[],"product_cat":[213,217],"product_tag":[219],"class_list":{"0":"post-9605","1":"product","2":"type-product","3":"status-publish","4":"has-post-thumbnail","6":"product_cat-ecologico-de","7":"product_cat-maduro-ecologico-de","8":"product_tag-3-litros-de","10":"first","11":"onbackorder","12":"purchasable","13":"product-type-simple"},"yoast_head":"<!-- This site is optimized with the Yoast SEO plugin v27.3 - https:\/\/yoast.com\/product\/yoast-seo-wordpress\/ -->\n<title>Oliven\u00f6l Extra Vergine Reif Bio 3L - Octobris<\/title>\n<meta name=\"description\" content=\"Compra online AOVE OCTOBRIS Maduro Bio. Aceite ecol\u00f3gico obtenido directamente de aceitunas maduras. Cosecha propia Familia Muntanya. Variedad Grosal.\" \/>\n<meta name=\"robots\" content=\"index, follow, max-snippet:-1, max-image-preview:large, max-video-preview:-1\" \/>\n<link rel=\"canonical\" href=\"https:\/\/octobris.es\/de\/producto\/olivenoel-extra-vergine-reif-bio-3l\/\" \/>\n<meta property=\"og:locale\" content=\"de_DE\" \/>\n<meta property=\"og:type\" content=\"article\" \/>\n<meta property=\"og:title\" content=\"Oliven\u00f6l Extra Vergine Reif Bio 3L - Octobris\" \/>\n<meta property=\"og:description\" content=\"Compra online AOVE OCTOBRIS Maduro Bio. Aceite ecol\u00f3gico obtenido directamente de aceitunas maduras. Cosecha propia Familia Muntanya. Variedad Grosal.\" \/>\n<meta property=\"og:url\" content=\"https:\/\/octobris.es\/de\/producto\/olivenoel-extra-vergine-reif-bio-3l\/\" \/>\n<meta property=\"og:site_name\" content=\"Octobris\" \/>\n<meta property=\"article:publisher\" content=\"https:\/\/www.facebook.com\/AceiteOctobris\/\" \/>\n<meta property=\"article:modified_time\" content=\"2021-03-29T07:52:41+00:00\" \/>\n<meta property=\"og:image\" content=\"https:\/\/octobris.es\/wp-content\/uploads\/2020\/05\/aceite-oliva-virgen-maduro-bio-3l.jpg\" \/>\n\t<meta property=\"og:image:width\" content=\"800\" \/>\n\t<meta property=\"og:image:height\" content=\"800\" \/>\n\t<meta property=\"og:image:type\" content=\"image\/jpeg\" \/>\n<meta name=\"twitter:card\" content=\"summary_large_image\" \/>\n<script type=\"application\/ld+json\" class=\"yoast-schema-graph\">{\"@context\":\"https:\\\/\\\/schema.org\",\"@graph\":[{\"@type\":\"WebPage\",\"@id\":\"https:\\\/\\\/octobris.es\\\/de\\\/producto\\\/olivenoel-extra-vergine-reif-bio-3l\\\/\",\"url\":\"https:\\\/\\\/octobris.es\\\/de\\\/producto\\\/olivenoel-extra-vergine-reif-bio-3l\\\/\",\"name\":\"Oliven\u00f6l Extra Vergine Reif Bio 3L - Octobris\",\"isPartOf\":{\"@id\":\"https:\\\/\\\/octobris.es\\\/#website\"},\"primaryImageOfPage\":{\"@id\":\"https:\\\/\\\/octobris.es\\\/de\\\/producto\\\/olivenoel-extra-vergine-reif-bio-3l\\\/#primaryimage\"},\"image\":{\"@id\":\"https:\\\/\\\/octobris.es\\\/de\\\/producto\\\/olivenoel-extra-vergine-reif-bio-3l\\\/#primaryimage\"},\"thumbnailUrl\":\"https:\\\/\\\/octobris.es\\\/wp-content\\\/uploads\\\/2020\\\/05\\\/aceite-oliva-virgen-maduro-bio-3l.jpg\",\"datePublished\":\"2020-05-15T18:50:53+00:00\",\"dateModified\":\"2021-03-29T07:52:41+00:00\",\"description\":\"Compra online AOVE OCTOBRIS Maduro Bio. Aceite ecol\u00f3gico obtenido directamente de aceitunas maduras. Cosecha propia Familia Muntanya. Variedad Grosal.\",\"breadcrumb\":{\"@id\":\"https:\\\/\\\/octobris.es\\\/de\\\/producto\\\/olivenoel-extra-vergine-reif-bio-3l\\\/#breadcrumb\"},\"inLanguage\":\"de\",\"potentialAction\":[{\"@type\":\"ReadAction\",\"target\":[\"https:\\\/\\\/octobris.es\\\/de\\\/producto\\\/olivenoel-extra-vergine-reif-bio-3l\\\/\"]}]},{\"@type\":\"ImageObject\",\"inLanguage\":\"de\",\"@id\":\"https:\\\/\\\/octobris.es\\\/de\\\/producto\\\/olivenoel-extra-vergine-reif-bio-3l\\\/#primaryimage\",\"url\":\"https:\\\/\\\/octobris.es\\\/wp-content\\\/uploads\\\/2020\\\/05\\\/aceite-oliva-virgen-maduro-bio-3l.jpg\",\"contentUrl\":\"https:\\\/\\\/octobris.es\\\/wp-content\\\/uploads\\\/2020\\\/05\\\/aceite-oliva-virgen-maduro-bio-3l.jpg\",\"width\":800,\"height\":800},{\"@type\":\"BreadcrumbList\",\"@id\":\"https:\\\/\\\/octobris.es\\\/de\\\/producto\\\/olivenoel-extra-vergine-reif-bio-3l\\\/#breadcrumb\",\"itemListElement\":[{\"@type\":\"ListItem\",\"position\":1,\"name\":\"Portada\",\"item\":\"https:\\\/\\\/octobris.es\\\/de\\\/\"},{\"@type\":\"ListItem\",\"position\":2,\"name\":\"Gesch\u00e4ft\",\"item\":\"https:\\\/\\\/octobris.es\\\/de\\\/geschaeft\\\/\"},{\"@type\":\"ListItem\",\"position\":3,\"name\":\"Oliven\u00f6l Extra Vergine Reif Bio 3L\"}]},{\"@type\":\"WebSite\",\"@id\":\"https:\\\/\\\/octobris.es\\\/#website\",\"url\":\"https:\\\/\\\/octobris.es\\\/\",\"name\":\"Octobris\",\"description\":\"Aceite de Oliva Virgen Extra Premium\",\"publisher\":{\"@id\":\"https:\\\/\\\/octobris.es\\\/#organization\"},\"potentialAction\":[{\"@type\":\"SearchAction\",\"target\":{\"@type\":\"EntryPoint\",\"urlTemplate\":\"https:\\\/\\\/octobris.es\\\/?s={search_term_string}\"},\"query-input\":{\"@type\":\"PropertyValueSpecification\",\"valueRequired\":true,\"valueName\":\"search_term_string\"}}],\"inLanguage\":\"de\"},{\"@type\":\"Organization\",\"@id\":\"https:\\\/\\\/octobris.es\\\/#organization\",\"name\":\"ACEITES MONTA\u00d1A, S.L.\",\"url\":\"https:\\\/\\\/octobris.es\\\/\",\"logo\":{\"@type\":\"ImageObject\",\"inLanguage\":\"de\",\"@id\":\"https:\\\/\\\/octobris.es\\\/#\\\/schema\\\/logo\\\/image\\\/\",\"url\":\"https:\\\/\\\/octobris.es\\\/wp-content\\\/uploads\\\/2020\\\/04\\\/cropped-logo-octobris-1.png\",\"contentUrl\":\"https:\\\/\\\/octobris.es\\\/wp-content\\\/uploads\\\/2020\\\/04\\\/cropped-logo-octobris-1.png\",\"width\":198,\"height\":250,\"caption\":\"ACEITES MONTA\u00d1A, S.L.\"},\"image\":{\"@id\":\"https:\\\/\\\/octobris.es\\\/#\\\/schema\\\/logo\\\/image\\\/\"},\"sameAs\":[\"https:\\\/\\\/www.facebook.com\\\/AceiteOctobris\\\/\",\"https:\\\/\\\/www.instagram.com\\\/aceiteoctobris\\\/\",\"https:\\\/\\\/www.youtube.com\\\/channel\\\/UCwyOuF_TcMFvtjEAkfdHZRA\",\"https:\\\/\\\/www.linkedin.com\\\/company\\\/aceite-octobris\"]}]}<\/script>\n<!-- \/ Yoast SEO plugin. -->","yoast_head_json":{"title":"Oliven\u00f6l Extra Vergine Reif Bio 3L - Octobris","description":"Compra online AOVE OCTOBRIS Maduro Bio. Aceite ecol\u00f3gico obtenido directamente de aceitunas maduras. Cosecha propia Familia Muntanya. Variedad Grosal.","robots":{"index":"index","follow":"follow","max-snippet":"max-snippet:-1","max-image-preview":"max-image-preview:large","max-video-preview":"max-video-preview:-1"},"canonical":"https:\/\/octobris.es\/de\/producto\/olivenoel-extra-vergine-reif-bio-3l\/","og_locale":"de_DE","og_type":"article","og_title":"Oliven\u00f6l Extra Vergine Reif Bio 3L - Octobris","og_description":"Compra online AOVE OCTOBRIS Maduro Bio. Aceite ecol\u00f3gico obtenido directamente de aceitunas maduras. Cosecha propia Familia Muntanya. Variedad Grosal.","og_url":"https:\/\/octobris.es\/de\/producto\/olivenoel-extra-vergine-reif-bio-3l\/","og_site_name":"Octobris","article_publisher":"https:\/\/www.facebook.com\/AceiteOctobris\/","article_modified_time":"2021-03-29T07:52:41+00:00","og_image":[{"width":800,"height":800,"url":"https:\/\/octobris.es\/wp-content\/uploads\/2020\/05\/aceite-oliva-virgen-maduro-bio-3l.jpg","type":"image\/jpeg"}],"twitter_card":"summary_large_image","schema":{"@context":"https:\/\/schema.org","@graph":[{"@type":"WebPage","@id":"https:\/\/octobris.es\/de\/producto\/olivenoel-extra-vergine-reif-bio-3l\/","url":"https:\/\/octobris.es\/de\/producto\/olivenoel-extra-vergine-reif-bio-3l\/","name":"Oliven\u00f6l Extra Vergine Reif Bio 3L - Octobris","isPartOf":{"@id":"https:\/\/octobris.es\/#website"},"primaryImageOfPage":{"@id":"https:\/\/octobris.es\/de\/producto\/olivenoel-extra-vergine-reif-bio-3l\/#primaryimage"},"image":{"@id":"https:\/\/octobris.es\/de\/producto\/olivenoel-extra-vergine-reif-bio-3l\/#primaryimage"},"thumbnailUrl":"https:\/\/octobris.es\/wp-content\/uploads\/2020\/05\/aceite-oliva-virgen-maduro-bio-3l.jpg","datePublished":"2020-05-15T18:50:53+00:00","dateModified":"2021-03-29T07:52:41+00:00","description":"Compra online AOVE OCTOBRIS Maduro Bio. Aceite ecol\u00f3gico obtenido directamente de aceitunas maduras. Cosecha propia Familia Muntanya. Variedad Grosal.","breadcrumb":{"@id":"https:\/\/octobris.es\/de\/producto\/olivenoel-extra-vergine-reif-bio-3l\/#breadcrumb"},"inLanguage":"de","potentialAction":[{"@type":"ReadAction","target":["https:\/\/octobris.es\/de\/producto\/olivenoel-extra-vergine-reif-bio-3l\/"]}]},{"@type":"ImageObject","inLanguage":"de","@id":"https:\/\/octobris.es\/de\/producto\/olivenoel-extra-vergine-reif-bio-3l\/#primaryimage","url":"https:\/\/octobris.es\/wp-content\/uploads\/2020\/05\/aceite-oliva-virgen-maduro-bio-3l.jpg","contentUrl":"https:\/\/octobris.es\/wp-content\/uploads\/2020\/05\/aceite-oliva-virgen-maduro-bio-3l.jpg","width":800,"height":800},{"@type":"BreadcrumbList","@id":"https:\/\/octobris.es\/de\/producto\/olivenoel-extra-vergine-reif-bio-3l\/#breadcrumb","itemListElement":[{"@type":"ListItem","position":1,"name":"Portada","item":"https:\/\/octobris.es\/de\/"},{"@type":"ListItem","position":2,"name":"Gesch\u00e4ft","item":"https:\/\/octobris.es\/de\/geschaeft\/"},{"@type":"ListItem","position":3,"name":"Oliven\u00f6l Extra Vergine Reif Bio 3L"}]},{"@type":"WebSite","@id":"https:\/\/octobris.es\/#website","url":"https:\/\/octobris.es\/","name":"Octobris","description":"Aceite de Oliva Virgen Extra Premium","publisher":{"@id":"https:\/\/octobris.es\/#organization"},"potentialAction":[{"@type":"SearchAction","target":{"@type":"EntryPoint","urlTemplate":"https:\/\/octobris.es\/?s={search_term_string}"},"query-input":{"@type":"PropertyValueSpecification","valueRequired":true,"valueName":"search_term_string"}}],"inLanguage":"de"},{"@type":"Organization","@id":"https:\/\/octobris.es\/#organization","name":"ACEITES MONTA\u00d1A, S.L.","url":"https:\/\/octobris.es\/","logo":{"@type":"ImageObject","inLanguage":"de","@id":"https:\/\/octobris.es\/#\/schema\/logo\/image\/","url":"https:\/\/octobris.es\/wp-content\/uploads\/2020\/04\/cropped-logo-octobris-1.png","contentUrl":"https:\/\/octobris.es\/wp-content\/uploads\/2020\/04\/cropped-logo-octobris-1.png","width":198,"height":250,"caption":"ACEITES MONTA\u00d1A, S.L."},"image":{"@id":"https:\/\/octobris.es\/#\/schema\/logo\/image\/"},"sameAs":["https:\/\/www.facebook.com\/AceiteOctobris\/","https:\/\/www.instagram.com\/aceiteoctobris\/","https:\/\/www.youtube.com\/channel\/UCwyOuF_TcMFvtjEAkfdHZRA","https:\/\/www.linkedin.com\/company\/aceite-octobris"]}]}},"_links":{"self":[{"href":"https:\/\/octobris.es\/de\/wp-json\/wp\/v2\/product\/9605","targetHints":{"allow":["GET"]}}],"collection":[{"href":"https:\/\/octobris.es\/de\/wp-json\/wp\/v2\/product"}],"about":[{"href":"https:\/\/octobris.es\/de\/wp-json\/wp\/v2\/types\/product"}],"wp:featuredmedia":[{"embeddable":true,"href":"https:\/\/octobris.es\/de\/wp-json\/wp\/v2\/media\/9606"}],"wp:attachment":[{"href":"https:\/\/octobris.es\/de\/wp-json\/wp\/v2\/media?parent=9605"}],"wp:term":[{"taxonomy":"product_brand","embeddable":true,"href":"https:\/\/octobris.es\/de\/wp-json\/wp\/v2\/product_brand?post=9605"},{"taxonomy":"product_cat","embeddable":true,"href":"https:\/\/octobris.es\/de\/wp-json\/wp\/v2\/product_cat?post=9605"},{"taxonomy":"product_tag","embeddable":true,"href":"https:\/\/octobris.es\/de\/wp-json\/wp\/v2\/product_tag?post=9605"}],"curies":[{"name":"wp","href":"https:\/\/api.w.org\/{rel}","templated":true}]}}