{"id":9617,"date":"2020-05-15T20:31:39","date_gmt":"2020-05-15T18:31:39","guid":{"rendered":"https:\/\/octobris.es\/producto\/seasoning-based-on-organic-evoo-and-organic-lemons-250ml\/"},"modified":"2021-03-29T10:02:28","modified_gmt":"2021-03-29T08:02:28","slug":"gewuerze-auf-der-basis-von-evoo-octobris-and-bio-zitronen-250ml","status":"publish","type":"product","link":"https:\/\/octobris.es\/de\/producto\/gewuerze-auf-der-basis-von-evoo-octobris-and-bio-zitronen-250ml\/","title":{"rendered":"Gew\u00fcrze auf der Basis von EVOO OCTOBRIS and Bio-Zitronen 250ml."},"content":{"rendered":"","protected":false},"excerpt":{"rendered":"<p>Hier wird das OCTOBRIS Bio-Oliven\u00f6l mit Bio-Zitronen aus der Region Valencina verfeinert und im 250 ml Format pr\u00e4sentiert. Es ist ein anderes, neues und erfrischenes Produkt in der K\u00fcche. 100% nat\u00fcrlich. Sein zitroniges und fruchtiges Aroma zusammen mit seinem Geschmack erinnert sofort an frische Zitronen und verleiht Ihren Gerichten einen unschlagbaren Geschmack.<br \/>\n<img decoding=\"async\" class=\"alignnone wp-image-10214 size-full\" src=\"https:\/\/octobris.es\/wp-content\/uploads\/2020\/05\/logos-eco-limon-en-1.jpg\" alt=\"\" width=\"500\" height=\"150\" srcset=\"https:\/\/octobris.es\/wp-content\/uploads\/2020\/05\/logos-eco-limon-en-1.jpg 500w, https:\/\/octobris.es\/wp-content\/uploads\/2020\/05\/logos-eco-limon-en-1-300x90.jpg 300w\" sizes=\"(max-width: 500px) 100vw, 500px\" \/><\/p>\n","protected":false},"featured_media":9618,"template":"","meta":[],"product_brand":[],"product_cat":[220,213,222],"product_tag":[215],"class_list":{"0":"post-9617","1":"product","2":"type-product","3":"status-publish","4":"has-post-thumbnail","6":"product_cat-condimento-de","7":"product_cat-ecologico-de","8":"product_cat-limon-de","9":"product_tag-250-ml-de","11":"first","12":"instock","13":"featured","14":"purchasable","15":"product-type-simple"},"yoast_head":"<!-- This site is optimized with the Yoast SEO plugin v27.3 - https:\/\/yoast.com\/product\/yoast-seo-wordpress\/ -->\n<title>Gew\u00fcrze auf der Basis von EVOO OCTOBRIS and Bio-Zitronen 250ml. - Octobris<\/title>\n<meta name=\"robots\" content=\"index, follow, max-snippet:-1, max-image-preview:large, max-video-preview:-1\" \/>\n<link rel=\"canonical\" href=\"https:\/\/octobris.es\/de\/producto\/gewuerze-auf-der-basis-von-evoo-octobris-and-bio-zitronen-250ml\/\" \/>\n<meta property=\"og:locale\" content=\"de_DE\" \/>\n<meta property=\"og:type\" content=\"article\" \/>\n<meta property=\"og:title\" content=\"Gew\u00fcrze auf der Basis von EVOO OCTOBRIS and Bio-Zitronen 250ml. - Octobris\" \/>\n<meta property=\"og:description\" content=\"Hier wird das OCTOBRIS Bio-Oliven\u00f6l mit Bio-Zitronen aus der Region Valencina verfeinert und im 250 ml Format pr\u00e4sentiert. Es ist ein anderes, neues und erfrischenes Produkt in der K\u00fcche. 100% nat\u00fcrlich. Sein zitroniges und fruchtiges Aroma zusammen mit seinem Geschmack erinnert sofort an frische Zitronen und verleiht Ihren Gerichten einen unschlagbaren Geschmack.\" \/>\n<meta property=\"og:url\" content=\"https:\/\/octobris.es\/de\/producto\/gewuerze-auf-der-basis-von-evoo-octobris-and-bio-zitronen-250ml\/\" \/>\n<meta property=\"og:site_name\" content=\"Octobris\" \/>\n<meta property=\"article:publisher\" content=\"https:\/\/www.facebook.com\/AceiteOctobris\/\" \/>\n<meta property=\"article:modified_time\" content=\"2021-03-29T08:02:28+00:00\" \/>\n<meta property=\"og:image\" content=\"https:\/\/octobris.es\/wp-content\/uploads\/2020\/05\/aceite-oliva-virgen-limon-bio-250ml.jpg\" \/>\n\t<meta property=\"og:image:width\" content=\"800\" \/>\n\t<meta property=\"og:image:height\" content=\"800\" \/>\n\t<meta property=\"og:image:type\" content=\"image\/jpeg\" \/>\n<meta name=\"twitter:card\" content=\"summary_large_image\" \/>\n<script type=\"application\/ld+json\" class=\"yoast-schema-graph\">{\"@context\":\"https:\\\/\\\/schema.org\",\"@graph\":[{\"@type\":\"WebPage\",\"@id\":\"https:\\\/\\\/octobris.es\\\/de\\\/producto\\\/gewuerze-auf-der-basis-von-evoo-octobris-and-bio-zitronen-250ml\\\/\",\"url\":\"https:\\\/\\\/octobris.es\\\/de\\\/producto\\\/gewuerze-auf-der-basis-von-evoo-octobris-and-bio-zitronen-250ml\\\/\",\"name\":\"Gew\u00fcrze auf der Basis von EVOO OCTOBRIS and Bio-Zitronen 250ml. - Octobris\",\"isPartOf\":{\"@id\":\"https:\\\/\\\/octobris.es\\\/#website\"},\"primaryImageOfPage\":{\"@id\":\"https:\\\/\\\/octobris.es\\\/de\\\/producto\\\/gewuerze-auf-der-basis-von-evoo-octobris-and-bio-zitronen-250ml\\\/#primaryimage\"},\"image\":{\"@id\":\"https:\\\/\\\/octobris.es\\\/de\\\/producto\\\/gewuerze-auf-der-basis-von-evoo-octobris-and-bio-zitronen-250ml\\\/#primaryimage\"},\"thumbnailUrl\":\"https:\\\/\\\/octobris.es\\\/wp-content\\\/uploads\\\/2020\\\/05\\\/aceite-oliva-virgen-limon-bio-250ml.jpg\",\"datePublished\":\"2020-05-15T18:31:39+00:00\",\"dateModified\":\"2021-03-29T08:02:28+00:00\",\"breadcrumb\":{\"@id\":\"https:\\\/\\\/octobris.es\\\/de\\\/producto\\\/gewuerze-auf-der-basis-von-evoo-octobris-and-bio-zitronen-250ml\\\/#breadcrumb\"},\"inLanguage\":\"de\",\"potentialAction\":[{\"@type\":\"ReadAction\",\"target\":[\"https:\\\/\\\/octobris.es\\\/de\\\/producto\\\/gewuerze-auf-der-basis-von-evoo-octobris-and-bio-zitronen-250ml\\\/\"]}]},{\"@type\":\"ImageObject\",\"inLanguage\":\"de\",\"@id\":\"https:\\\/\\\/octobris.es\\\/de\\\/producto\\\/gewuerze-auf-der-basis-von-evoo-octobris-and-bio-zitronen-250ml\\\/#primaryimage\",\"url\":\"https:\\\/\\\/octobris.es\\\/wp-content\\\/uploads\\\/2020\\\/05\\\/aceite-oliva-virgen-limon-bio-250ml.jpg\",\"contentUrl\":\"https:\\\/\\\/octobris.es\\\/wp-content\\\/uploads\\\/2020\\\/05\\\/aceite-oliva-virgen-limon-bio-250ml.jpg\",\"width\":800,\"height\":800},{\"@type\":\"BreadcrumbList\",\"@id\":\"https:\\\/\\\/octobris.es\\\/de\\\/producto\\\/gewuerze-auf-der-basis-von-evoo-octobris-and-bio-zitronen-250ml\\\/#breadcrumb\",\"itemListElement\":[{\"@type\":\"ListItem\",\"position\":1,\"name\":\"Portada\",\"item\":\"https:\\\/\\\/octobris.es\\\/de\\\/\"},{\"@type\":\"ListItem\",\"position\":2,\"name\":\"Gesch\u00e4ft\",\"item\":\"https:\\\/\\\/octobris.es\\\/de\\\/geschaeft\\\/\"},{\"@type\":\"ListItem\",\"position\":3,\"name\":\"Gew\u00fcrze auf der Basis von EVOO OCTOBRIS and Bio-Zitronen 250ml.\"}]},{\"@type\":\"WebSite\",\"@id\":\"https:\\\/\\\/octobris.es\\\/#website\",\"url\":\"https:\\\/\\\/octobris.es\\\/\",\"name\":\"Octobris\",\"description\":\"Aceite de Oliva Virgen Extra Premium\",\"publisher\":{\"@id\":\"https:\\\/\\\/octobris.es\\\/#organization\"},\"potentialAction\":[{\"@type\":\"SearchAction\",\"target\":{\"@type\":\"EntryPoint\",\"urlTemplate\":\"https:\\\/\\\/octobris.es\\\/?s={search_term_string}\"},\"query-input\":{\"@type\":\"PropertyValueSpecification\",\"valueRequired\":true,\"valueName\":\"search_term_string\"}}],\"inLanguage\":\"de\"},{\"@type\":\"Organization\",\"@id\":\"https:\\\/\\\/octobris.es\\\/#organization\",\"name\":\"ACEITES MONTA\u00d1A, S.L.\",\"url\":\"https:\\\/\\\/octobris.es\\\/\",\"logo\":{\"@type\":\"ImageObject\",\"inLanguage\":\"de\",\"@id\":\"https:\\\/\\\/octobris.es\\\/#\\\/schema\\\/logo\\\/image\\\/\",\"url\":\"https:\\\/\\\/octobris.es\\\/wp-content\\\/uploads\\\/2020\\\/04\\\/cropped-logo-octobris-1.png\",\"contentUrl\":\"https:\\\/\\\/octobris.es\\\/wp-content\\\/uploads\\\/2020\\\/04\\\/cropped-logo-octobris-1.png\",\"width\":198,\"height\":250,\"caption\":\"ACEITES MONTA\u00d1A, S.L.\"},\"image\":{\"@id\":\"https:\\\/\\\/octobris.es\\\/#\\\/schema\\\/logo\\\/image\\\/\"},\"sameAs\":[\"https:\\\/\\\/www.facebook.com\\\/AceiteOctobris\\\/\",\"https:\\\/\\\/www.instagram.com\\\/aceiteoctobris\\\/\",\"https:\\\/\\\/www.youtube.com\\\/channel\\\/UCwyOuF_TcMFvtjEAkfdHZRA\",\"https:\\\/\\\/www.linkedin.com\\\/company\\\/aceite-octobris\"]}]}<\/script>\n<!-- \/ Yoast SEO plugin. -->","yoast_head_json":{"title":"Gew\u00fcrze auf der Basis von EVOO OCTOBRIS and Bio-Zitronen 250ml. - Octobris","robots":{"index":"index","follow":"follow","max-snippet":"max-snippet:-1","max-image-preview":"max-image-preview:large","max-video-preview":"max-video-preview:-1"},"canonical":"https:\/\/octobris.es\/de\/producto\/gewuerze-auf-der-basis-von-evoo-octobris-and-bio-zitronen-250ml\/","og_locale":"de_DE","og_type":"article","og_title":"Gew\u00fcrze auf der Basis von EVOO OCTOBRIS and Bio-Zitronen 250ml. - Octobris","og_description":"Hier wird das OCTOBRIS Bio-Oliven\u00f6l mit Bio-Zitronen aus der Region Valencina verfeinert und im 250 ml Format pr\u00e4sentiert. Es ist ein anderes, neues und erfrischenes Produkt in der K\u00fcche. 100% nat\u00fcrlich. Sein zitroniges und fruchtiges Aroma zusammen mit seinem Geschmack erinnert sofort an frische Zitronen und verleiht Ihren Gerichten einen unschlagbaren Geschmack.","og_url":"https:\/\/octobris.es\/de\/producto\/gewuerze-auf-der-basis-von-evoo-octobris-and-bio-zitronen-250ml\/","og_site_name":"Octobris","article_publisher":"https:\/\/www.facebook.com\/AceiteOctobris\/","article_modified_time":"2021-03-29T08:02:28+00:00","og_image":[{"width":800,"height":800,"url":"https:\/\/octobris.es\/wp-content\/uploads\/2020\/05\/aceite-oliva-virgen-limon-bio-250ml.jpg","type":"image\/jpeg"}],"twitter_card":"summary_large_image","schema":{"@context":"https:\/\/schema.org","@graph":[{"@type":"WebPage","@id":"https:\/\/octobris.es\/de\/producto\/gewuerze-auf-der-basis-von-evoo-octobris-and-bio-zitronen-250ml\/","url":"https:\/\/octobris.es\/de\/producto\/gewuerze-auf-der-basis-von-evoo-octobris-and-bio-zitronen-250ml\/","name":"Gew\u00fcrze auf der Basis von EVOO OCTOBRIS and Bio-Zitronen 250ml. - Octobris","isPartOf":{"@id":"https:\/\/octobris.es\/#website"},"primaryImageOfPage":{"@id":"https:\/\/octobris.es\/de\/producto\/gewuerze-auf-der-basis-von-evoo-octobris-and-bio-zitronen-250ml\/#primaryimage"},"image":{"@id":"https:\/\/octobris.es\/de\/producto\/gewuerze-auf-der-basis-von-evoo-octobris-and-bio-zitronen-250ml\/#primaryimage"},"thumbnailUrl":"https:\/\/octobris.es\/wp-content\/uploads\/2020\/05\/aceite-oliva-virgen-limon-bio-250ml.jpg","datePublished":"2020-05-15T18:31:39+00:00","dateModified":"2021-03-29T08:02:28+00:00","breadcrumb":{"@id":"https:\/\/octobris.es\/de\/producto\/gewuerze-auf-der-basis-von-evoo-octobris-and-bio-zitronen-250ml\/#breadcrumb"},"inLanguage":"de","potentialAction":[{"@type":"ReadAction","target":["https:\/\/octobris.es\/de\/producto\/gewuerze-auf-der-basis-von-evoo-octobris-and-bio-zitronen-250ml\/"]}]},{"@type":"ImageObject","inLanguage":"de","@id":"https:\/\/octobris.es\/de\/producto\/gewuerze-auf-der-basis-von-evoo-octobris-and-bio-zitronen-250ml\/#primaryimage","url":"https:\/\/octobris.es\/wp-content\/uploads\/2020\/05\/aceite-oliva-virgen-limon-bio-250ml.jpg","contentUrl":"https:\/\/octobris.es\/wp-content\/uploads\/2020\/05\/aceite-oliva-virgen-limon-bio-250ml.jpg","width":800,"height":800},{"@type":"BreadcrumbList","@id":"https:\/\/octobris.es\/de\/producto\/gewuerze-auf-der-basis-von-evoo-octobris-and-bio-zitronen-250ml\/#breadcrumb","itemListElement":[{"@type":"ListItem","position":1,"name":"Portada","item":"https:\/\/octobris.es\/de\/"},{"@type":"ListItem","position":2,"name":"Gesch\u00e4ft","item":"https:\/\/octobris.es\/de\/geschaeft\/"},{"@type":"ListItem","position":3,"name":"Gew\u00fcrze auf der Basis von EVOO OCTOBRIS and Bio-Zitronen 250ml."}]},{"@type":"WebSite","@id":"https:\/\/octobris.es\/#website","url":"https:\/\/octobris.es\/","name":"Octobris","description":"Aceite de Oliva Virgen Extra Premium","publisher":{"@id":"https:\/\/octobris.es\/#organization"},"potentialAction":[{"@type":"SearchAction","target":{"@type":"EntryPoint","urlTemplate":"https:\/\/octobris.es\/?s={search_term_string}"},"query-input":{"@type":"PropertyValueSpecification","valueRequired":true,"valueName":"search_term_string"}}],"inLanguage":"de"},{"@type":"Organization","@id":"https:\/\/octobris.es\/#organization","name":"ACEITES MONTA\u00d1A, S.L.","url":"https:\/\/octobris.es\/","logo":{"@type":"ImageObject","inLanguage":"de","@id":"https:\/\/octobris.es\/#\/schema\/logo\/image\/","url":"https:\/\/octobris.es\/wp-content\/uploads\/2020\/04\/cropped-logo-octobris-1.png","contentUrl":"https:\/\/octobris.es\/wp-content\/uploads\/2020\/04\/cropped-logo-octobris-1.png","width":198,"height":250,"caption":"ACEITES MONTA\u00d1A, S.L."},"image":{"@id":"https:\/\/octobris.es\/#\/schema\/logo\/image\/"},"sameAs":["https:\/\/www.facebook.com\/AceiteOctobris\/","https:\/\/www.instagram.com\/aceiteoctobris\/","https:\/\/www.youtube.com\/channel\/UCwyOuF_TcMFvtjEAkfdHZRA","https:\/\/www.linkedin.com\/company\/aceite-octobris"]}]}},"_links":{"self":[{"href":"https:\/\/octobris.es\/de\/wp-json\/wp\/v2\/product\/9617","targetHints":{"allow":["GET"]}}],"collection":[{"href":"https:\/\/octobris.es\/de\/wp-json\/wp\/v2\/product"}],"about":[{"href":"https:\/\/octobris.es\/de\/wp-json\/wp\/v2\/types\/product"}],"wp:featuredmedia":[{"embeddable":true,"href":"https:\/\/octobris.es\/de\/wp-json\/wp\/v2\/media\/9618"}],"wp:attachment":[{"href":"https:\/\/octobris.es\/de\/wp-json\/wp\/v2\/media?parent=9617"}],"wp:term":[{"taxonomy":"product_brand","embeddable":true,"href":"https:\/\/octobris.es\/de\/wp-json\/wp\/v2\/product_brand?post=9617"},{"taxonomy":"product_cat","embeddable":true,"href":"https:\/\/octobris.es\/de\/wp-json\/wp\/v2\/product_cat?post=9617"},{"taxonomy":"product_tag","embeddable":true,"href":"https:\/\/octobris.es\/de\/wp-json\/wp\/v2\/product_tag?post=9617"}],"curies":[{"name":"wp","href":"https:\/\/api.w.org\/{rel}","templated":true}]}}