{"id":9662,"date":"2020-05-15T18:00:39","date_gmt":"2020-05-15T18:00:39","guid":{"rendered":"https:\/\/octobris.es\/producto\/estuche-4-botellas-ecologio-250ml-condimentos-y-verde-bio\/"},"modified":"2021-03-29T10:09:01","modified_gmt":"2021-03-29T08:09:01","slug":"geschenk-box-mit-4x250ml-flaschen-gewuerze-und-gruene-bio","status":"publish","type":"product","link":"https:\/\/octobris.es\/de\/producto\/geschenk-box-mit-4x250ml-flaschen-gewuerze-und-gruene-bio\/","title":{"rendered":"(Geschenk-)Box mit 4x250ml Flaschen: Gew\u00fcrze und Gr\u00fcne Bio"},"content":{"rendered":"","protected":false},"excerpt":{"rendered":"<p>Diese Box enth\u00e4lt alle \u00d6le, die ein K\u00fcchenliebhaber zum Kochen braucht. Unsere Octobris Bio Gew\u00fcrz\u00f6le und Bio Verde sind ideal, um jedes Gericht auf pers\u00f6nliche und kreative Weise zu verfeinern.<br \/>\n<img decoding=\"async\" class=\"alignnone wp-image-10199 size-full\" src=\"https:\/\/octobris.es\/wp-content\/uploads\/2020\/05\/logos-eco.jpg\" alt=\"\" width=\"400\" height=\"150\" srcset=\"https:\/\/octobris.es\/wp-content\/uploads\/2020\/05\/logos-eco.jpg 400w, https:\/\/octobris.es\/wp-content\/uploads\/2020\/05\/logos-eco-300x113.jpg 300w\" sizes=\"(max-width: 400px) 100vw, 400px\" \/><\/p>\n","protected":false},"featured_media":9663,"template":"","meta":[],"product_brand":[],"product_cat":[213,228],"product_tag":[229],"class_list":{"0":"post-9662","1":"product","2":"type-product","3":"status-publish","4":"has-post-thumbnail","6":"product_cat-ecologico-de","7":"product_cat-estuche-de","8":"product_tag-estuche-de","10":"first","11":"instock","12":"featured","13":"taxable","14":"shipping-taxable","15":"purchasable","16":"product-type-simple"},"yoast_head":"<!-- This site is optimized with the Yoast SEO plugin v27.3 - https:\/\/yoast.com\/product\/yoast-seo-wordpress\/ -->\n<title>(Geschenk-)Box mit 4x250ml Flaschen: Gew\u00fcrze und Gr\u00fcne Bio - Octobris<\/title>\n<meta name=\"description\" content=\"Disfruta con este estuche de 4 de nuestros Aceites de Oliva Virgen Extra OCTOBRIS en formato de 250 ml. Aceite de oliva ecol\u00f3gico. Cosecha propia.\" \/>\n<meta name=\"robots\" content=\"index, follow, max-snippet:-1, max-image-preview:large, max-video-preview:-1\" \/>\n<link rel=\"canonical\" href=\"https:\/\/octobris.es\/de\/producto\/geschenk-box-mit-4x250ml-flaschen-gewuerze-und-gruene-bio\/\" \/>\n<meta property=\"og:locale\" content=\"de_DE\" \/>\n<meta property=\"og:type\" content=\"article\" \/>\n<meta property=\"og:title\" content=\"(Geschenk-)Box mit 4x250ml Flaschen: Gew\u00fcrze und Gr\u00fcne Bio - Octobris\" \/>\n<meta property=\"og:description\" content=\"Disfruta con este estuche de 4 de nuestros Aceites de Oliva Virgen Extra OCTOBRIS en formato de 250 ml. Aceite de oliva ecol\u00f3gico. Cosecha propia.\" \/>\n<meta property=\"og:url\" content=\"https:\/\/octobris.es\/de\/producto\/geschenk-box-mit-4x250ml-flaschen-gewuerze-und-gruene-bio\/\" \/>\n<meta property=\"og:site_name\" content=\"Octobris\" \/>\n<meta property=\"article:publisher\" content=\"https:\/\/www.facebook.com\/AceiteOctobris\/\" \/>\n<meta property=\"article:modified_time\" content=\"2021-03-29T08:09:01+00:00\" \/>\n<meta property=\"og:image\" content=\"https:\/\/octobris.es\/wp-content\/uploads\/2020\/05\/estuche-4botellas-250ml-bio.jpg\" \/>\n\t<meta property=\"og:image:width\" content=\"800\" \/>\n\t<meta property=\"og:image:height\" content=\"800\" \/>\n\t<meta property=\"og:image:type\" content=\"image\/jpeg\" \/>\n<meta name=\"twitter:card\" content=\"summary_large_image\" \/>\n<script type=\"application\/ld+json\" class=\"yoast-schema-graph\">{\"@context\":\"https:\\\/\\\/schema.org\",\"@graph\":[{\"@type\":\"WebPage\",\"@id\":\"https:\\\/\\\/octobris.es\\\/de\\\/producto\\\/geschenk-box-mit-4x250ml-flaschen-gewuerze-und-gruene-bio\\\/\",\"url\":\"https:\\\/\\\/octobris.es\\\/de\\\/producto\\\/geschenk-box-mit-4x250ml-flaschen-gewuerze-und-gruene-bio\\\/\",\"name\":\"(Geschenk-)Box mit 4x250ml Flaschen: Gew\u00fcrze und Gr\u00fcne Bio - Octobris\",\"isPartOf\":{\"@id\":\"https:\\\/\\\/octobris.es\\\/#website\"},\"primaryImageOfPage\":{\"@id\":\"https:\\\/\\\/octobris.es\\\/de\\\/producto\\\/geschenk-box-mit-4x250ml-flaschen-gewuerze-und-gruene-bio\\\/#primaryimage\"},\"image\":{\"@id\":\"https:\\\/\\\/octobris.es\\\/de\\\/producto\\\/geschenk-box-mit-4x250ml-flaschen-gewuerze-und-gruene-bio\\\/#primaryimage\"},\"thumbnailUrl\":\"https:\\\/\\\/octobris.es\\\/wp-content\\\/uploads\\\/2020\\\/05\\\/estuche-4botellas-250ml-bio.jpg\",\"datePublished\":\"2020-05-15T18:00:39+00:00\",\"dateModified\":\"2021-03-29T08:09:01+00:00\",\"description\":\"Disfruta con este estuche de 4 de nuestros Aceites de Oliva Virgen Extra OCTOBRIS en formato de 250 ml. Aceite de oliva ecol\u00f3gico. Cosecha propia.\",\"breadcrumb\":{\"@id\":\"https:\\\/\\\/octobris.es\\\/de\\\/producto\\\/geschenk-box-mit-4x250ml-flaschen-gewuerze-und-gruene-bio\\\/#breadcrumb\"},\"inLanguage\":\"de\",\"potentialAction\":[{\"@type\":\"ReadAction\",\"target\":[\"https:\\\/\\\/octobris.es\\\/de\\\/producto\\\/geschenk-box-mit-4x250ml-flaschen-gewuerze-und-gruene-bio\\\/\"]}]},{\"@type\":\"ImageObject\",\"inLanguage\":\"de\",\"@id\":\"https:\\\/\\\/octobris.es\\\/de\\\/producto\\\/geschenk-box-mit-4x250ml-flaschen-gewuerze-und-gruene-bio\\\/#primaryimage\",\"url\":\"https:\\\/\\\/octobris.es\\\/wp-content\\\/uploads\\\/2020\\\/05\\\/estuche-4botellas-250ml-bio.jpg\",\"contentUrl\":\"https:\\\/\\\/octobris.es\\\/wp-content\\\/uploads\\\/2020\\\/05\\\/estuche-4botellas-250ml-bio.jpg\",\"width\":800,\"height\":800},{\"@type\":\"BreadcrumbList\",\"@id\":\"https:\\\/\\\/octobris.es\\\/de\\\/producto\\\/geschenk-box-mit-4x250ml-flaschen-gewuerze-und-gruene-bio\\\/#breadcrumb\",\"itemListElement\":[{\"@type\":\"ListItem\",\"position\":1,\"name\":\"Portada\",\"item\":\"https:\\\/\\\/octobris.es\\\/de\\\/\"},{\"@type\":\"ListItem\",\"position\":2,\"name\":\"Gesch\u00e4ft\",\"item\":\"https:\\\/\\\/octobris.es\\\/de\\\/geschaeft\\\/\"},{\"@type\":\"ListItem\",\"position\":3,\"name\":\"(Geschenk-)Box mit 4x250ml Flaschen: Gew\u00fcrze und Gr\u00fcne Bio\"}]},{\"@type\":\"WebSite\",\"@id\":\"https:\\\/\\\/octobris.es\\\/#website\",\"url\":\"https:\\\/\\\/octobris.es\\\/\",\"name\":\"Octobris\",\"description\":\"Aceite de Oliva Virgen Extra Premium\",\"publisher\":{\"@id\":\"https:\\\/\\\/octobris.es\\\/#organization\"},\"potentialAction\":[{\"@type\":\"SearchAction\",\"target\":{\"@type\":\"EntryPoint\",\"urlTemplate\":\"https:\\\/\\\/octobris.es\\\/?s={search_term_string}\"},\"query-input\":{\"@type\":\"PropertyValueSpecification\",\"valueRequired\":true,\"valueName\":\"search_term_string\"}}],\"inLanguage\":\"de\"},{\"@type\":\"Organization\",\"@id\":\"https:\\\/\\\/octobris.es\\\/#organization\",\"name\":\"ACEITES MONTA\u00d1A, S.L.\",\"url\":\"https:\\\/\\\/octobris.es\\\/\",\"logo\":{\"@type\":\"ImageObject\",\"inLanguage\":\"de\",\"@id\":\"https:\\\/\\\/octobris.es\\\/#\\\/schema\\\/logo\\\/image\\\/\",\"url\":\"https:\\\/\\\/octobris.es\\\/wp-content\\\/uploads\\\/2020\\\/04\\\/cropped-logo-octobris-1.png\",\"contentUrl\":\"https:\\\/\\\/octobris.es\\\/wp-content\\\/uploads\\\/2020\\\/04\\\/cropped-logo-octobris-1.png\",\"width\":198,\"height\":250,\"caption\":\"ACEITES MONTA\u00d1A, S.L.\"},\"image\":{\"@id\":\"https:\\\/\\\/octobris.es\\\/#\\\/schema\\\/logo\\\/image\\\/\"},\"sameAs\":[\"https:\\\/\\\/www.facebook.com\\\/AceiteOctobris\\\/\",\"https:\\\/\\\/www.instagram.com\\\/aceiteoctobris\\\/\",\"https:\\\/\\\/www.youtube.com\\\/channel\\\/UCwyOuF_TcMFvtjEAkfdHZRA\",\"https:\\\/\\\/www.linkedin.com\\\/company\\\/aceite-octobris\"]}]}<\/script>\n<!-- \/ Yoast SEO plugin. -->","yoast_head_json":{"title":"(Geschenk-)Box mit 4x250ml Flaschen: Gew\u00fcrze und Gr\u00fcne Bio - Octobris","description":"Disfruta con este estuche de 4 de nuestros Aceites de Oliva Virgen Extra OCTOBRIS en formato de 250 ml. Aceite de oliva ecol\u00f3gico. Cosecha propia.","robots":{"index":"index","follow":"follow","max-snippet":"max-snippet:-1","max-image-preview":"max-image-preview:large","max-video-preview":"max-video-preview:-1"},"canonical":"https:\/\/octobris.es\/de\/producto\/geschenk-box-mit-4x250ml-flaschen-gewuerze-und-gruene-bio\/","og_locale":"de_DE","og_type":"article","og_title":"(Geschenk-)Box mit 4x250ml Flaschen: Gew\u00fcrze und Gr\u00fcne Bio - Octobris","og_description":"Disfruta con este estuche de 4 de nuestros Aceites de Oliva Virgen Extra OCTOBRIS en formato de 250 ml. Aceite de oliva ecol\u00f3gico. Cosecha propia.","og_url":"https:\/\/octobris.es\/de\/producto\/geschenk-box-mit-4x250ml-flaschen-gewuerze-und-gruene-bio\/","og_site_name":"Octobris","article_publisher":"https:\/\/www.facebook.com\/AceiteOctobris\/","article_modified_time":"2021-03-29T08:09:01+00:00","og_image":[{"width":800,"height":800,"url":"https:\/\/octobris.es\/wp-content\/uploads\/2020\/05\/estuche-4botellas-250ml-bio.jpg","type":"image\/jpeg"}],"twitter_card":"summary_large_image","schema":{"@context":"https:\/\/schema.org","@graph":[{"@type":"WebPage","@id":"https:\/\/octobris.es\/de\/producto\/geschenk-box-mit-4x250ml-flaschen-gewuerze-und-gruene-bio\/","url":"https:\/\/octobris.es\/de\/producto\/geschenk-box-mit-4x250ml-flaschen-gewuerze-und-gruene-bio\/","name":"(Geschenk-)Box mit 4x250ml Flaschen: Gew\u00fcrze und Gr\u00fcne Bio - Octobris","isPartOf":{"@id":"https:\/\/octobris.es\/#website"},"primaryImageOfPage":{"@id":"https:\/\/octobris.es\/de\/producto\/geschenk-box-mit-4x250ml-flaschen-gewuerze-und-gruene-bio\/#primaryimage"},"image":{"@id":"https:\/\/octobris.es\/de\/producto\/geschenk-box-mit-4x250ml-flaschen-gewuerze-und-gruene-bio\/#primaryimage"},"thumbnailUrl":"https:\/\/octobris.es\/wp-content\/uploads\/2020\/05\/estuche-4botellas-250ml-bio.jpg","datePublished":"2020-05-15T18:00:39+00:00","dateModified":"2021-03-29T08:09:01+00:00","description":"Disfruta con este estuche de 4 de nuestros Aceites de Oliva Virgen Extra OCTOBRIS en formato de 250 ml. Aceite de oliva ecol\u00f3gico. Cosecha propia.","breadcrumb":{"@id":"https:\/\/octobris.es\/de\/producto\/geschenk-box-mit-4x250ml-flaschen-gewuerze-und-gruene-bio\/#breadcrumb"},"inLanguage":"de","potentialAction":[{"@type":"ReadAction","target":["https:\/\/octobris.es\/de\/producto\/geschenk-box-mit-4x250ml-flaschen-gewuerze-und-gruene-bio\/"]}]},{"@type":"ImageObject","inLanguage":"de","@id":"https:\/\/octobris.es\/de\/producto\/geschenk-box-mit-4x250ml-flaschen-gewuerze-und-gruene-bio\/#primaryimage","url":"https:\/\/octobris.es\/wp-content\/uploads\/2020\/05\/estuche-4botellas-250ml-bio.jpg","contentUrl":"https:\/\/octobris.es\/wp-content\/uploads\/2020\/05\/estuche-4botellas-250ml-bio.jpg","width":800,"height":800},{"@type":"BreadcrumbList","@id":"https:\/\/octobris.es\/de\/producto\/geschenk-box-mit-4x250ml-flaschen-gewuerze-und-gruene-bio\/#breadcrumb","itemListElement":[{"@type":"ListItem","position":1,"name":"Portada","item":"https:\/\/octobris.es\/de\/"},{"@type":"ListItem","position":2,"name":"Gesch\u00e4ft","item":"https:\/\/octobris.es\/de\/geschaeft\/"},{"@type":"ListItem","position":3,"name":"(Geschenk-)Box mit 4x250ml Flaschen: Gew\u00fcrze und Gr\u00fcne Bio"}]},{"@type":"WebSite","@id":"https:\/\/octobris.es\/#website","url":"https:\/\/octobris.es\/","name":"Octobris","description":"Aceite de Oliva Virgen Extra Premium","publisher":{"@id":"https:\/\/octobris.es\/#organization"},"potentialAction":[{"@type":"SearchAction","target":{"@type":"EntryPoint","urlTemplate":"https:\/\/octobris.es\/?s={search_term_string}"},"query-input":{"@type":"PropertyValueSpecification","valueRequired":true,"valueName":"search_term_string"}}],"inLanguage":"de"},{"@type":"Organization","@id":"https:\/\/octobris.es\/#organization","name":"ACEITES MONTA\u00d1A, S.L.","url":"https:\/\/octobris.es\/","logo":{"@type":"ImageObject","inLanguage":"de","@id":"https:\/\/octobris.es\/#\/schema\/logo\/image\/","url":"https:\/\/octobris.es\/wp-content\/uploads\/2020\/04\/cropped-logo-octobris-1.png","contentUrl":"https:\/\/octobris.es\/wp-content\/uploads\/2020\/04\/cropped-logo-octobris-1.png","width":198,"height":250,"caption":"ACEITES MONTA\u00d1A, S.L."},"image":{"@id":"https:\/\/octobris.es\/#\/schema\/logo\/image\/"},"sameAs":["https:\/\/www.facebook.com\/AceiteOctobris\/","https:\/\/www.instagram.com\/aceiteoctobris\/","https:\/\/www.youtube.com\/channel\/UCwyOuF_TcMFvtjEAkfdHZRA","https:\/\/www.linkedin.com\/company\/aceite-octobris"]}]}},"_links":{"self":[{"href":"https:\/\/octobris.es\/de\/wp-json\/wp\/v2\/product\/9662","targetHints":{"allow":["GET"]}}],"collection":[{"href":"https:\/\/octobris.es\/de\/wp-json\/wp\/v2\/product"}],"about":[{"href":"https:\/\/octobris.es\/de\/wp-json\/wp\/v2\/types\/product"}],"wp:featuredmedia":[{"embeddable":true,"href":"https:\/\/octobris.es\/de\/wp-json\/wp\/v2\/media\/9663"}],"wp:attachment":[{"href":"https:\/\/octobris.es\/de\/wp-json\/wp\/v2\/media?parent=9662"}],"wp:term":[{"taxonomy":"product_brand","embeddable":true,"href":"https:\/\/octobris.es\/de\/wp-json\/wp\/v2\/product_brand?post=9662"},{"taxonomy":"product_cat","embeddable":true,"href":"https:\/\/octobris.es\/de\/wp-json\/wp\/v2\/product_cat?post=9662"},{"taxonomy":"product_tag","embeddable":true,"href":"https:\/\/octobris.es\/de\/wp-json\/wp\/v2\/product_tag?post=9662"}],"curies":[{"name":"wp","href":"https:\/\/api.w.org\/{rel}","templated":true}]}}